{"id":1438,"date":"2021-07-26T13:43:37","date_gmt":"2021-07-26T11:43:37","guid":{"rendered":"https:\/\/pt-creations.eu\/pt-aalsmeer\/"},"modified":"2023-06-13T09:59:13","modified_gmt":"2023-06-13T07:59:13","slug":"pt-veen","status":"publish","type":"page","link":"https:\/\/pt-creations.eu\/de\/dienste\/pt-veen\/","title":{"rendered":"PT-Veen"},"content":{"rendered":"\n\n    <img decoding=\"async\" src=\"https:\/\/pt-creations.eu\/wp-content\/uploads\/2023\/04\/cashcarry_banner-1.png\"\/>\n\t\t<h1>Cash &#038; Carry<\/h1>\n\t\t\t\t\t<a href=\"https:\/\/pt-creations.eu\/de\/dienste\/\" target=\"_self\" rel=\"noopener\">\n\t\t\t\t\t\t\t\t\t<img decoding=\"async\" src=\"\/wp-content\/themes\/bb-blank-child\/img\/arrow-left.svg\"\/>\n\t\t\t\tZur\u00fcck zur \u00dcbersicht\n\t\t\t\t\t\t\t<\/a>\n\t\t<h2>Cash &#038; Carry<\/h2>\n\t\t<p>Wussten Sie, dass PT Creations auch \u00fcber ein Cash &amp; Carry System in Veen verf\u00fcgt? In der N\u00e4he der Versteigerungshalle der Auktion finden Sie uns t\u00e4glich mit einem wechselnden und frischen Sortiment.Die Vorteile von Cash &amp; Carry bei PT Creations:<\/p><ul><li>Wechselndes Sortiment basierend auf aktuellen Trends<\/li><li>Frisches Sortiment<\/li><li>Einfach \u201epro Kiste&#8220; zu bestellen<\/li><li>Bestellung per Telefon, online und vor Ort t\u00e4tigen<\/li><li>Sofort zur Abholung verf\u00fcgbar<\/li><\/ul>\n\t\t\t\t\t<a href=\"https:\/\/pt-creations.eu\/de\/kontakt\/\" target=\"_self\" rel=\"noopener\">\n\t\t\t\tNACHRICHT VERSCHICKEN\t\t\t<\/a>\n\t<img decoding=\"async\" src=\"https:\/\/pt-creations.eu\/wp-content\/uploads\/2023\/04\/cashcarry2.png\"\/>\n\t\t<h2>UNSER ANGEBOT<\/h2>\n\t\t<p>T\u00e4glich wird unser Webshop aktualisiert, schauen Sie sich hier <strong>den Link<\/strong> und unser aktuelles Angebot an. Sie haben noch keinen Account? Dann kontaktieren Sie bitte unser B\u00fcro:0031 (0) 416 696 033.\u00a0<strong><u>ADRESSE &amp; \u00d6FFNUNGSZEITEN<\/u><\/strong><table><tbody><tr><td><strong>Montag<\/strong><\/td><td>06:00\u00a0 &#8211; 15:00<\/td><\/tr><tr><td><strong>Dienstag \u00a0<\/strong><\/td><td>06:00\u00a0 &#8211; 15:00<\/td><\/tr><tr><td><strong>Mittwoch<\/strong><\/td><td>06:00\u00a0 &#8211; 15:00<\/td><\/tr><tr><td><strong>Donnerstag<\/strong><\/td><td>06:00\u00a0 &#8211; 15:00<\/td><\/tr><tr><td><strong>Freitag<\/strong><\/td><td>06:00\u00a0 &#8211; 14:00<\/td><\/tr><\/tbody><\/table>\u00a0PT Creations Cash &amp; Carry<br \/>Verre Weide 1<br \/>4264 KM Veen\u00a0(NL)<\/p>\n\t\t\t\t\t<a href=\"https:\/\/pt-creations.eu\/de\/kontakt\/\" target=\"_self\" rel=\"noopener\">\n\t\t\t\tNACHRICHT VERSCHICKEN\t\t\t<\/a>\n\t<img decoding=\"async\" src=\"https:\/\/pt-creations.eu\/wp-content\/uploads\/2023\/04\/cashcarry.png\"\/>\n\n","protected":false},"excerpt":{"rendered":"<p>Cash &#038; Carry Zur\u00fcck zur \u00dcbersicht Cash &#038; Carry Wussten Sie, dass PT Creations auch \u00fcber ein Cash &amp; Carry System in Veen verf\u00fcgt? In der N\u00e4he der Versteigerungshalle der Auktion finden Sie uns t\u00e4glich mit einem wechselnden und frischen Sortiment.Die Vorteile von Cash &amp; Carry bei PT Creations: Wechselndes Sortiment basierend auf aktuellen Trends [&hellip;]<\/p>\n","protected":false},"author":6,"featured_media":0,"parent":1726,"menu_order":0,"comment_status":"closed","ping_status":"closed","template":"","meta":{"_acf_changed":false,"inline_featured_image":false,"footnotes":""},"class_list":["post-1438","page","type-page","status-publish","hentry"],"acf":[],"yoast_head":"<!-- This site is optimized with the Yoast SEO plugin v22.7 - https:\/\/yoast.com\/wordpress\/plugins\/seo\/ -->\n<title>PT-Veen | Cash &amp; carry | PT Creations<\/title>\n<meta name=\"description\" content=\"PT Creations beschikt over een Cash &amp; Carry systeem in Aalsmeer. U kunt ons daar dagelijks vinden met een wisselend en vers assortiment.\" \/>\n<meta name=\"robots\" content=\"index, follow, max-snippet:-1, max-image-preview:large, max-video-preview:-1\" \/>\n<link rel=\"canonical\" href=\"https:\/\/pt-creations.eu\/de\/dienste\/pt-veen\/\" \/>\n<meta property=\"og:locale\" content=\"de_DE\" \/>\n<meta property=\"og:type\" content=\"article\" \/>\n<meta property=\"og:title\" content=\"PT-Veen | Cash &amp; carry | PT Creations\" \/>\n<meta property=\"og:description\" content=\"PT Creations beschikt over een Cash &amp; Carry systeem in Aalsmeer. U kunt ons daar dagelijks vinden met een wisselend en vers assortiment.\" \/>\n<meta property=\"og:url\" content=\"https:\/\/pt-creations.eu\/de\/dienste\/pt-veen\/\" \/>\n<meta property=\"og:site_name\" content=\"PT Creations\" \/>\n<meta property=\"article:modified_time\" content=\"2023-06-13T07:59:13+00:00\" \/>\n<meta property=\"og:image\" content=\"https:\/\/pt-creations.eu\/wp-content\/uploads\/2023\/04\/cashcarry_banner-1.png\" \/>\n<meta name=\"twitter:card\" content=\"summary_large_image\" \/>\n<meta name=\"twitter:label1\" content=\"Gesch\u00e4tzte Lesezeit\" \/>\n\t<meta name=\"twitter:data1\" content=\"1\u00a0Minute\" \/>\n<script type=\"application\/ld+json\" class=\"yoast-schema-graph\">{\"@context\":\"https:\/\/schema.org\",\"@graph\":[{\"@type\":\"WebPage\",\"@id\":\"https:\/\/pt-creations.eu\/de\/dienste\/pt-veen\/\",\"url\":\"https:\/\/pt-creations.eu\/de\/dienste\/pt-veen\/\",\"name\":\"PT-Veen | Cash & carry | PT Creations\",\"isPartOf\":{\"@id\":\"https:\/\/pt-creations.eu\/de\/#website\"},\"primaryImageOfPage\":{\"@id\":\"https:\/\/pt-creations.eu\/de\/dienste\/pt-veen\/#primaryimage\"},\"image\":{\"@id\":\"https:\/\/pt-creations.eu\/de\/dienste\/pt-veen\/#primaryimage\"},\"thumbnailUrl\":\"https:\/\/pt-creations.eu\/wp-content\/uploads\/2023\/04\/cashcarry_banner-1.png\",\"datePublished\":\"2021-07-26T11:43:37+00:00\",\"dateModified\":\"2023-06-13T07:59:13+00:00\",\"description\":\"PT Creations beschikt over een Cash & Carry systeem in Aalsmeer. U kunt ons daar dagelijks vinden met een wisselend en vers assortiment.\",\"breadcrumb\":{\"@id\":\"https:\/\/pt-creations.eu\/de\/dienste\/pt-veen\/#breadcrumb\"},\"inLanguage\":\"de\",\"potentialAction\":[{\"@type\":\"ReadAction\",\"target\":[\"https:\/\/pt-creations.eu\/de\/dienste\/pt-veen\/\"]}]},{\"@type\":\"ImageObject\",\"inLanguage\":\"de\",\"@id\":\"https:\/\/pt-creations.eu\/de\/dienste\/pt-veen\/#primaryimage\",\"url\":\"https:\/\/pt-creations.eu\/wp-content\/uploads\/2023\/04\/cashcarry_banner-1.png\",\"contentUrl\":\"https:\/\/pt-creations.eu\/wp-content\/uploads\/2023\/04\/cashcarry_banner-1.png\"},{\"@type\":\"BreadcrumbList\",\"@id\":\"https:\/\/pt-creations.eu\/de\/dienste\/pt-veen\/#breadcrumb\",\"itemListElement\":[{\"@type\":\"ListItem\",\"position\":1,\"name\":\"Home\",\"item\":\"https:\/\/pt-creations.eu\/de\/\"},{\"@type\":\"ListItem\",\"position\":2,\"name\":\"DIENSTE\",\"item\":\"https:\/\/pt-creations.eu\/de\/dienste\/\"},{\"@type\":\"ListItem\",\"position\":3,\"name\":\"PT-Veen\"}]},{\"@type\":\"WebSite\",\"@id\":\"https:\/\/pt-creations.eu\/de\/#website\",\"url\":\"https:\/\/pt-creations.eu\/de\/\",\"name\":\"PT Creations\",\"description\":\"\",\"potentialAction\":[{\"@type\":\"SearchAction\",\"target\":{\"@type\":\"EntryPoint\",\"urlTemplate\":\"https:\/\/pt-creations.eu\/de\/?s={search_term_string}\"},\"query-input\":\"required name=search_term_string\"}],\"inLanguage\":\"de\"}]}<\/script>\n<!-- \/ Yoast SEO plugin. -->","yoast_head_json":{"title":"PT-Veen | Cash & carry | PT Creations","description":"PT Creations beschikt over een Cash & Carry systeem in Aalsmeer. U kunt ons daar dagelijks vinden met een wisselend en vers assortiment.","robots":{"index":"index","follow":"follow","max-snippet":"max-snippet:-1","max-image-preview":"max-image-preview:large","max-video-preview":"max-video-preview:-1"},"canonical":"https:\/\/pt-creations.eu\/de\/dienste\/pt-veen\/","og_locale":"de_DE","og_type":"article","og_title":"PT-Veen | Cash & carry | PT Creations","og_description":"PT Creations beschikt over een Cash & Carry systeem in Aalsmeer. U kunt ons daar dagelijks vinden met een wisselend en vers assortiment.","og_url":"https:\/\/pt-creations.eu\/de\/dienste\/pt-veen\/","og_site_name":"PT Creations","article_modified_time":"2023-06-13T07:59:13+00:00","og_image":[{"url":"https:\/\/pt-creations.eu\/wp-content\/uploads\/2023\/04\/cashcarry_banner-1.png"}],"twitter_card":"summary_large_image","twitter_misc":{"Gesch\u00e4tzte Lesezeit":"1\u00a0Minute"},"schema":{"@context":"https:\/\/schema.org","@graph":[{"@type":"WebPage","@id":"https:\/\/pt-creations.eu\/de\/dienste\/pt-veen\/","url":"https:\/\/pt-creations.eu\/de\/dienste\/pt-veen\/","name":"PT-Veen | Cash & carry | PT Creations","isPartOf":{"@id":"https:\/\/pt-creations.eu\/de\/#website"},"primaryImageOfPage":{"@id":"https:\/\/pt-creations.eu\/de\/dienste\/pt-veen\/#primaryimage"},"image":{"@id":"https:\/\/pt-creations.eu\/de\/dienste\/pt-veen\/#primaryimage"},"thumbnailUrl":"https:\/\/pt-creations.eu\/wp-content\/uploads\/2023\/04\/cashcarry_banner-1.png","datePublished":"2021-07-26T11:43:37+00:00","dateModified":"2023-06-13T07:59:13+00:00","description":"PT Creations beschikt over een Cash & Carry systeem in Aalsmeer. U kunt ons daar dagelijks vinden met een wisselend en vers assortiment.","breadcrumb":{"@id":"https:\/\/pt-creations.eu\/de\/dienste\/pt-veen\/#breadcrumb"},"inLanguage":"de","potentialAction":[{"@type":"ReadAction","target":["https:\/\/pt-creations.eu\/de\/dienste\/pt-veen\/"]}]},{"@type":"ImageObject","inLanguage":"de","@id":"https:\/\/pt-creations.eu\/de\/dienste\/pt-veen\/#primaryimage","url":"https:\/\/pt-creations.eu\/wp-content\/uploads\/2023\/04\/cashcarry_banner-1.png","contentUrl":"https:\/\/pt-creations.eu\/wp-content\/uploads\/2023\/04\/cashcarry_banner-1.png"},{"@type":"BreadcrumbList","@id":"https:\/\/pt-creations.eu\/de\/dienste\/pt-veen\/#breadcrumb","itemListElement":[{"@type":"ListItem","position":1,"name":"Home","item":"https:\/\/pt-creations.eu\/de\/"},{"@type":"ListItem","position":2,"name":"DIENSTE","item":"https:\/\/pt-creations.eu\/de\/dienste\/"},{"@type":"ListItem","position":3,"name":"PT-Veen"}]},{"@type":"WebSite","@id":"https:\/\/pt-creations.eu\/de\/#website","url":"https:\/\/pt-creations.eu\/de\/","name":"PT Creations","description":"","potentialAction":[{"@type":"SearchAction","target":{"@type":"EntryPoint","urlTemplate":"https:\/\/pt-creations.eu\/de\/?s={search_term_string}"},"query-input":"required name=search_term_string"}],"inLanguage":"de"}]}},"_links":{"self":[{"href":"https:\/\/pt-creations.eu\/de\/wp-json\/wp\/v2\/pages\/1438","targetHints":{"allow":["GET"]}}],"collection":[{"href":"https:\/\/pt-creations.eu\/de\/wp-json\/wp\/v2\/pages"}],"about":[{"href":"https:\/\/pt-creations.eu\/de\/wp-json\/wp\/v2\/types\/page"}],"author":[{"embeddable":true,"href":"https:\/\/pt-creations.eu\/de\/wp-json\/wp\/v2\/users\/6"}],"replies":[{"embeddable":true,"href":"https:\/\/pt-creations.eu\/de\/wp-json\/wp\/v2\/comments?post=1438"}],"version-history":[{"count":10,"href":"https:\/\/pt-creations.eu\/de\/wp-json\/wp\/v2\/pages\/1438\/revisions"}],"predecessor-version":[{"id":3174,"href":"https:\/\/pt-creations.eu\/de\/wp-json\/wp\/v2\/pages\/1438\/revisions\/3174"}],"up":[{"embeddable":true,"href":"https:\/\/pt-creations.eu\/de\/wp-json\/wp\/v2\/pages\/1726"}],"wp:attachment":[{"href":"https:\/\/pt-creations.eu\/de\/wp-json\/wp\/v2\/media?parent=1438"}],"curies":[{"name":"wp","href":"https:\/\/api.w.org\/{rel}","templated":true}]}}