{"id":1447,"date":"2021-07-27T17:16:07","date_gmt":"2021-07-27T15:16:07","guid":{"rendered":"https:\/\/pt-creations.eu\/ueber-uns\/"},"modified":"2022-11-09T15:45:45","modified_gmt":"2022-11-09T14:45:45","slug":"ueber-uns","status":"publish","type":"page","link":"https:\/\/pt-creations.eu\/de\/ueber-uns\/","title":{"rendered":"\u00dcBER UNS"},"content":{"rendered":"\n\n    <img decoding=\"async\" src=\"https:\/\/pt-creations.eu\/wp-content\/uploads\/2021\/07\/Living.jpg\"\/>\n\t\t<h1>\u00dcBER UNS<\/h1>\n\t<p>PT-Creations ist ein modernes Unternehmen, wo mit innovativen und zeitgen\u00f6ssischen Ideen immer wieder \u00fcberraschende Kollektion zusammenstellt werden. Bei uns finden Sie alles unter einem Dach. Dank unserer eigenen Importe aus verschiedenen L\u00e4ndern sind wir in der Lage, immer die neuesten Trends bei Keramik, K\u00f6rben und Glas zu kombinieren. Mit einer breiten Produktpalette beliefert PT-Creations verschiedene Vertriebskan\u00e4le, wie Gartencenter, Floristen, Exporteure, Einzelh\u00e4ndler, Gro\u00dfh\u00e4ndler und Linienfahrer.<\/p>\n<p>&nbsp;<\/p>\n<h2><strong>Gr\u00fcndung<\/strong><\/h2>\n<p>&nbsp;<\/p>\n<p>1991 gr\u00fcndete Peter Timmermans, zusammen mit seinem Sohn Mark, die Handelsg\u00e4rtnerei Peter Timmermans in Werkendam (Niederlande). Peter Timmermans verf\u00fcgte zu diesem Zeitpunkt bereits \u00fcber 22 Jahre Erfahrung im Pflanzenhandel und in der Kultivierung von Koniferen.<\/p>\n<p>Peter, Mark und Cousin Nico begannen als Linienfahrer zu arbeiten und fuhren jede Woche Pflanzenrouten. Die Zimmer- und Gartenpflanzen wurden direkt vom Lastwagen heraus verkauft. Im Jahr 1996 zog das Unternehmen nach Veen (Niederlande) um, um weiter expandieren zu k\u00f6nnen. Dies erwies sich bald als gute Wahl und das Unternehmen wuchs stetig weiter.<\/p>\n<p>&nbsp;<\/p>\n<p>3 Jahre sp\u00e4ter war es bereits Zeit f\u00fcr den n\u00e4chsten Schritt. Im Jahr 1999 wurden die neue Halle und das Gew\u00e4chshaus in Wijk en Aalburg gebaut. So war alles an einem Ort zentriert und die Arbeit konnte effizient erledigt werden.<\/p>\n<p>&nbsp;<\/p>\n<h2><strong>Pflanzenarrangements<\/strong><\/h2>\n<p>&nbsp;<\/p>\n<p>Im Jahr 2004 gab es eine steigende Nachfrage nach\u00a0<strong><u>Pflanzenarrangements<\/u><\/strong>. Dies war der Grund f\u00fcr Mark, seine ersten Schritte in dieser Welt zu machen. Es folgte eine hektische Zeit. Tags\u00fcber fuhr Mark seine Route zu verschiedenen Kunden und in den \u00dcberstunden begann er, Pflanzenschalen herzustellen. Dies f\u00fchrte bald zur Einstellung von Mitarbeitern, um die Kundennachfrage zu bew\u00e4ltigen. Es folgten Jahre des schnellen Wachstums.<\/p>\n<p>&nbsp;<\/p>\n<p>Im Jahr 2014 gab es eine gro\u00dfe Erweiterung und es entstanden unsere heutigen R\u00e4umlichkeiten. Produktionsbereiche und zus\u00e4tzliche Lagerkapazit\u00e4ten wurden hinzugef\u00fcgt, um den Produktionsprozess zu verbessern. Nach der Erg\u00e4nzung durch\u00a0<u><strong>PT-Warehousing, PT-Nurseries\u00a0<\/strong><\/u>und\u00a0<u><strong>PT-Living<\/strong><\/u>\u00a0sind wir zukunftssicher und k\u00f6nnen wir unsere Kunden optimal bedienen.<\/p>\n\t<h2><strong>Ausstellungsraum<\/strong><\/h2>\n<p><strong>\u00a0<\/strong><\/p>\n<p>In unserer Niederlassung in Wijk en Aalburg befindet sich auch ein Showroom. In diesem Showroom finden Sie Beispiele f\u00fcr unsere Arrangements. Vereinbaren Sie\u00a0<u>hier\u00a0<\/u>einen Termin f\u00fcr einen Besuch bei uns.<\/p>\n<p>&nbsp;<\/p>\n<h2><strong>Cash &amp; Carry Veen<\/strong><\/h2>\n<p>&nbsp;<\/p>\n<p>Es ist auch m\u00f6glich, Cash &amp; Carry zu verwenden. PT Creations hat eine Halle in Veen (Niederlande). Neben der digitalen und telefonischen Bestellung ist es hier auch m\u00f6glich, eine Bestellung direkt aufzugeben und mitzunehmen. PT-Veen befindet sich in der Verre Weide 1 in Veen.<\/p>\n<p>&nbsp;<\/p>\n<h2><strong>Transport<\/strong><\/h2>\n<p>F\u00fcr den Transport unserer Produkte haben wir eigene moderne LKWs. Genau wie unsere Firmenpolitik sind diese Fahrzeuge so sauber wie m\u00f6glich und am wenigsten sch\u00e4dlich f\u00fcr die Umwelt. T\u00e4glich beliefern wir unsere Kunden und Auktionen und holen unsere frischen Produkte bei den Z\u00fcchtern ab, mit denen wir zusammenarbeiten. Unsere eingehenden Waren (Importe von Dekomaterialien) werden nach Ankunft im Hafen von Rotterdam auf kleine Schiffe umgeschlagen und zu einem Terminal in Gorinchem transportiert. Von dort aus transportieren wir die Container mit unseren eigenen Autos zum Lager in Veen (Niederlande).<\/p>\n\n","protected":false},"excerpt":{"rendered":"<p>\u00dcBER UNS PT-Creations ist ein modernes Unternehmen, wo mit innovativen und zeitgen\u00f6ssischen Ideen immer wieder \u00fcberraschende Kollektion zusammenstellt werden. Bei uns finden Sie alles unter einem Dach. Dank unserer eigenen Importe aus verschiedenen L\u00e4ndern sind wir in der Lage, immer die neuesten Trends bei Keramik, K\u00f6rben und Glas zu kombinieren. Mit einer breiten Produktpalette beliefert [&hellip;]<\/p>\n","protected":false},"author":5,"featured_media":0,"parent":0,"menu_order":0,"comment_status":"closed","ping_status":"closed","template":"","meta":{"_acf_changed":false,"inline_featured_image":false,"footnotes":""},"class_list":["post-1447","page","type-page","status-publish","hentry"],"acf":[],"yoast_head":"<!-- This site is optimized with the Yoast SEO plugin v22.7 - https:\/\/yoast.com\/wordpress\/plugins\/seo\/ -->\n<title>\u00dcBER UNS - PT Creations<\/title>\n<meta name=\"robots\" content=\"index, follow, max-snippet:-1, max-image-preview:large, max-video-preview:-1\" \/>\n<link rel=\"canonical\" href=\"https:\/\/pt-creations.eu\/de\/ueber-uns\/\" \/>\n<meta property=\"og:locale\" content=\"de_DE\" \/>\n<meta property=\"og:type\" content=\"article\" \/>\n<meta property=\"og:title\" content=\"\u00dcBER UNS - PT Creations\" \/>\n<meta property=\"og:description\" content=\"\u00dcBER UNS PT-Creations ist ein modernes Unternehmen, wo mit innovativen und zeitgen\u00f6ssischen Ideen immer wieder \u00fcberraschende Kollektion zusammenstellt werden. Bei uns finden Sie alles unter einem Dach. Dank unserer eigenen Importe aus verschiedenen L\u00e4ndern sind wir in der Lage, immer die neuesten Trends bei Keramik, K\u00f6rben und Glas zu kombinieren. Mit einer breiten Produktpalette beliefert [&hellip;]\" \/>\n<meta property=\"og:url\" content=\"https:\/\/pt-creations.eu\/de\/ueber-uns\/\" \/>\n<meta property=\"og:site_name\" content=\"PT Creations\" \/>\n<meta property=\"article:modified_time\" content=\"2022-11-09T14:45:45+00:00\" \/>\n<meta property=\"og:image\" content=\"https:\/\/pt-creations.eu\/wp-content\/uploads\/2021\/07\/Living.jpg\" \/>\n<meta name=\"twitter:card\" content=\"summary_large_image\" \/>\n<meta name=\"twitter:label1\" content=\"Gesch\u00e4tzte Lesezeit\" \/>\n\t<meta name=\"twitter:data1\" content=\"3\u00a0Minuten\" \/>\n<script type=\"application\/ld+json\" class=\"yoast-schema-graph\">{\"@context\":\"https:\/\/schema.org\",\"@graph\":[{\"@type\":\"WebPage\",\"@id\":\"https:\/\/pt-creations.eu\/de\/ueber-uns\/\",\"url\":\"https:\/\/pt-creations.eu\/de\/ueber-uns\/\",\"name\":\"\u00dcBER UNS - PT Creations\",\"isPartOf\":{\"@id\":\"https:\/\/pt-creations.eu\/de\/#website\"},\"primaryImageOfPage\":{\"@id\":\"https:\/\/pt-creations.eu\/de\/ueber-uns\/#primaryimage\"},\"image\":{\"@id\":\"https:\/\/pt-creations.eu\/de\/ueber-uns\/#primaryimage\"},\"thumbnailUrl\":\"https:\/\/pt-creations.eu\/wp-content\/uploads\/2021\/07\/Living.jpg\",\"datePublished\":\"2021-07-27T15:16:07+00:00\",\"dateModified\":\"2022-11-09T14:45:45+00:00\",\"breadcrumb\":{\"@id\":\"https:\/\/pt-creations.eu\/de\/ueber-uns\/#breadcrumb\"},\"inLanguage\":\"de\",\"potentialAction\":[{\"@type\":\"ReadAction\",\"target\":[\"https:\/\/pt-creations.eu\/de\/ueber-uns\/\"]}]},{\"@type\":\"ImageObject\",\"inLanguage\":\"de\",\"@id\":\"https:\/\/pt-creations.eu\/de\/ueber-uns\/#primaryimage\",\"url\":\"https:\/\/pt-creations.eu\/wp-content\/uploads\/2021\/07\/Living.jpg\",\"contentUrl\":\"https:\/\/pt-creations.eu\/wp-content\/uploads\/2021\/07\/Living.jpg\"},{\"@type\":\"BreadcrumbList\",\"@id\":\"https:\/\/pt-creations.eu\/de\/ueber-uns\/#breadcrumb\",\"itemListElement\":[{\"@type\":\"ListItem\",\"position\":1,\"name\":\"Home\",\"item\":\"https:\/\/pt-creations.eu\/de\/\"},{\"@type\":\"ListItem\",\"position\":2,\"name\":\"\u00dcBER UNS\"}]},{\"@type\":\"WebSite\",\"@id\":\"https:\/\/pt-creations.eu\/de\/#website\",\"url\":\"https:\/\/pt-creations.eu\/de\/\",\"name\":\"PT Creations\",\"description\":\"\",\"potentialAction\":[{\"@type\":\"SearchAction\",\"target\":{\"@type\":\"EntryPoint\",\"urlTemplate\":\"https:\/\/pt-creations.eu\/de\/?s={search_term_string}\"},\"query-input\":\"required name=search_term_string\"}],\"inLanguage\":\"de\"}]}<\/script>\n<!-- \/ Yoast SEO plugin. -->","yoast_head_json":{"title":"\u00dcBER UNS - PT Creations","robots":{"index":"index","follow":"follow","max-snippet":"max-snippet:-1","max-image-preview":"max-image-preview:large","max-video-preview":"max-video-preview:-1"},"canonical":"https:\/\/pt-creations.eu\/de\/ueber-uns\/","og_locale":"de_DE","og_type":"article","og_title":"\u00dcBER UNS - PT Creations","og_description":"\u00dcBER UNS PT-Creations ist ein modernes Unternehmen, wo mit innovativen und zeitgen\u00f6ssischen Ideen immer wieder \u00fcberraschende Kollektion zusammenstellt werden. Bei uns finden Sie alles unter einem Dach. Dank unserer eigenen Importe aus verschiedenen L\u00e4ndern sind wir in der Lage, immer die neuesten Trends bei Keramik, K\u00f6rben und Glas zu kombinieren. Mit einer breiten Produktpalette beliefert [&hellip;]","og_url":"https:\/\/pt-creations.eu\/de\/ueber-uns\/","og_site_name":"PT Creations","article_modified_time":"2022-11-09T14:45:45+00:00","og_image":[{"url":"https:\/\/pt-creations.eu\/wp-content\/uploads\/2021\/07\/Living.jpg"}],"twitter_card":"summary_large_image","twitter_misc":{"Gesch\u00e4tzte Lesezeit":"3\u00a0Minuten"},"schema":{"@context":"https:\/\/schema.org","@graph":[{"@type":"WebPage","@id":"https:\/\/pt-creations.eu\/de\/ueber-uns\/","url":"https:\/\/pt-creations.eu\/de\/ueber-uns\/","name":"\u00dcBER UNS - PT Creations","isPartOf":{"@id":"https:\/\/pt-creations.eu\/de\/#website"},"primaryImageOfPage":{"@id":"https:\/\/pt-creations.eu\/de\/ueber-uns\/#primaryimage"},"image":{"@id":"https:\/\/pt-creations.eu\/de\/ueber-uns\/#primaryimage"},"thumbnailUrl":"https:\/\/pt-creations.eu\/wp-content\/uploads\/2021\/07\/Living.jpg","datePublished":"2021-07-27T15:16:07+00:00","dateModified":"2022-11-09T14:45:45+00:00","breadcrumb":{"@id":"https:\/\/pt-creations.eu\/de\/ueber-uns\/#breadcrumb"},"inLanguage":"de","potentialAction":[{"@type":"ReadAction","target":["https:\/\/pt-creations.eu\/de\/ueber-uns\/"]}]},{"@type":"ImageObject","inLanguage":"de","@id":"https:\/\/pt-creations.eu\/de\/ueber-uns\/#primaryimage","url":"https:\/\/pt-creations.eu\/wp-content\/uploads\/2021\/07\/Living.jpg","contentUrl":"https:\/\/pt-creations.eu\/wp-content\/uploads\/2021\/07\/Living.jpg"},{"@type":"BreadcrumbList","@id":"https:\/\/pt-creations.eu\/de\/ueber-uns\/#breadcrumb","itemListElement":[{"@type":"ListItem","position":1,"name":"Home","item":"https:\/\/pt-creations.eu\/de\/"},{"@type":"ListItem","position":2,"name":"\u00dcBER UNS"}]},{"@type":"WebSite","@id":"https:\/\/pt-creations.eu\/de\/#website","url":"https:\/\/pt-creations.eu\/de\/","name":"PT Creations","description":"","potentialAction":[{"@type":"SearchAction","target":{"@type":"EntryPoint","urlTemplate":"https:\/\/pt-creations.eu\/de\/?s={search_term_string}"},"query-input":"required name=search_term_string"}],"inLanguage":"de"}]}},"_links":{"self":[{"href":"https:\/\/pt-creations.eu\/de\/wp-json\/wp\/v2\/pages\/1447","targetHints":{"allow":["GET"]}}],"collection":[{"href":"https:\/\/pt-creations.eu\/de\/wp-json\/wp\/v2\/pages"}],"about":[{"href":"https:\/\/pt-creations.eu\/de\/wp-json\/wp\/v2\/types\/page"}],"author":[{"embeddable":true,"href":"https:\/\/pt-creations.eu\/de\/wp-json\/wp\/v2\/users\/5"}],"replies":[{"embeddable":true,"href":"https:\/\/pt-creations.eu\/de\/wp-json\/wp\/v2\/comments?post=1447"}],"version-history":[{"count":3,"href":"https:\/\/pt-creations.eu\/de\/wp-json\/wp\/v2\/pages\/1447\/revisions"}],"predecessor-version":[{"id":3074,"href":"https:\/\/pt-creations.eu\/de\/wp-json\/wp\/v2\/pages\/1447\/revisions\/3074"}],"wp:attachment":[{"href":"https:\/\/pt-creations.eu\/de\/wp-json\/wp\/v2\/media?parent=1447"}],"curies":[{"name":"wp","href":"https:\/\/api.w.org\/{rel}","templated":true}]}}