{"id":1456,"date":"2021-08-16T13:15:41","date_gmt":"2021-08-16T11:15:41","guid":{"rendered":"https:\/\/pt-creations.eu\/pt-warehousing\/"},"modified":"2021-08-18T13:24:27","modified_gmt":"2021-08-18T11:24:27","slug":"pt-warehousing","status":"publish","type":"page","link":"https:\/\/pt-creations.eu\/de\/dienste\/pt-warehousing\/","title":{"rendered":"PT-Warehousing"},"content":{"rendered":"\n\n    <img decoding=\"async\" src=\"https:\/\/pt-creations.eu\/wp-content\/uploads\/2021\/07\/warehousing-pt-hoofd-foto.jpg\"\/>\n\t\t<h1>PT-Warehousing<\/h1>\n\t\t\t\t\t<a href=\"\/de\/dienste\/\" target=\"_self\" rel=\"noopener\">\n\t\t\t\t\t\t\t\t\t<img decoding=\"async\" src=\"\/wp-content\/themes\/bb-blank-child\/img\/arrow-left.svg\"\/>\n\t\t\t\tZUR\u00dcCK ZUR \u00dcBERSICHT\n\t\t\t\t\t\t\t<\/a>\n\t\t<h2>LAGER<\/h2>\n\t\t<h2><strong><br \/>Verdoppelung der Speicherkapazit\u00e4t<br \/><\/strong><\/h2><p>Ein 4000 m\u00b2 gro\u00dfes Lager mit einem hochmodernen Lagersystem mit beweglichen Regalen wurde Realit\u00e4t. Im Rahmen einer platzsparenden Bauweise wurde mit diesem System die Lagerkapazit\u00e4t nahezu verdoppelt und mehr als 7.000 Palettenpl\u00e4tze geschaffen.<h2><strong><br \/>Bauphase 2<br \/><\/strong><\/h2>Da das Wachstum unvermindert anhielt, wurde bald klar, dass wir \u00fcber einen n\u00e4chsten Bauabschnitt nachdenken mussten. Im Jahr 2019 begann die 2. Bauphase. Dieser Raum hat eine Fl\u00e4che von \u00fcber 5000m\u00b2. Damit standen uns zus\u00e4tzlich 7000 Palettenpl\u00e4tze zur Verf\u00fcgung. Der zus\u00e4tzliche Platz gab uns auch die M\u00f6glichkeit, gro\u00dfe Aktionen an diesen Standorten zu produzieren, so dass wir die Kapazit\u00e4t unserer Produktionsr\u00e4ume in Wijk en Aalburg nicht nutzen mussten.<\/p>\n\t\t\t\t\t<a href=\"https:\/\/pt-creations.eu\/contact\/\" target=\"_self\" rel=\"noopener\">\n\t\t\t\tNACHRICHT VERSCHICKEN\t\t\t<\/a>\n\t<img decoding=\"async\" src=\"https:\/\/pt-creations.eu\/wp-content\/uploads\/2021\/07\/warehousing-1.jpg\"\/>\n\t\t<h2>LAGERUNG F\u00dcR DRITTE<\/h2>\n\t\tWeil wir zus\u00e4tzlichen Platz geschaffen haben, helfen wir nun auch anderen Unternehmen bei der Lagerung ihrer Waren. Das hat uns dazu bewogen, PT-Warehousing als Dienstleister in unserer Region zu etablieren. Mit 6 Be- und Entladedocks gibt es gen\u00fcgend Verkehrm\u00f6glichkeiten, um alle ein- und ausgehenden Waren abzuwickeln.\n<strong>\nSuchen SIe Lagerfl\u00e4che f\u00fcr Waren?<\/strong>Dann kontaktieren Sie Marco Vos, den Ansprechpartner bei PT Warehousing.<strong>\n<\/strong>\n\t\t\t\t\t<a href=\"https:\/\/pt-creations.eu\/contact\/\" target=\"_self\" rel=\"noopener\">\n\t\t\t\tNACHRICHT VERSCHICKEN\t\t\t<\/a>\n\t<img decoding=\"async\" src=\"https:\/\/pt-creations.eu\/wp-content\/uploads\/2021\/07\/warehousing-2.jpg\"\/>\n\n","protected":false},"excerpt":{"rendered":"<p>PT-Warehousing ZUR\u00dcCK ZUR \u00dcBERSICHT LAGER Verdoppelung der Speicherkapazit\u00e4t Ein 4000 m\u00b2 gro\u00dfes Lager mit einem hochmodernen Lagersystem mit beweglichen Regalen wurde Realit\u00e4t. Im Rahmen einer platzsparenden Bauweise wurde mit diesem System die Lagerkapazit\u00e4t nahezu verdoppelt und mehr als 7.000 Palettenpl\u00e4tze geschaffen. Bauphase 2 Da das Wachstum unvermindert anhielt, wurde bald klar, dass wir \u00fcber einen [&hellip;]<\/p>\n","protected":false},"author":5,"featured_media":0,"parent":1726,"menu_order":0,"comment_status":"closed","ping_status":"closed","template":"","meta":{"_acf_changed":false,"inline_featured_image":false,"footnotes":""},"class_list":["post-1456","page","type-page","status-publish","hentry"],"acf":[],"yoast_head":"<!-- This site is optimized with the Yoast SEO plugin v22.7 - https:\/\/yoast.com\/wordpress\/plugins\/seo\/ -->\n<title>PT-Warehousing - PT Creations<\/title>\n<meta name=\"robots\" content=\"index, follow, max-snippet:-1, max-image-preview:large, max-video-preview:-1\" \/>\n<link rel=\"canonical\" href=\"https:\/\/pt-creations.eu\/de\/dienste\/pt-warehousing\/\" \/>\n<meta property=\"og:locale\" content=\"de_DE\" \/>\n<meta property=\"og:type\" content=\"article\" \/>\n<meta property=\"og:title\" content=\"PT-Warehousing - PT Creations\" \/>\n<meta property=\"og:description\" content=\"PT-Warehousing ZUR\u00dcCK ZUR \u00dcBERSICHT LAGER Verdoppelung der Speicherkapazit\u00e4t Ein 4000 m\u00b2 gro\u00dfes Lager mit einem hochmodernen Lagersystem mit beweglichen Regalen wurde Realit\u00e4t. Im Rahmen einer platzsparenden Bauweise wurde mit diesem System die Lagerkapazit\u00e4t nahezu verdoppelt und mehr als 7.000 Palettenpl\u00e4tze geschaffen. Bauphase 2 Da das Wachstum unvermindert anhielt, wurde bald klar, dass wir \u00fcber einen [&hellip;]\" \/>\n<meta property=\"og:url\" content=\"https:\/\/pt-creations.eu\/de\/dienste\/pt-warehousing\/\" \/>\n<meta property=\"og:site_name\" content=\"PT Creations\" \/>\n<meta property=\"article:modified_time\" content=\"2021-08-18T11:24:27+00:00\" \/>\n<meta property=\"og:image\" content=\"https:\/\/pt-creations.eu\/wp-content\/uploads\/2021\/07\/warehousing-pt-hoofd-foto.jpg\" \/>\n<meta name=\"twitter:card\" content=\"summary_large_image\" \/>\n<meta name=\"twitter:label1\" content=\"Gesch\u00e4tzte Lesezeit\" \/>\n\t<meta name=\"twitter:data1\" content=\"1\u00a0Minute\" \/>\n<script type=\"application\/ld+json\" class=\"yoast-schema-graph\">{\"@context\":\"https:\/\/schema.org\",\"@graph\":[{\"@type\":\"WebPage\",\"@id\":\"https:\/\/pt-creations.eu\/de\/dienste\/pt-warehousing\/\",\"url\":\"https:\/\/pt-creations.eu\/de\/dienste\/pt-warehousing\/\",\"name\":\"PT-Warehousing - PT Creations\",\"isPartOf\":{\"@id\":\"https:\/\/pt-creations.eu\/de\/#website\"},\"primaryImageOfPage\":{\"@id\":\"https:\/\/pt-creations.eu\/de\/dienste\/pt-warehousing\/#primaryimage\"},\"image\":{\"@id\":\"https:\/\/pt-creations.eu\/de\/dienste\/pt-warehousing\/#primaryimage\"},\"thumbnailUrl\":\"https:\/\/pt-creations.eu\/wp-content\/uploads\/2021\/07\/warehousing-pt-hoofd-foto.jpg\",\"datePublished\":\"2021-08-16T11:15:41+00:00\",\"dateModified\":\"2021-08-18T11:24:27+00:00\",\"breadcrumb\":{\"@id\":\"https:\/\/pt-creations.eu\/de\/dienste\/pt-warehousing\/#breadcrumb\"},\"inLanguage\":\"de\",\"potentialAction\":[{\"@type\":\"ReadAction\",\"target\":[\"https:\/\/pt-creations.eu\/de\/dienste\/pt-warehousing\/\"]}]},{\"@type\":\"ImageObject\",\"inLanguage\":\"de\",\"@id\":\"https:\/\/pt-creations.eu\/de\/dienste\/pt-warehousing\/#primaryimage\",\"url\":\"https:\/\/pt-creations.eu\/wp-content\/uploads\/2021\/07\/warehousing-pt-hoofd-foto.jpg\",\"contentUrl\":\"https:\/\/pt-creations.eu\/wp-content\/uploads\/2021\/07\/warehousing-pt-hoofd-foto.jpg\"},{\"@type\":\"BreadcrumbList\",\"@id\":\"https:\/\/pt-creations.eu\/de\/dienste\/pt-warehousing\/#breadcrumb\",\"itemListElement\":[{\"@type\":\"ListItem\",\"position\":1,\"name\":\"Home\",\"item\":\"https:\/\/pt-creations.eu\/de\/\"},{\"@type\":\"ListItem\",\"position\":2,\"name\":\"DIENSTE\",\"item\":\"https:\/\/pt-creations.eu\/de\/dienste\/\"},{\"@type\":\"ListItem\",\"position\":3,\"name\":\"PT-Warehousing\"}]},{\"@type\":\"WebSite\",\"@id\":\"https:\/\/pt-creations.eu\/de\/#website\",\"url\":\"https:\/\/pt-creations.eu\/de\/\",\"name\":\"PT Creations\",\"description\":\"\",\"potentialAction\":[{\"@type\":\"SearchAction\",\"target\":{\"@type\":\"EntryPoint\",\"urlTemplate\":\"https:\/\/pt-creations.eu\/de\/?s={search_term_string}\"},\"query-input\":\"required name=search_term_string\"}],\"inLanguage\":\"de\"}]}<\/script>\n<!-- \/ Yoast SEO plugin. -->","yoast_head_json":{"title":"PT-Warehousing - PT Creations","robots":{"index":"index","follow":"follow","max-snippet":"max-snippet:-1","max-image-preview":"max-image-preview:large","max-video-preview":"max-video-preview:-1"},"canonical":"https:\/\/pt-creations.eu\/de\/dienste\/pt-warehousing\/","og_locale":"de_DE","og_type":"article","og_title":"PT-Warehousing - PT Creations","og_description":"PT-Warehousing ZUR\u00dcCK ZUR \u00dcBERSICHT LAGER Verdoppelung der Speicherkapazit\u00e4t Ein 4000 m\u00b2 gro\u00dfes Lager mit einem hochmodernen Lagersystem mit beweglichen Regalen wurde Realit\u00e4t. Im Rahmen einer platzsparenden Bauweise wurde mit diesem System die Lagerkapazit\u00e4t nahezu verdoppelt und mehr als 7.000 Palettenpl\u00e4tze geschaffen. Bauphase 2 Da das Wachstum unvermindert anhielt, wurde bald klar, dass wir \u00fcber einen [&hellip;]","og_url":"https:\/\/pt-creations.eu\/de\/dienste\/pt-warehousing\/","og_site_name":"PT Creations","article_modified_time":"2021-08-18T11:24:27+00:00","og_image":[{"url":"https:\/\/pt-creations.eu\/wp-content\/uploads\/2021\/07\/warehousing-pt-hoofd-foto.jpg"}],"twitter_card":"summary_large_image","twitter_misc":{"Gesch\u00e4tzte Lesezeit":"1\u00a0Minute"},"schema":{"@context":"https:\/\/schema.org","@graph":[{"@type":"WebPage","@id":"https:\/\/pt-creations.eu\/de\/dienste\/pt-warehousing\/","url":"https:\/\/pt-creations.eu\/de\/dienste\/pt-warehousing\/","name":"PT-Warehousing - PT Creations","isPartOf":{"@id":"https:\/\/pt-creations.eu\/de\/#website"},"primaryImageOfPage":{"@id":"https:\/\/pt-creations.eu\/de\/dienste\/pt-warehousing\/#primaryimage"},"image":{"@id":"https:\/\/pt-creations.eu\/de\/dienste\/pt-warehousing\/#primaryimage"},"thumbnailUrl":"https:\/\/pt-creations.eu\/wp-content\/uploads\/2021\/07\/warehousing-pt-hoofd-foto.jpg","datePublished":"2021-08-16T11:15:41+00:00","dateModified":"2021-08-18T11:24:27+00:00","breadcrumb":{"@id":"https:\/\/pt-creations.eu\/de\/dienste\/pt-warehousing\/#breadcrumb"},"inLanguage":"de","potentialAction":[{"@type":"ReadAction","target":["https:\/\/pt-creations.eu\/de\/dienste\/pt-warehousing\/"]}]},{"@type":"ImageObject","inLanguage":"de","@id":"https:\/\/pt-creations.eu\/de\/dienste\/pt-warehousing\/#primaryimage","url":"https:\/\/pt-creations.eu\/wp-content\/uploads\/2021\/07\/warehousing-pt-hoofd-foto.jpg","contentUrl":"https:\/\/pt-creations.eu\/wp-content\/uploads\/2021\/07\/warehousing-pt-hoofd-foto.jpg"},{"@type":"BreadcrumbList","@id":"https:\/\/pt-creations.eu\/de\/dienste\/pt-warehousing\/#breadcrumb","itemListElement":[{"@type":"ListItem","position":1,"name":"Home","item":"https:\/\/pt-creations.eu\/de\/"},{"@type":"ListItem","position":2,"name":"DIENSTE","item":"https:\/\/pt-creations.eu\/de\/dienste\/"},{"@type":"ListItem","position":3,"name":"PT-Warehousing"}]},{"@type":"WebSite","@id":"https:\/\/pt-creations.eu\/de\/#website","url":"https:\/\/pt-creations.eu\/de\/","name":"PT Creations","description":"","potentialAction":[{"@type":"SearchAction","target":{"@type":"EntryPoint","urlTemplate":"https:\/\/pt-creations.eu\/de\/?s={search_term_string}"},"query-input":"required name=search_term_string"}],"inLanguage":"de"}]}},"_links":{"self":[{"href":"https:\/\/pt-creations.eu\/de\/wp-json\/wp\/v2\/pages\/1456","targetHints":{"allow":["GET"]}}],"collection":[{"href":"https:\/\/pt-creations.eu\/de\/wp-json\/wp\/v2\/pages"}],"about":[{"href":"https:\/\/pt-creations.eu\/de\/wp-json\/wp\/v2\/types\/page"}],"author":[{"embeddable":true,"href":"https:\/\/pt-creations.eu\/de\/wp-json\/wp\/v2\/users\/5"}],"replies":[{"embeddable":true,"href":"https:\/\/pt-creations.eu\/de\/wp-json\/wp\/v2\/comments?post=1456"}],"version-history":[{"count":2,"href":"https:\/\/pt-creations.eu\/de\/wp-json\/wp\/v2\/pages\/1456\/revisions"}],"predecessor-version":[{"id":1885,"href":"https:\/\/pt-creations.eu\/de\/wp-json\/wp\/v2\/pages\/1456\/revisions\/1885"}],"up":[{"embeddable":true,"href":"https:\/\/pt-creations.eu\/de\/wp-json\/wp\/v2\/pages\/1726"}],"wp:attachment":[{"href":"https:\/\/pt-creations.eu\/de\/wp-json\/wp\/v2\/media?parent=1456"}],"curies":[{"name":"wp","href":"https:\/\/api.w.org\/{rel}","templated":true}]}}