{"id":1703,"date":"2021-08-16T14:48:35","date_gmt":"2021-08-16T12:48:35","guid":{"rendered":"https:\/\/pt-creations.eu\/pt-nurseries\/"},"modified":"2021-09-15T13:45:03","modified_gmt":"2021-09-15T11:45:03","slug":"pt-nurseries","status":"publish","type":"page","link":"https:\/\/pt-creations.eu\/de\/dienste\/pt-nurseries\/","title":{"rendered":"PT-Nurseries"},"content":{"rendered":"\n\n    <img decoding=\"async\" src=\"https:\/\/pt-creations.eu\/wp-content\/uploads\/2021\/06\/nurseries1.jpg\"\/>\n\t\t<h1>PT-Nurseries<\/h1>\n\t\t\t\t\t<a href=\"\/de\/dienste\/\" target=\"_self\" rel=\"noopener\">\n\t\t\t\t\t\t\t\t\t<img decoding=\"async\" src=\"\/wp-content\/themes\/bb-blank-child\/img\/arrow-left.svg\"\/>\n\t\t\t\tZur\u00fcck zur \u00dcbersicht\n\t\t\t\t\t\t\t<\/a>\n\t\t<h2>BAUMSCHULE<\/h2>\n\t\t<p>Im Jahr 1999 beschlossen wir, unsere eigene Baumschule zu gr\u00fcnden. Auf diese Weise k\u00f6nnen wir alles in unseren eigenen H\u00e4nden behalten und eine hohe Qualit\u00e4t garantieren.<h2><strong>\u00a0<\/strong><\/h2><h2><strong>SORTIMENT<\/strong><\/h2>In unserer Baumschule haben wir begonnen, Koniferen zu z\u00fcchten. Normalerweise z\u00fcchten wir die folgenden 3 Arten:<ul><li>Picea\u00a0glauca\u00a0Conica\u00a0(Auch Zwergtanne oder Tafeltanne genannt)<\/li><li>Chamaecyparis (blau-gr\u00fcner Nadelbaum, erkennbar an seiner schmalen S\u00e4ulenform)<\/li><li>Chamaecyparis Top Point (immergr\u00fcn und winterhart)<\/li><\/ul>\u00a0Diese 3 Sorten sind in 3 verschiedenen Topfgr\u00f6\u00dfen (9, 13 und 15cm) aufgestellt, so dass PT Nurseries eine breite Produktpalette anbieten kann. Diese 3 Sorten werden haupts\u00e4chlich f\u00fcr unsere Weihnachtsarrangements verwendet. Ein gro\u00dfer Teil wird dann beschneit und dekoriert.<\/p>\n\t\t\t\t\t<a href=\"\/de\/kontakt\/\" target=\"_self\" rel=\"noopener\">\n\t\t\t\tNACHRICHT VERSCHICKEN\t\t\t<\/a>\n\t<img decoding=\"async\" src=\"https:\/\/pt-creations.eu\/wp-content\/uploads\/2021\/06\/nurseries2.jpg\"\/>\n\t\t<h2>GR\u00dcNDUNG PT-NURSERIES<\/h2>\n\t\t<p>2020 wurde die Baumschule von PT-Creations abgetrennt und erhielt einen neuen Namen: PT-Nurseries B.V. Diese Trennung hat daf\u00fcr gesorgt, dass unser Mitarbeiter Arthur Nowak zum Mitgesellschafter der G\u00e4rtnerei aufgestiegen ist.<h2><strong><br \/>Zukunftsf\u00e4hig<br \/><\/strong><\/h2>Indem wir alles im Haus behalten und auf Nachhaltigkeit achten, haben wir unsere G\u00e4rtnerei f\u00fcr die Zukunft ausger\u00fcstet.<h2><strong><br \/>Zertifikat MPS-ECAS<br \/><\/strong><\/h2>PT-Nurseries ist im Besitz des weltweit anerkannten Umweltzertifikats:<strong>\u00a0<a href=\"https:\/\/pt-creations.eu\/wp-content\/uploads\/2021\/09\/Certificaat.pdf\">MPS-ECAS<\/a>.<\/strong>\u00a0Laden Sie das Zertifikat\u00a0<u><strong><a href=\"https:\/\/pt-creations.eu\/wp-content\/uploads\/2021\/09\/Certificaat.pdf\">hier<\/a>\u00a0<\/strong><\/u>herunter.<\/p>\n\t\t\t\t\t<a href=\"\/de\/kontakt\/\" target=\"_self\" rel=\"noopener\">\n\t\t\t\tNACHRICHT VERSENDEN\t\t\t<\/a>\n\t<img decoding=\"async\" src=\"https:\/\/pt-creations.eu\/wp-content\/uploads\/2021\/06\/nurseries3.jpg\"\/>\n\n","protected":false},"excerpt":{"rendered":"<p>PT-Nurseries Zur\u00fcck zur \u00dcbersicht BAUMSCHULE Im Jahr 1999 beschlossen wir, unsere eigene Baumschule zu gr\u00fcnden. Auf diese Weise k\u00f6nnen wir alles in unseren eigenen H\u00e4nden behalten und eine hohe Qualit\u00e4t garantieren. \u00a0 SORTIMENT In unserer Baumschule haben wir begonnen, Koniferen zu z\u00fcchten. Normalerweise z\u00fcchten wir die folgenden 3 Arten: Picea\u00a0glauca\u00a0Conica\u00a0(Auch Zwergtanne oder Tafeltanne genannt) Chamaecyparis [&hellip;]<\/p>\n","protected":false},"author":5,"featured_media":0,"parent":1726,"menu_order":0,"comment_status":"closed","ping_status":"closed","template":"","meta":{"_acf_changed":false,"inline_featured_image":false,"footnotes":""},"class_list":["post-1703","page","type-page","status-publish","hentry"],"acf":[],"yoast_head":"<!-- This site is optimized with the Yoast SEO plugin v22.7 - https:\/\/yoast.com\/wordpress\/plugins\/seo\/ -->\n<title>PT-Nurseries - PT Creations<\/title>\n<meta name=\"robots\" content=\"index, follow, max-snippet:-1, max-image-preview:large, max-video-preview:-1\" \/>\n<link rel=\"canonical\" href=\"https:\/\/pt-creations.eu\/de\/dienste\/pt-nurseries\/\" \/>\n<meta property=\"og:locale\" content=\"de_DE\" \/>\n<meta property=\"og:type\" content=\"article\" \/>\n<meta property=\"og:title\" content=\"PT-Nurseries - PT Creations\" \/>\n<meta property=\"og:description\" content=\"PT-Nurseries Zur\u00fcck zur \u00dcbersicht BAUMSCHULE Im Jahr 1999 beschlossen wir, unsere eigene Baumschule zu gr\u00fcnden. Auf diese Weise k\u00f6nnen wir alles in unseren eigenen H\u00e4nden behalten und eine hohe Qualit\u00e4t garantieren. \u00a0 SORTIMENT In unserer Baumschule haben wir begonnen, Koniferen zu z\u00fcchten. Normalerweise z\u00fcchten wir die folgenden 3 Arten: Picea\u00a0glauca\u00a0Conica\u00a0(Auch Zwergtanne oder Tafeltanne genannt) Chamaecyparis [&hellip;]\" \/>\n<meta property=\"og:url\" content=\"https:\/\/pt-creations.eu\/de\/dienste\/pt-nurseries\/\" \/>\n<meta property=\"og:site_name\" content=\"PT Creations\" \/>\n<meta property=\"article:modified_time\" content=\"2021-09-15T11:45:03+00:00\" \/>\n<meta property=\"og:image\" content=\"https:\/\/pt-creations.eu\/wp-content\/uploads\/2021\/06\/nurseries1.jpg\" \/>\n<meta name=\"twitter:card\" content=\"summary_large_image\" \/>\n<meta name=\"twitter:label1\" content=\"Gesch\u00e4tzte Lesezeit\" \/>\n\t<meta name=\"twitter:data1\" content=\"1\u00a0Minute\" \/>\n<script type=\"application\/ld+json\" class=\"yoast-schema-graph\">{\"@context\":\"https:\/\/schema.org\",\"@graph\":[{\"@type\":\"WebPage\",\"@id\":\"https:\/\/pt-creations.eu\/de\/dienste\/pt-nurseries\/\",\"url\":\"https:\/\/pt-creations.eu\/de\/dienste\/pt-nurseries\/\",\"name\":\"PT-Nurseries - PT Creations\",\"isPartOf\":{\"@id\":\"https:\/\/pt-creations.eu\/de\/#website\"},\"primaryImageOfPage\":{\"@id\":\"https:\/\/pt-creations.eu\/de\/dienste\/pt-nurseries\/#primaryimage\"},\"image\":{\"@id\":\"https:\/\/pt-creations.eu\/de\/dienste\/pt-nurseries\/#primaryimage\"},\"thumbnailUrl\":\"https:\/\/pt-creations.eu\/wp-content\/uploads\/2021\/06\/nurseries1.jpg\",\"datePublished\":\"2021-08-16T12:48:35+00:00\",\"dateModified\":\"2021-09-15T11:45:03+00:00\",\"breadcrumb\":{\"@id\":\"https:\/\/pt-creations.eu\/de\/dienste\/pt-nurseries\/#breadcrumb\"},\"inLanguage\":\"de\",\"potentialAction\":[{\"@type\":\"ReadAction\",\"target\":[\"https:\/\/pt-creations.eu\/de\/dienste\/pt-nurseries\/\"]}]},{\"@type\":\"ImageObject\",\"inLanguage\":\"de\",\"@id\":\"https:\/\/pt-creations.eu\/de\/dienste\/pt-nurseries\/#primaryimage\",\"url\":\"https:\/\/pt-creations.eu\/wp-content\/uploads\/2021\/06\/nurseries1.jpg\",\"contentUrl\":\"https:\/\/pt-creations.eu\/wp-content\/uploads\/2021\/06\/nurseries1.jpg\"},{\"@type\":\"BreadcrumbList\",\"@id\":\"https:\/\/pt-creations.eu\/de\/dienste\/pt-nurseries\/#breadcrumb\",\"itemListElement\":[{\"@type\":\"ListItem\",\"position\":1,\"name\":\"Home\",\"item\":\"https:\/\/pt-creations.eu\/de\/\"},{\"@type\":\"ListItem\",\"position\":2,\"name\":\"DIENSTE\",\"item\":\"https:\/\/pt-creations.eu\/de\/dienste\/\"},{\"@type\":\"ListItem\",\"position\":3,\"name\":\"PT-Nurseries\"}]},{\"@type\":\"WebSite\",\"@id\":\"https:\/\/pt-creations.eu\/de\/#website\",\"url\":\"https:\/\/pt-creations.eu\/de\/\",\"name\":\"PT Creations\",\"description\":\"\",\"potentialAction\":[{\"@type\":\"SearchAction\",\"target\":{\"@type\":\"EntryPoint\",\"urlTemplate\":\"https:\/\/pt-creations.eu\/de\/?s={search_term_string}\"},\"query-input\":\"required name=search_term_string\"}],\"inLanguage\":\"de\"}]}<\/script>\n<!-- \/ Yoast SEO plugin. -->","yoast_head_json":{"title":"PT-Nurseries - PT Creations","robots":{"index":"index","follow":"follow","max-snippet":"max-snippet:-1","max-image-preview":"max-image-preview:large","max-video-preview":"max-video-preview:-1"},"canonical":"https:\/\/pt-creations.eu\/de\/dienste\/pt-nurseries\/","og_locale":"de_DE","og_type":"article","og_title":"PT-Nurseries - PT Creations","og_description":"PT-Nurseries Zur\u00fcck zur \u00dcbersicht BAUMSCHULE Im Jahr 1999 beschlossen wir, unsere eigene Baumschule zu gr\u00fcnden. Auf diese Weise k\u00f6nnen wir alles in unseren eigenen H\u00e4nden behalten und eine hohe Qualit\u00e4t garantieren. \u00a0 SORTIMENT In unserer Baumschule haben wir begonnen, Koniferen zu z\u00fcchten. Normalerweise z\u00fcchten wir die folgenden 3 Arten: Picea\u00a0glauca\u00a0Conica\u00a0(Auch Zwergtanne oder Tafeltanne genannt) Chamaecyparis [&hellip;]","og_url":"https:\/\/pt-creations.eu\/de\/dienste\/pt-nurseries\/","og_site_name":"PT Creations","article_modified_time":"2021-09-15T11:45:03+00:00","og_image":[{"url":"https:\/\/pt-creations.eu\/wp-content\/uploads\/2021\/06\/nurseries1.jpg"}],"twitter_card":"summary_large_image","twitter_misc":{"Gesch\u00e4tzte Lesezeit":"1\u00a0Minute"},"schema":{"@context":"https:\/\/schema.org","@graph":[{"@type":"WebPage","@id":"https:\/\/pt-creations.eu\/de\/dienste\/pt-nurseries\/","url":"https:\/\/pt-creations.eu\/de\/dienste\/pt-nurseries\/","name":"PT-Nurseries - PT Creations","isPartOf":{"@id":"https:\/\/pt-creations.eu\/de\/#website"},"primaryImageOfPage":{"@id":"https:\/\/pt-creations.eu\/de\/dienste\/pt-nurseries\/#primaryimage"},"image":{"@id":"https:\/\/pt-creations.eu\/de\/dienste\/pt-nurseries\/#primaryimage"},"thumbnailUrl":"https:\/\/pt-creations.eu\/wp-content\/uploads\/2021\/06\/nurseries1.jpg","datePublished":"2021-08-16T12:48:35+00:00","dateModified":"2021-09-15T11:45:03+00:00","breadcrumb":{"@id":"https:\/\/pt-creations.eu\/de\/dienste\/pt-nurseries\/#breadcrumb"},"inLanguage":"de","potentialAction":[{"@type":"ReadAction","target":["https:\/\/pt-creations.eu\/de\/dienste\/pt-nurseries\/"]}]},{"@type":"ImageObject","inLanguage":"de","@id":"https:\/\/pt-creations.eu\/de\/dienste\/pt-nurseries\/#primaryimage","url":"https:\/\/pt-creations.eu\/wp-content\/uploads\/2021\/06\/nurseries1.jpg","contentUrl":"https:\/\/pt-creations.eu\/wp-content\/uploads\/2021\/06\/nurseries1.jpg"},{"@type":"BreadcrumbList","@id":"https:\/\/pt-creations.eu\/de\/dienste\/pt-nurseries\/#breadcrumb","itemListElement":[{"@type":"ListItem","position":1,"name":"Home","item":"https:\/\/pt-creations.eu\/de\/"},{"@type":"ListItem","position":2,"name":"DIENSTE","item":"https:\/\/pt-creations.eu\/de\/dienste\/"},{"@type":"ListItem","position":3,"name":"PT-Nurseries"}]},{"@type":"WebSite","@id":"https:\/\/pt-creations.eu\/de\/#website","url":"https:\/\/pt-creations.eu\/de\/","name":"PT Creations","description":"","potentialAction":[{"@type":"SearchAction","target":{"@type":"EntryPoint","urlTemplate":"https:\/\/pt-creations.eu\/de\/?s={search_term_string}"},"query-input":"required name=search_term_string"}],"inLanguage":"de"}]}},"_links":{"self":[{"href":"https:\/\/pt-creations.eu\/de\/wp-json\/wp\/v2\/pages\/1703","targetHints":{"allow":["GET"]}}],"collection":[{"href":"https:\/\/pt-creations.eu\/de\/wp-json\/wp\/v2\/pages"}],"about":[{"href":"https:\/\/pt-creations.eu\/de\/wp-json\/wp\/v2\/types\/page"}],"author":[{"embeddable":true,"href":"https:\/\/pt-creations.eu\/de\/wp-json\/wp\/v2\/users\/5"}],"replies":[{"embeddable":true,"href":"https:\/\/pt-creations.eu\/de\/wp-json\/wp\/v2\/comments?post=1703"}],"version-history":[{"count":5,"href":"https:\/\/pt-creations.eu\/de\/wp-json\/wp\/v2\/pages\/1703\/revisions"}],"predecessor-version":[{"id":2904,"href":"https:\/\/pt-creations.eu\/de\/wp-json\/wp\/v2\/pages\/1703\/revisions\/2904"}],"up":[{"embeddable":true,"href":"https:\/\/pt-creations.eu\/de\/wp-json\/wp\/v2\/pages\/1726"}],"wp:attachment":[{"href":"https:\/\/pt-creations.eu\/de\/wp-json\/wp\/v2\/media?parent=1703"}],"curies":[{"name":"wp","href":"https:\/\/api.w.org\/{rel}","templated":true}]}}