{"id":1708,"date":"2021-08-16T15:09:30","date_gmt":"2021-08-16T13:09:30","guid":{"rendered":"https:\/\/pt-creations.eu\/pt-living\/"},"modified":"2021-08-18T13:42:15","modified_gmt":"2021-08-18T11:42:15","slug":"pt-living","status":"publish","type":"page","link":"https:\/\/pt-creations.eu\/de\/dienste\/pt-living\/","title":{"rendered":"PT-Living"},"content":{"rendered":"\n\n    <img decoding=\"async\" src=\"https:\/\/pt-creations.eu\/wp-content\/uploads\/2021\/06\/living.jpg\"\/>\n\t\t<h1>PT-Living<\/h1>\n\t\t\t\t\t<a href=\"\/de\/dienste\/\" target=\"_self\" rel=\"noopener\">\n\t\t\t\t\t\t\t\t\t<img decoding=\"async\" src=\"\/wp-content\/themes\/bb-blank-child\/img\/arrow-left.svg\"\/>\n\t\t\t\tZur\u00fcck zur \u00dcbersicht\n\t\t\t\t\t\t\t<\/a>\n\t\t<h2>AUSL\u00c4NDISCHE ARBEITSKR\u00c4FTE<\/h2>\n\t\t<p>Ein Unternehmen wie PT-Creations ist von ausl\u00e4ndischen Arbeitskr\u00e4ften abh\u00e4ngig. Um diese an das eigene Unternehmen zu binden, ist die richtige Unterkunft von unsch\u00e4tzbarem Wert. Dies hat zu unserem Entschluss beigetragen, uns um eine Unterkunft f\u00fcr einen Teil unserer Mitarbeiter zu bem\u00fchen und PT-Living zu gr\u00fcnden. Das Ziel von PT-Living ist es, Menschen bestm\u00f6glich und komfortabel unterzubringen. Zusammengefasst schaffen wir eine Wohnform, die unserer Zielgruppe alle M\u00f6glichkeiten bietet, einen l\u00e4ngeren Aufenthalt in den Niederlanden in Betracht zu ziehen.<h2><strong>\u00a0<\/strong><\/h2><h2><strong>Unterkunft f\u00fcr ausl\u00e4ndische Arbeitskr\u00e4fte<\/strong><\/h2>Im Jahr 2018 waren die ersten Ideen spruchreif, so dass wir uns auf die Suche nach der besten Unterbringungsm\u00f6glichkeit begaben. In Kooperation mit der fr\u00fcheren Gemeinde Aalburg entstand die M\u00f6glichkeit, Unterk\u00fcnfte auf unserem eigenen Gel\u00e4nde anzubieten. Zun\u00e4chst ging es um eine vor\u00fcbergehende L\u00f6sung, weshalb wir verschiedene Wohnformen Revue passieren lie\u00dfen.<\/p>\n\t\t\t\t\t<a href=\"\/de\/kontakt\/\" target=\"_self\" rel=\"noopener\">\n\t\t\t\tANFRAGE VERSENDEN\t\t\t<\/a>\n\t<img decoding=\"async\" src=\"https:\/\/pt-creations.eu\/wp-content\/uploads\/2021\/06\/Living-1.jpg\"\/>\n\t\t<h2>LUXURI\u00d6SE WOHNEINHEITEN<\/h2>\n\t\t<p>Die Einheiten sind folgenderma\u00dfen ausgestattet:<\/p><ul><li>Fu\u00dfbodenheizung<\/li><li>Die Wunschtemperatur kann f\u00fcr jeden Schlafbereich individuell eingestellt werden.<\/li><li>2 x Einzelschlafzimmer<\/li><li>1 x Doppelschlafzimmer<\/li><li>Luxusk\u00fcche mit Vollausstattung (inklusive Geschirrsp\u00fcler)<\/li><li>Badezimmer mit Dusche, Toilette und Waschbecken<\/li><li>Waschmaschine &amp; Waschtrockner<\/li><li>Smart TV<\/li><li>Blitzschnelles Internet durch Glasfaserverbindung<br \/>\u00a0<\/li><\/ul>\n\t<img decoding=\"async\" src=\"https:\/\/pt-creations.eu\/wp-content\/uploads\/2021\/06\/Living-2.jpg\"\/>\n\t\t<h2>HEIMAT<\/h2>\n\t\t<p>Die oben genannten Einrichtungen bieten ausl\u00e4ndischen Arbeitskr\u00e4ften die M\u00f6glichkeit, den Kontakt zur polnischen Heimat aufrechtzuerhalten. Zudem zieht es zunehmend mehr Paare aus beruflichen Gr\u00fcnden in die Niederlande. Die Einrichtung der Wohneinheiten ist hieran angepasst.Insgesamt haben wir mit PT-Living eine geeignete L\u00f6sung erarbeitet, die an mehreren Standorten einsetzbar ist, so dass wir der Wohnungsnot ausl\u00e4ndischer Arbeitskr\u00e4fte endlich die Stirn bieten k\u00f6nnen.<\/p>\n\t\t\t\t\t<a href=\"\/de\/kontakt\/\" target=\"_self\" rel=\"noopener\">\n\t\t\t\tANFRAGE VERSENDEN\t\t\t<\/a>\n\t<img decoding=\"async\" src=\"https:\/\/pt-creations.eu\/wp-content\/uploads\/2021\/06\/Living-3.jpg\"\/>\n\n","protected":false},"excerpt":{"rendered":"<p>PT-Living Zur\u00fcck zur \u00dcbersicht AUSL\u00c4NDISCHE ARBEITSKR\u00c4FTE Ein Unternehmen wie PT-Creations ist von ausl\u00e4ndischen Arbeitskr\u00e4ften abh\u00e4ngig. Um diese an das eigene Unternehmen zu binden, ist die richtige Unterkunft von unsch\u00e4tzbarem Wert. Dies hat zu unserem Entschluss beigetragen, uns um eine Unterkunft f\u00fcr einen Teil unserer Mitarbeiter zu bem\u00fchen und PT-Living zu gr\u00fcnden. Das Ziel von PT-Living [&hellip;]<\/p>\n","protected":false},"author":5,"featured_media":0,"parent":1726,"menu_order":0,"comment_status":"closed","ping_status":"closed","template":"","meta":{"_acf_changed":false,"inline_featured_image":false,"footnotes":""},"class_list":["post-1708","page","type-page","status-publish","hentry"],"acf":[],"yoast_head":"<!-- This site is optimized with the Yoast SEO plugin v22.7 - https:\/\/yoast.com\/wordpress\/plugins\/seo\/ -->\n<title>PT-Living - PT Creations<\/title>\n<meta name=\"robots\" content=\"index, follow, max-snippet:-1, max-image-preview:large, max-video-preview:-1\" \/>\n<link rel=\"canonical\" href=\"https:\/\/pt-creations.eu\/de\/dienste\/pt-living\/\" \/>\n<meta property=\"og:locale\" content=\"de_DE\" \/>\n<meta property=\"og:type\" content=\"article\" \/>\n<meta property=\"og:title\" content=\"PT-Living - PT Creations\" \/>\n<meta property=\"og:description\" content=\"PT-Living Zur\u00fcck zur \u00dcbersicht AUSL\u00c4NDISCHE ARBEITSKR\u00c4FTE Ein Unternehmen wie PT-Creations ist von ausl\u00e4ndischen Arbeitskr\u00e4ften abh\u00e4ngig. Um diese an das eigene Unternehmen zu binden, ist die richtige Unterkunft von unsch\u00e4tzbarem Wert. Dies hat zu unserem Entschluss beigetragen, uns um eine Unterkunft f\u00fcr einen Teil unserer Mitarbeiter zu bem\u00fchen und PT-Living zu gr\u00fcnden. Das Ziel von PT-Living [&hellip;]\" \/>\n<meta property=\"og:url\" content=\"https:\/\/pt-creations.eu\/de\/dienste\/pt-living\/\" \/>\n<meta property=\"og:site_name\" content=\"PT Creations\" \/>\n<meta property=\"article:modified_time\" content=\"2021-08-18T11:42:15+00:00\" \/>\n<meta property=\"og:image\" content=\"https:\/\/pt-creations.eu\/wp-content\/uploads\/2021\/06\/living.jpg\" \/>\n<meta name=\"twitter:card\" content=\"summary_large_image\" \/>\n<meta name=\"twitter:label1\" content=\"Gesch\u00e4tzte Lesezeit\" \/>\n\t<meta name=\"twitter:data1\" content=\"1\u00a0Minute\" \/>\n<script type=\"application\/ld+json\" class=\"yoast-schema-graph\">{\"@context\":\"https:\/\/schema.org\",\"@graph\":[{\"@type\":\"WebPage\",\"@id\":\"https:\/\/pt-creations.eu\/de\/dienste\/pt-living\/\",\"url\":\"https:\/\/pt-creations.eu\/de\/dienste\/pt-living\/\",\"name\":\"PT-Living - PT Creations\",\"isPartOf\":{\"@id\":\"https:\/\/pt-creations.eu\/de\/#website\"},\"primaryImageOfPage\":{\"@id\":\"https:\/\/pt-creations.eu\/de\/dienste\/pt-living\/#primaryimage\"},\"image\":{\"@id\":\"https:\/\/pt-creations.eu\/de\/dienste\/pt-living\/#primaryimage\"},\"thumbnailUrl\":\"https:\/\/pt-creations.eu\/wp-content\/uploads\/2021\/06\/living.jpg\",\"datePublished\":\"2021-08-16T13:09:30+00:00\",\"dateModified\":\"2021-08-18T11:42:15+00:00\",\"breadcrumb\":{\"@id\":\"https:\/\/pt-creations.eu\/de\/dienste\/pt-living\/#breadcrumb\"},\"inLanguage\":\"de\",\"potentialAction\":[{\"@type\":\"ReadAction\",\"target\":[\"https:\/\/pt-creations.eu\/de\/dienste\/pt-living\/\"]}]},{\"@type\":\"ImageObject\",\"inLanguage\":\"de\",\"@id\":\"https:\/\/pt-creations.eu\/de\/dienste\/pt-living\/#primaryimage\",\"url\":\"https:\/\/pt-creations.eu\/wp-content\/uploads\/2021\/06\/living.jpg\",\"contentUrl\":\"https:\/\/pt-creations.eu\/wp-content\/uploads\/2021\/06\/living.jpg\"},{\"@type\":\"BreadcrumbList\",\"@id\":\"https:\/\/pt-creations.eu\/de\/dienste\/pt-living\/#breadcrumb\",\"itemListElement\":[{\"@type\":\"ListItem\",\"position\":1,\"name\":\"Home\",\"item\":\"https:\/\/pt-creations.eu\/de\/\"},{\"@type\":\"ListItem\",\"position\":2,\"name\":\"DIENSTE\",\"item\":\"https:\/\/pt-creations.eu\/de\/dienste\/\"},{\"@type\":\"ListItem\",\"position\":3,\"name\":\"PT-Living\"}]},{\"@type\":\"WebSite\",\"@id\":\"https:\/\/pt-creations.eu\/de\/#website\",\"url\":\"https:\/\/pt-creations.eu\/de\/\",\"name\":\"PT Creations\",\"description\":\"\",\"potentialAction\":[{\"@type\":\"SearchAction\",\"target\":{\"@type\":\"EntryPoint\",\"urlTemplate\":\"https:\/\/pt-creations.eu\/de\/?s={search_term_string}\"},\"query-input\":\"required name=search_term_string\"}],\"inLanguage\":\"de\"}]}<\/script>\n<!-- \/ Yoast SEO plugin. -->","yoast_head_json":{"title":"PT-Living - PT Creations","robots":{"index":"index","follow":"follow","max-snippet":"max-snippet:-1","max-image-preview":"max-image-preview:large","max-video-preview":"max-video-preview:-1"},"canonical":"https:\/\/pt-creations.eu\/de\/dienste\/pt-living\/","og_locale":"de_DE","og_type":"article","og_title":"PT-Living - PT Creations","og_description":"PT-Living Zur\u00fcck zur \u00dcbersicht AUSL\u00c4NDISCHE ARBEITSKR\u00c4FTE Ein Unternehmen wie PT-Creations ist von ausl\u00e4ndischen Arbeitskr\u00e4ften abh\u00e4ngig. Um diese an das eigene Unternehmen zu binden, ist die richtige Unterkunft von unsch\u00e4tzbarem Wert. Dies hat zu unserem Entschluss beigetragen, uns um eine Unterkunft f\u00fcr einen Teil unserer Mitarbeiter zu bem\u00fchen und PT-Living zu gr\u00fcnden. Das Ziel von PT-Living [&hellip;]","og_url":"https:\/\/pt-creations.eu\/de\/dienste\/pt-living\/","og_site_name":"PT Creations","article_modified_time":"2021-08-18T11:42:15+00:00","og_image":[{"url":"https:\/\/pt-creations.eu\/wp-content\/uploads\/2021\/06\/living.jpg"}],"twitter_card":"summary_large_image","twitter_misc":{"Gesch\u00e4tzte Lesezeit":"1\u00a0Minute"},"schema":{"@context":"https:\/\/schema.org","@graph":[{"@type":"WebPage","@id":"https:\/\/pt-creations.eu\/de\/dienste\/pt-living\/","url":"https:\/\/pt-creations.eu\/de\/dienste\/pt-living\/","name":"PT-Living - PT Creations","isPartOf":{"@id":"https:\/\/pt-creations.eu\/de\/#website"},"primaryImageOfPage":{"@id":"https:\/\/pt-creations.eu\/de\/dienste\/pt-living\/#primaryimage"},"image":{"@id":"https:\/\/pt-creations.eu\/de\/dienste\/pt-living\/#primaryimage"},"thumbnailUrl":"https:\/\/pt-creations.eu\/wp-content\/uploads\/2021\/06\/living.jpg","datePublished":"2021-08-16T13:09:30+00:00","dateModified":"2021-08-18T11:42:15+00:00","breadcrumb":{"@id":"https:\/\/pt-creations.eu\/de\/dienste\/pt-living\/#breadcrumb"},"inLanguage":"de","potentialAction":[{"@type":"ReadAction","target":["https:\/\/pt-creations.eu\/de\/dienste\/pt-living\/"]}]},{"@type":"ImageObject","inLanguage":"de","@id":"https:\/\/pt-creations.eu\/de\/dienste\/pt-living\/#primaryimage","url":"https:\/\/pt-creations.eu\/wp-content\/uploads\/2021\/06\/living.jpg","contentUrl":"https:\/\/pt-creations.eu\/wp-content\/uploads\/2021\/06\/living.jpg"},{"@type":"BreadcrumbList","@id":"https:\/\/pt-creations.eu\/de\/dienste\/pt-living\/#breadcrumb","itemListElement":[{"@type":"ListItem","position":1,"name":"Home","item":"https:\/\/pt-creations.eu\/de\/"},{"@type":"ListItem","position":2,"name":"DIENSTE","item":"https:\/\/pt-creations.eu\/de\/dienste\/"},{"@type":"ListItem","position":3,"name":"PT-Living"}]},{"@type":"WebSite","@id":"https:\/\/pt-creations.eu\/de\/#website","url":"https:\/\/pt-creations.eu\/de\/","name":"PT Creations","description":"","potentialAction":[{"@type":"SearchAction","target":{"@type":"EntryPoint","urlTemplate":"https:\/\/pt-creations.eu\/de\/?s={search_term_string}"},"query-input":"required name=search_term_string"}],"inLanguage":"de"}]}},"_links":{"self":[{"href":"https:\/\/pt-creations.eu\/de\/wp-json\/wp\/v2\/pages\/1708","targetHints":{"allow":["GET"]}}],"collection":[{"href":"https:\/\/pt-creations.eu\/de\/wp-json\/wp\/v2\/pages"}],"about":[{"href":"https:\/\/pt-creations.eu\/de\/wp-json\/wp\/v2\/types\/page"}],"author":[{"embeddable":true,"href":"https:\/\/pt-creations.eu\/de\/wp-json\/wp\/v2\/users\/5"}],"replies":[{"embeddable":true,"href":"https:\/\/pt-creations.eu\/de\/wp-json\/wp\/v2\/comments?post=1708"}],"version-history":[{"count":3,"href":"https:\/\/pt-creations.eu\/de\/wp-json\/wp\/v2\/pages\/1708\/revisions"}],"predecessor-version":[{"id":1904,"href":"https:\/\/pt-creations.eu\/de\/wp-json\/wp\/v2\/pages\/1708\/revisions\/1904"}],"up":[{"embeddable":true,"href":"https:\/\/pt-creations.eu\/de\/wp-json\/wp\/v2\/pages\/1726"}],"wp:attachment":[{"href":"https:\/\/pt-creations.eu\/de\/wp-json\/wp\/v2\/media?parent=1708"}],"curies":[{"name":"wp","href":"https:\/\/api.w.org\/{rel}","templated":true}]}}