{"id":1845,"date":"2021-08-18T12:25:45","date_gmt":"2021-08-18T10:25:45","guid":{"rendered":"https:\/\/pt-creations.eu\/ueber-uns\/nachhaltigkeit\/"},"modified":"2021-08-18T12:51:35","modified_gmt":"2021-08-18T10:51:35","slug":"nachhaltigkeit","status":"publish","type":"page","link":"https:\/\/pt-creations.eu\/de\/ueber-uns\/nachhaltigkeit\/","title":{"rendered":"NACHHALTIGKEIT"},"content":{"rendered":"\n\n    <img decoding=\"async\" src=\"https:\/\/pt-creations.eu\/wp-content\/uploads\/2021\/07\/duurzaamheid.jpg\"\/>\n\t\t<h1>NACHHALTIGKEIT<\/h1>\n\t<h2>Nachhaltigkeit<\/h2>\n<p>&nbsp;<\/p>\nUm der n\u00e4chsten Generation eine gesunde und saubere Welt bieten zu k\u00f6nnen, m\u00fcssen wir uns gut um die Erde k\u00fcmmern.<br \/>\nWeil wir uns dessen bewusst sind, arbeiten wir kontinuierlich an einer Produktion, die die Umwelt so wenig wie m\u00f6glich belastet.\n<p>&nbsp;<\/p>\n<p>Unser Ziel ist es, unseren eigenen Energieverbrauch auf 0 zu reduzieren, mit Hilfe von:<\/p>\n<ul>\n<li>Kraft-W\u00e4rme-Kopplung<\/li>\n<li>Solarpaneelen<\/li>\n<li>LED-Beleuchtung<\/li>\n<\/ul>\n<p>Durch die Trennung in 7 Abfallstr\u00f6me versuchen wir, so viel wie m\u00f6glich zu recyceln und Materialien f\u00fcr die Wiederverwendung aufzubereiten.<\/p>\n<p>F\u00fcr seine Umweltpolitik wurde PT-Creations daher das\u00a0<u><strong>MPS-Gap-Zertifikat<\/strong><\/u>\u00a0verliehen, worauf wir zu Recht stolz sind.<\/p>\n\n","protected":false},"excerpt":{"rendered":"<p>NACHHALTIGKEIT Nachhaltigkeit &nbsp; Um der n\u00e4chsten Generation eine gesunde und saubere Welt bieten zu k\u00f6nnen, m\u00fcssen wir uns gut um die Erde k\u00fcmmern. Weil wir uns dessen bewusst sind, arbeiten wir kontinuierlich an einer Produktion, die die Umwelt so wenig wie m\u00f6glich belastet. &nbsp; Unser Ziel ist es, unseren eigenen Energieverbrauch auf 0 zu reduzieren, [&hellip;]<\/p>\n","protected":false},"author":5,"featured_media":0,"parent":1447,"menu_order":0,"comment_status":"closed","ping_status":"closed","template":"","meta":{"_acf_changed":false,"inline_featured_image":false,"footnotes":""},"class_list":["post-1845","page","type-page","status-publish","hentry"],"acf":[],"yoast_head":"<!-- This site is optimized with the Yoast SEO plugin v22.7 - https:\/\/yoast.com\/wordpress\/plugins\/seo\/ -->\n<title>NACHHALTIGKEIT - PT Creations<\/title>\n<meta name=\"robots\" content=\"index, follow, max-snippet:-1, max-image-preview:large, max-video-preview:-1\" \/>\n<link rel=\"canonical\" href=\"https:\/\/pt-creations.eu\/de\/ueber-uns\/nachhaltigkeit\/\" \/>\n<meta property=\"og:locale\" content=\"de_DE\" \/>\n<meta property=\"og:type\" content=\"article\" \/>\n<meta property=\"og:title\" content=\"NACHHALTIGKEIT - PT Creations\" \/>\n<meta property=\"og:description\" content=\"NACHHALTIGKEIT Nachhaltigkeit &nbsp; Um der n\u00e4chsten Generation eine gesunde und saubere Welt bieten zu k\u00f6nnen, m\u00fcssen wir uns gut um die Erde k\u00fcmmern. Weil wir uns dessen bewusst sind, arbeiten wir kontinuierlich an einer Produktion, die die Umwelt so wenig wie m\u00f6glich belastet. &nbsp; Unser Ziel ist es, unseren eigenen Energieverbrauch auf 0 zu reduzieren, [&hellip;]\" \/>\n<meta property=\"og:url\" content=\"https:\/\/pt-creations.eu\/de\/ueber-uns\/nachhaltigkeit\/\" \/>\n<meta property=\"og:site_name\" content=\"PT Creations\" \/>\n<meta property=\"article:modified_time\" content=\"2021-08-18T10:51:35+00:00\" \/>\n<meta property=\"og:image\" content=\"https:\/\/pt-creations.eu\/wp-content\/uploads\/2021\/07\/duurzaamheid.jpg\" \/>\n<meta name=\"twitter:card\" content=\"summary_large_image\" \/>\n<meta name=\"twitter:label1\" content=\"Gesch\u00e4tzte Lesezeit\" \/>\n\t<meta name=\"twitter:data1\" content=\"1\u00a0Minute\" \/>\n<script type=\"application\/ld+json\" class=\"yoast-schema-graph\">{\"@context\":\"https:\/\/schema.org\",\"@graph\":[{\"@type\":\"WebPage\",\"@id\":\"https:\/\/pt-creations.eu\/de\/ueber-uns\/nachhaltigkeit\/\",\"url\":\"https:\/\/pt-creations.eu\/de\/ueber-uns\/nachhaltigkeit\/\",\"name\":\"NACHHALTIGKEIT - PT Creations\",\"isPartOf\":{\"@id\":\"https:\/\/pt-creations.eu\/de\/#website\"},\"primaryImageOfPage\":{\"@id\":\"https:\/\/pt-creations.eu\/de\/ueber-uns\/nachhaltigkeit\/#primaryimage\"},\"image\":{\"@id\":\"https:\/\/pt-creations.eu\/de\/ueber-uns\/nachhaltigkeit\/#primaryimage\"},\"thumbnailUrl\":\"https:\/\/pt-creations.eu\/wp-content\/uploads\/2021\/07\/duurzaamheid.jpg\",\"datePublished\":\"2021-08-18T10:25:45+00:00\",\"dateModified\":\"2021-08-18T10:51:35+00:00\",\"breadcrumb\":{\"@id\":\"https:\/\/pt-creations.eu\/de\/ueber-uns\/nachhaltigkeit\/#breadcrumb\"},\"inLanguage\":\"de\",\"potentialAction\":[{\"@type\":\"ReadAction\",\"target\":[\"https:\/\/pt-creations.eu\/de\/ueber-uns\/nachhaltigkeit\/\"]}]},{\"@type\":\"ImageObject\",\"inLanguage\":\"de\",\"@id\":\"https:\/\/pt-creations.eu\/de\/ueber-uns\/nachhaltigkeit\/#primaryimage\",\"url\":\"https:\/\/pt-creations.eu\/wp-content\/uploads\/2021\/07\/duurzaamheid.jpg\",\"contentUrl\":\"https:\/\/pt-creations.eu\/wp-content\/uploads\/2021\/07\/duurzaamheid.jpg\"},{\"@type\":\"BreadcrumbList\",\"@id\":\"https:\/\/pt-creations.eu\/de\/ueber-uns\/nachhaltigkeit\/#breadcrumb\",\"itemListElement\":[{\"@type\":\"ListItem\",\"position\":1,\"name\":\"Home\",\"item\":\"https:\/\/pt-creations.eu\/de\/\"},{\"@type\":\"ListItem\",\"position\":2,\"name\":\"\u00dcBER UNS\",\"item\":\"https:\/\/pt-creations.eu\/de\/ueber-uns\/\"},{\"@type\":\"ListItem\",\"position\":3,\"name\":\"NACHHALTIGKEIT\"}]},{\"@type\":\"WebSite\",\"@id\":\"https:\/\/pt-creations.eu\/de\/#website\",\"url\":\"https:\/\/pt-creations.eu\/de\/\",\"name\":\"PT Creations\",\"description\":\"\",\"potentialAction\":[{\"@type\":\"SearchAction\",\"target\":{\"@type\":\"EntryPoint\",\"urlTemplate\":\"https:\/\/pt-creations.eu\/de\/?s={search_term_string}\"},\"query-input\":\"required name=search_term_string\"}],\"inLanguage\":\"de\"}]}<\/script>\n<!-- \/ Yoast SEO plugin. -->","yoast_head_json":{"title":"NACHHALTIGKEIT - PT Creations","robots":{"index":"index","follow":"follow","max-snippet":"max-snippet:-1","max-image-preview":"max-image-preview:large","max-video-preview":"max-video-preview:-1"},"canonical":"https:\/\/pt-creations.eu\/de\/ueber-uns\/nachhaltigkeit\/","og_locale":"de_DE","og_type":"article","og_title":"NACHHALTIGKEIT - PT Creations","og_description":"NACHHALTIGKEIT Nachhaltigkeit &nbsp; Um der n\u00e4chsten Generation eine gesunde und saubere Welt bieten zu k\u00f6nnen, m\u00fcssen wir uns gut um die Erde k\u00fcmmern. Weil wir uns dessen bewusst sind, arbeiten wir kontinuierlich an einer Produktion, die die Umwelt so wenig wie m\u00f6glich belastet. &nbsp; Unser Ziel ist es, unseren eigenen Energieverbrauch auf 0 zu reduzieren, [&hellip;]","og_url":"https:\/\/pt-creations.eu\/de\/ueber-uns\/nachhaltigkeit\/","og_site_name":"PT Creations","article_modified_time":"2021-08-18T10:51:35+00:00","og_image":[{"url":"https:\/\/pt-creations.eu\/wp-content\/uploads\/2021\/07\/duurzaamheid.jpg"}],"twitter_card":"summary_large_image","twitter_misc":{"Gesch\u00e4tzte Lesezeit":"1\u00a0Minute"},"schema":{"@context":"https:\/\/schema.org","@graph":[{"@type":"WebPage","@id":"https:\/\/pt-creations.eu\/de\/ueber-uns\/nachhaltigkeit\/","url":"https:\/\/pt-creations.eu\/de\/ueber-uns\/nachhaltigkeit\/","name":"NACHHALTIGKEIT - PT Creations","isPartOf":{"@id":"https:\/\/pt-creations.eu\/de\/#website"},"primaryImageOfPage":{"@id":"https:\/\/pt-creations.eu\/de\/ueber-uns\/nachhaltigkeit\/#primaryimage"},"image":{"@id":"https:\/\/pt-creations.eu\/de\/ueber-uns\/nachhaltigkeit\/#primaryimage"},"thumbnailUrl":"https:\/\/pt-creations.eu\/wp-content\/uploads\/2021\/07\/duurzaamheid.jpg","datePublished":"2021-08-18T10:25:45+00:00","dateModified":"2021-08-18T10:51:35+00:00","breadcrumb":{"@id":"https:\/\/pt-creations.eu\/de\/ueber-uns\/nachhaltigkeit\/#breadcrumb"},"inLanguage":"de","potentialAction":[{"@type":"ReadAction","target":["https:\/\/pt-creations.eu\/de\/ueber-uns\/nachhaltigkeit\/"]}]},{"@type":"ImageObject","inLanguage":"de","@id":"https:\/\/pt-creations.eu\/de\/ueber-uns\/nachhaltigkeit\/#primaryimage","url":"https:\/\/pt-creations.eu\/wp-content\/uploads\/2021\/07\/duurzaamheid.jpg","contentUrl":"https:\/\/pt-creations.eu\/wp-content\/uploads\/2021\/07\/duurzaamheid.jpg"},{"@type":"BreadcrumbList","@id":"https:\/\/pt-creations.eu\/de\/ueber-uns\/nachhaltigkeit\/#breadcrumb","itemListElement":[{"@type":"ListItem","position":1,"name":"Home","item":"https:\/\/pt-creations.eu\/de\/"},{"@type":"ListItem","position":2,"name":"\u00dcBER UNS","item":"https:\/\/pt-creations.eu\/de\/ueber-uns\/"},{"@type":"ListItem","position":3,"name":"NACHHALTIGKEIT"}]},{"@type":"WebSite","@id":"https:\/\/pt-creations.eu\/de\/#website","url":"https:\/\/pt-creations.eu\/de\/","name":"PT Creations","description":"","potentialAction":[{"@type":"SearchAction","target":{"@type":"EntryPoint","urlTemplate":"https:\/\/pt-creations.eu\/de\/?s={search_term_string}"},"query-input":"required name=search_term_string"}],"inLanguage":"de"}]}},"_links":{"self":[{"href":"https:\/\/pt-creations.eu\/de\/wp-json\/wp\/v2\/pages\/1845","targetHints":{"allow":["GET"]}}],"collection":[{"href":"https:\/\/pt-creations.eu\/de\/wp-json\/wp\/v2\/pages"}],"about":[{"href":"https:\/\/pt-creations.eu\/de\/wp-json\/wp\/v2\/types\/page"}],"author":[{"embeddable":true,"href":"https:\/\/pt-creations.eu\/de\/wp-json\/wp\/v2\/users\/5"}],"replies":[{"embeddable":true,"href":"https:\/\/pt-creations.eu\/de\/wp-json\/wp\/v2\/comments?post=1845"}],"version-history":[{"count":3,"href":"https:\/\/pt-creations.eu\/de\/wp-json\/wp\/v2\/pages\/1845\/revisions"}],"predecessor-version":[{"id":1861,"href":"https:\/\/pt-creations.eu\/de\/wp-json\/wp\/v2\/pages\/1845\/revisions\/1861"}],"up":[{"embeddable":true,"href":"https:\/\/pt-creations.eu\/de\/wp-json\/wp\/v2\/pages\/1447"}],"wp:attachment":[{"href":"https:\/\/pt-creations.eu\/de\/wp-json\/wp\/v2\/media?parent=1845"}],"curies":[{"name":"wp","href":"https:\/\/api.w.org\/{rel}","templated":true}]}}