{"id":1440,"date":"2021-07-26T13:51:43","date_gmt":"2021-07-26T11:51:43","guid":{"rendered":"https:\/\/pt-creations.eu\/arrangements\/"},"modified":"2023-05-03T08:46:27","modified_gmt":"2023-05-03T06:46:27","slug":"arrangements","status":"publish","type":"page","link":"https:\/\/pt-creations.eu\/fr\/arrangements\/","title":{"rendered":"ARRANGEMENTS"},"content":{"rendered":"\n\n    <img decoding=\"async\" src=\"https:\/\/pt-creations.eu\/wp-content\/uploads\/2021\/03\/page-banner_2.png\"\/>\n\t\t<h1>ARRANGEMENTS<\/h1>\n\t\t\t\t\t<a href=\"https:\/\/www.pt-creations.nl\/webshop\/?lang=fr\" target=\"_blank\" rel=\"noopener\">\n\t\t\t\tALLEZ SUR LA BOUTIQUE EN LIGNE\n\t\t\t\t\t\t\t\t\t<img decoding=\"async\" src=\"\/wp-content\/themes\/bb-blank-child\/img\/arrow-right.svg\"\/>\n\t\t\t\t\t\t\t<\/a>\n\t\t<a href=\"https:\/\/pt-creations.eu\/fr\/arrangementen\/narcissus-tete-a-tete-fr\/\">\n\t\t\t\t\t\t\t<img decoding=\"async\" src=\"https:\/\/pt-creations.eu\/wp-content\/uploads\/2021\/06\/PTNB5203-300x300.png\"\/>\n\t\t\t<h2>Narcissus tete a tete (6)<\/h2>\n\t\t<\/a>\n\t\t<a href=\"https:\/\/pt-creations.eu\/fr\/arrangementen\/muscari-blue-magic-fr\/\">\n\t\t\t\t\t\t\t<img decoding=\"async\" src=\"https:\/\/pt-creations.eu\/wp-content\/uploads\/2021\/06\/PTMB1865-1-300x300.png\"\/>\n\t\t\t<h2>Muscari Blue Magic (6)<\/h2>\n\t\t<\/a>\n\t\t<a href=\"https:\/\/pt-creations.eu\/fr\/arrangementen\/arrangements-de-la-saint-valentin\/\">\n\t\t\t\t\t\t\t<img decoding=\"async\" src=\"https:\/\/pt-creations.eu\/wp-content\/uploads\/2021\/06\/PTVG2012-1-300x300.png\"\/>\n\t\t\t<h2>Arrangements de la Saint-Valentin (6)<\/h2>\n\t\t<\/a>\n\t\t<a href=\"https:\/\/pt-creations.eu\/fr\/arrangementen\/paques-arrangements\/\">\n\t\t\t\t\t\t\t<img decoding=\"async\" src=\"https:\/\/pt-creations.eu\/wp-content\/uploads\/2021\/06\/PTPB1311-1-300x300.png\"\/>\n\t\t\t<h2>P\u00e2ques Arrangements (6)<\/h2>\n\t\t<\/a>\n\t\t<a href=\"https:\/\/pt-creations.eu\/fr\/arrangementen\/plantes-a-massif\/\">\n\t\t\t\t\t\t\t<img decoding=\"async\" src=\"https:\/\/pt-creations.eu\/wp-content\/uploads\/2021\/06\/PTPP8903-1-300x300.png\"\/>\n\t\t\t<h2>Plantes \u00e0 massif (6)<\/h2>\n\t\t<\/a>\n\t\t<a href=\"https:\/\/pt-creations.eu\/fr\/arrangementen\/phalaenopsis-fr\/\">\n\t\t\t\t\t\t\t<img decoding=\"async\" src=\"https:\/\/pt-creations.eu\/wp-content\/uploads\/2021\/06\/PTPH3103-1-300x300.png\"\/>\n\t\t\t<h2>Phalaenopsis (6)<\/h2>\n\t\t<\/a>\n\t\t<a href=\"https:\/\/pt-creations.eu\/fr\/arrangementen\/fete-des-meres\/\">\n\t\t\t\t\t\t\t<img decoding=\"async\" src=\"https:\/\/pt-creations.eu\/wp-content\/uploads\/2021\/06\/PTVG2042-1-300x300.png\"\/>\n\t\t\t<h2>F\u00eate des m\u00e8res (6)<\/h2>\n\t\t<\/a>\n\t\t<a href=\"https:\/\/pt-creations.eu\/fr\/arrangementen\/maritime-lete\/\">\n\t\t\t\t\t\t\t<img decoding=\"async\" src=\"https:\/\/pt-creations.eu\/wp-content\/uploads\/2021\/06\/PTMZ6649-1-300x300.png\"\/>\n\t\t\t<h2>Maritime &#8211; l&#039;\u00e9t\u00e9 (6)<\/h2>\n\t\t<\/a>\n\t\t<a href=\"https:\/\/pt-creations.eu\/fr\/arrangementen\/sempervivum-fr\/\">\n\t\t\t\t\t\t\t<img decoding=\"async\" src=\"https:\/\/pt-creations.eu\/wp-content\/uploads\/2021\/06\/PTS9408-1-300x300.png\"\/>\n\t\t\t<h2>Sempervivum (6)<\/h2>\n\t\t<\/a>\n\t\t<a href=\"https:\/\/pt-creations.eu\/fr\/arrangementen\/succulenten-fr\/\">\n\t\t\t\t\t\t\t<img decoding=\"async\" src=\"https:\/\/pt-creations.eu\/wp-content\/uploads\/2021\/03\/arrangement-item-300x300.png\"\/>\n\t\t\t<h2>Succulenten (6)<\/h2>\n\t\t<\/a>\n\t\t<a href=\"https:\/\/pt-creations.eu\/fr\/arrangementen\/cactus-fr\/\">\n\t\t\t\t\t\t\t<img decoding=\"async\" src=\"https:\/\/pt-creations.eu\/wp-content\/uploads\/2021\/06\/PTCT1846-1-300x300.png\"\/>\n\t\t\t<h2>Cactus (6)<\/h2>\n\t\t<\/a>\n\t\t<a href=\"https:\/\/pt-creations.eu\/fr\/arrangementen\/deco-dautomne\/\">\n\t\t\t\t\t\t\t<img decoding=\"async\" src=\"https:\/\/pt-creations.eu\/wp-content\/uploads\/2021\/06\/PTHD9901-1-300x300.png\"\/>\n\t\t\t<h2>D\u00e9co d&#039;automne (6)<\/h2>\n\t\t<\/a>\n\t\t<a href=\"https:\/\/pt-creations.eu\/fr\/arrangementen\/automne-arrangements\/\">\n\t\t\t\t\t\t\t<img decoding=\"async\" src=\"https:\/\/pt-creations.eu\/wp-content\/uploads\/2021\/06\/PTHG3476-1-300x300.png\"\/>\n\t\t\t<h2>Automne Arrangements (6)<\/h2>\n\t\t<\/a>\n\t\t<a href=\"https:\/\/pt-creations.eu\/fr\/arrangementen\/automne-exterieur\/\">\n\t\t\t\t\t\t\t<img decoding=\"async\" src=\"https:\/\/pt-creations.eu\/wp-content\/uploads\/2021\/06\/PTHO4502-1-300x300.png\"\/>\n\t\t\t<h2>Automne Ext\u00e9rieur (6)<\/h2>\n\t\t<\/a>\n\t\t<a href=\"https:\/\/pt-creations.eu\/fr\/arrangementen\/deco-de-noel\/\">\n\t\t\t\t\t\t\t<img decoding=\"async\" src=\"https:\/\/pt-creations.eu\/wp-content\/uploads\/2021\/06\/COLK2-1-300x300.png\"\/>\n\t\t\t<h2>D\u00e9co de no\u00ebl (6)<\/h2>\n\t\t<\/a>\n\t\t<a href=\"https:\/\/pt-creations.eu\/fr\/arrangementen\/noel-arrangements\/\">\n\t\t\t\t\t\t\t<img decoding=\"async\" src=\"https:\/\/pt-creations.eu\/wp-content\/uploads\/2021\/06\/PTKB2801-1-300x300.png\"\/>\n\t\t\t<h2>No\u00ebl Arrangements (6)<\/h2>\n\t\t<\/a>\n\t\t<a href=\"https:\/\/pt-creations.eu\/fr\/arrangementen\/arbres-de-noel\/\">\n\t\t\t\t\t\t\t<img decoding=\"async\" src=\"https:\/\/pt-creations.eu\/wp-content\/uploads\/2021\/06\/PTK124-1-300x300.png\"\/>\n\t\t\t<h2>Arbres de no\u00ebl (6)<\/h2>\n\t\t<\/a>\n\t\t<a href=\"https:\/\/pt-creations.eu\/fr\/arrangementen\/amaryllis-arrangements-fr\/\">\n\t\t\t\t\t\t\t<img decoding=\"async\" src=\"https:\/\/pt-creations.eu\/wp-content\/uploads\/2021\/06\/PTAB8203-1-300x300.png\"\/>\n\t\t\t<h2>Amaryllis Arrangements (6)<\/h2>\n\t\t<\/a>\n\t\t<a href=\"https:\/\/pt-creations.eu\/fr\/arrangementen\/jacinthe-arrangements\/\">\n\t\t\t\t\t\t\t<img decoding=\"async\" src=\"https:\/\/pt-creations.eu\/wp-content\/uploads\/2021\/06\/PTHCB2118-1-300x300.png\"\/>\n\t\t\t<h2>Jacinthe Arrangements (6)<\/h2>\n\t\t<\/a>\n\t\t<a href=\"https:\/\/pt-creations.eu\/fr\/arrangementen\/nouvel-an\/\">\n\t\t\t\t\t\t\t<img decoding=\"async\" src=\"https:\/\/pt-creations.eu\/wp-content\/uploads\/2021\/06\/PTON9802-1-300x300.png\"\/>\n\t\t\t<h2>Nouvel An (6)<\/h2>\n\t\t<\/a>\n\n","protected":false},"excerpt":{"rendered":"<p>ARRANGEMENTS ALLEZ SUR LA BOUTIQUE EN LIGNE Narcissus tete a tete (6) Muscari Blue Magic (6) Arrangements de la Saint-Valentin (6) P\u00e2ques Arrangements (6) Plantes \u00e0 massif (6) Phalaenopsis (6) F\u00eate des m\u00e8res (6) Maritime &#8211; l&#039;\u00e9t\u00e9 (6) Sempervivum (6) Succulenten (6) Cactus (6) D\u00e9co d&#039;automne (6) Automne Arrangements (6) Automne Ext\u00e9rieur (6) D\u00e9co de [&hellip;]<\/p>\n","protected":false},"author":5,"featured_media":0,"parent":0,"menu_order":0,"comment_status":"closed","ping_status":"closed","template":"","meta":{"_acf_changed":false,"inline_featured_image":false,"footnotes":""},"class_list":["post-1440","page","type-page","status-publish","hentry"],"acf":[],"yoast_head":"<!-- This site is optimized with the Yoast SEO plugin v22.7 - https:\/\/yoast.com\/wordpress\/plugins\/seo\/ -->\n<title>ARRANGEMENTS - PT Creations<\/title>\n<meta name=\"robots\" content=\"index, follow, max-snippet:-1, max-image-preview:large, max-video-preview:-1\" \/>\n<link rel=\"canonical\" href=\"https:\/\/pt-creations.eu\/fr\/arrangements\/\" \/>\n<meta property=\"og:locale\" content=\"fr_FR\" \/>\n<meta property=\"og:type\" content=\"article\" \/>\n<meta property=\"og:title\" content=\"ARRANGEMENTS - PT Creations\" \/>\n<meta property=\"og:description\" content=\"ARRANGEMENTS ALLEZ SUR LA BOUTIQUE EN LIGNE Narcissus tete a tete (6) Muscari Blue Magic (6) Arrangements de la Saint-Valentin (6) P\u00e2ques Arrangements (6) Plantes \u00e0 massif (6) Phalaenopsis (6) F\u00eate des m\u00e8res (6) Maritime &#8211; l&#039;\u00e9t\u00e9 (6) Sempervivum (6) Succulenten (6) Cactus (6) D\u00e9co d&#039;automne (6) Automne Arrangements (6) Automne Ext\u00e9rieur (6) D\u00e9co de [&hellip;]\" \/>\n<meta property=\"og:url\" content=\"https:\/\/pt-creations.eu\/fr\/arrangements\/\" \/>\n<meta property=\"og:site_name\" content=\"PT Creations\" \/>\n<meta property=\"article:modified_time\" content=\"2023-05-03T06:46:27+00:00\" \/>\n<meta property=\"og:image\" content=\"https:\/\/pt-creations.eu\/wp-content\/uploads\/2021\/03\/page-banner_2.png\" \/>\n<meta name=\"twitter:card\" content=\"summary_large_image\" \/>\n<script type=\"application\/ld+json\" class=\"yoast-schema-graph\">{\"@context\":\"https:\/\/schema.org\",\"@graph\":[{\"@type\":\"WebPage\",\"@id\":\"https:\/\/pt-creations.eu\/fr\/arrangements\/\",\"url\":\"https:\/\/pt-creations.eu\/fr\/arrangements\/\",\"name\":\"ARRANGEMENTS - PT Creations\",\"isPartOf\":{\"@id\":\"https:\/\/pt-creations.eu\/fr\/#website\"},\"primaryImageOfPage\":{\"@id\":\"https:\/\/pt-creations.eu\/fr\/arrangements\/#primaryimage\"},\"image\":{\"@id\":\"https:\/\/pt-creations.eu\/fr\/arrangements\/#primaryimage\"},\"thumbnailUrl\":\"https:\/\/pt-creations.eu\/wp-content\/uploads\/2021\/03\/page-banner_2.png\",\"datePublished\":\"2021-07-26T11:51:43+00:00\",\"dateModified\":\"2023-05-03T06:46:27+00:00\",\"breadcrumb\":{\"@id\":\"https:\/\/pt-creations.eu\/fr\/arrangements\/#breadcrumb\"},\"inLanguage\":\"fr-FR\",\"potentialAction\":[{\"@type\":\"ReadAction\",\"target\":[\"https:\/\/pt-creations.eu\/fr\/arrangements\/\"]}]},{\"@type\":\"ImageObject\",\"inLanguage\":\"fr-FR\",\"@id\":\"https:\/\/pt-creations.eu\/fr\/arrangements\/#primaryimage\",\"url\":\"https:\/\/pt-creations.eu\/wp-content\/uploads\/2021\/03\/page-banner_2.png\",\"contentUrl\":\"https:\/\/pt-creations.eu\/wp-content\/uploads\/2021\/03\/page-banner_2.png\"},{\"@type\":\"BreadcrumbList\",\"@id\":\"https:\/\/pt-creations.eu\/fr\/arrangements\/#breadcrumb\",\"itemListElement\":[{\"@type\":\"ListItem\",\"position\":1,\"name\":\"Home\",\"item\":\"https:\/\/pt-creations.eu\/fr\/\"},{\"@type\":\"ListItem\",\"position\":2,\"name\":\"ARRANGEMENTS\"}]},{\"@type\":\"WebSite\",\"@id\":\"https:\/\/pt-creations.eu\/fr\/#website\",\"url\":\"https:\/\/pt-creations.eu\/fr\/\",\"name\":\"PT Creations\",\"description\":\"\",\"potentialAction\":[{\"@type\":\"SearchAction\",\"target\":{\"@type\":\"EntryPoint\",\"urlTemplate\":\"https:\/\/pt-creations.eu\/fr\/?s={search_term_string}\"},\"query-input\":\"required name=search_term_string\"}],\"inLanguage\":\"fr-FR\"}]}<\/script>\n<!-- \/ Yoast SEO plugin. -->","yoast_head_json":{"title":"ARRANGEMENTS - PT Creations","robots":{"index":"index","follow":"follow","max-snippet":"max-snippet:-1","max-image-preview":"max-image-preview:large","max-video-preview":"max-video-preview:-1"},"canonical":"https:\/\/pt-creations.eu\/fr\/arrangements\/","og_locale":"fr_FR","og_type":"article","og_title":"ARRANGEMENTS - PT Creations","og_description":"ARRANGEMENTS ALLEZ SUR LA BOUTIQUE EN LIGNE Narcissus tete a tete (6) Muscari Blue Magic (6) Arrangements de la Saint-Valentin (6) P\u00e2ques Arrangements (6) Plantes \u00e0 massif (6) Phalaenopsis (6) F\u00eate des m\u00e8res (6) Maritime &#8211; l&#039;\u00e9t\u00e9 (6) Sempervivum (6) Succulenten (6) Cactus (6) D\u00e9co d&#039;automne (6) Automne Arrangements (6) Automne Ext\u00e9rieur (6) D\u00e9co de [&hellip;]","og_url":"https:\/\/pt-creations.eu\/fr\/arrangements\/","og_site_name":"PT Creations","article_modified_time":"2023-05-03T06:46:27+00:00","og_image":[{"url":"https:\/\/pt-creations.eu\/wp-content\/uploads\/2021\/03\/page-banner_2.png"}],"twitter_card":"summary_large_image","schema":{"@context":"https:\/\/schema.org","@graph":[{"@type":"WebPage","@id":"https:\/\/pt-creations.eu\/fr\/arrangements\/","url":"https:\/\/pt-creations.eu\/fr\/arrangements\/","name":"ARRANGEMENTS - PT Creations","isPartOf":{"@id":"https:\/\/pt-creations.eu\/fr\/#website"},"primaryImageOfPage":{"@id":"https:\/\/pt-creations.eu\/fr\/arrangements\/#primaryimage"},"image":{"@id":"https:\/\/pt-creations.eu\/fr\/arrangements\/#primaryimage"},"thumbnailUrl":"https:\/\/pt-creations.eu\/wp-content\/uploads\/2021\/03\/page-banner_2.png","datePublished":"2021-07-26T11:51:43+00:00","dateModified":"2023-05-03T06:46:27+00:00","breadcrumb":{"@id":"https:\/\/pt-creations.eu\/fr\/arrangements\/#breadcrumb"},"inLanguage":"fr-FR","potentialAction":[{"@type":"ReadAction","target":["https:\/\/pt-creations.eu\/fr\/arrangements\/"]}]},{"@type":"ImageObject","inLanguage":"fr-FR","@id":"https:\/\/pt-creations.eu\/fr\/arrangements\/#primaryimage","url":"https:\/\/pt-creations.eu\/wp-content\/uploads\/2021\/03\/page-banner_2.png","contentUrl":"https:\/\/pt-creations.eu\/wp-content\/uploads\/2021\/03\/page-banner_2.png"},{"@type":"BreadcrumbList","@id":"https:\/\/pt-creations.eu\/fr\/arrangements\/#breadcrumb","itemListElement":[{"@type":"ListItem","position":1,"name":"Home","item":"https:\/\/pt-creations.eu\/fr\/"},{"@type":"ListItem","position":2,"name":"ARRANGEMENTS"}]},{"@type":"WebSite","@id":"https:\/\/pt-creations.eu\/fr\/#website","url":"https:\/\/pt-creations.eu\/fr\/","name":"PT Creations","description":"","potentialAction":[{"@type":"SearchAction","target":{"@type":"EntryPoint","urlTemplate":"https:\/\/pt-creations.eu\/fr\/?s={search_term_string}"},"query-input":"required name=search_term_string"}],"inLanguage":"fr-FR"}]}},"_links":{"self":[{"href":"https:\/\/pt-creations.eu\/fr\/wp-json\/wp\/v2\/pages\/1440","targetHints":{"allow":["GET"]}}],"collection":[{"href":"https:\/\/pt-creations.eu\/fr\/wp-json\/wp\/v2\/pages"}],"about":[{"href":"https:\/\/pt-creations.eu\/fr\/wp-json\/wp\/v2\/types\/page"}],"author":[{"embeddable":true,"href":"https:\/\/pt-creations.eu\/fr\/wp-json\/wp\/v2\/users\/5"}],"replies":[{"embeddable":true,"href":"https:\/\/pt-creations.eu\/fr\/wp-json\/wp\/v2\/comments?post=1440"}],"version-history":[{"count":1,"href":"https:\/\/pt-creations.eu\/fr\/wp-json\/wp\/v2\/pages\/1440\/revisions"}],"predecessor-version":[{"id":2895,"href":"https:\/\/pt-creations.eu\/fr\/wp-json\/wp\/v2\/pages\/1440\/revisions\/2895"}],"wp:attachment":[{"href":"https:\/\/pt-creations.eu\/fr\/wp-json\/wp\/v2\/media?parent=1440"}],"curies":[{"name":"wp","href":"https:\/\/api.w.org\/{rel}","templated":true}]}}