{"id":1450,"date":"2021-08-16T12:29:10","date_gmt":"2021-08-16T10:29:10","guid":{"rendered":"https:\/\/pt-creations.eu\/qui-sommes-nous\/"},"modified":"2022-11-09T15:33:18","modified_gmt":"2022-11-09T14:33:18","slug":"qui-sommes-nous","status":"publish","type":"page","link":"https:\/\/pt-creations.eu\/fr\/qui-sommes-nous\/","title":{"rendered":"QUI SOMMES-NOUS ?"},"content":{"rendered":"\n\n    <img decoding=\"async\" src=\"https:\/\/pt-creations.eu\/wp-content\/uploads\/2021\/07\/Living.jpg\"\/>\n\t\t<h1>QUI SOMMES-NOUS ?<\/h1>\n\t<p>PT-Creations est une entreprise moderne qui propose une collection de produits novateurs et contemporains. Nous vous proposons tout ce dont vous avez besoin sous le m\u00eame toit. Nous importons nous-m\u00eames des produits de diff\u00e9rents pays, ce qui nous permet de combiner les toutes derni\u00e8res tendances en mati\u00e8re de c\u00e9ramique, de paniers et de verre. Disposant d&rsquo;une vaste gamme de produits, PT-Creations est le fournisseur de divers r\u00e9seaux de vente, tels que les jardineries, les fleuristes, les exportateurs, les d\u00e9taillants, les grossistes et les transporteurs.<\/p>\n<p>&nbsp;<\/p>\n<h2><strong>Fondation<\/strong><\/h2>\n<p>&nbsp;<\/p>\n<p>En 1991, Peter Timmermans a fond\u00e9, avec son fils Mark, la p\u00e9pini\u00e8re commerciale Peter Timmermans \u00e0 Werkendam. Peter Timmermans, fort de ses 22 ann\u00e9es d&rsquo;exp\u00e9rience dans le commerce des plantes et la culture des conif\u00e8res, s&rsquo;est alors lanc\u00e9 dans l&rsquo;aventure.<\/p>\n<p>Peter, Mark et le cousin Nico ont commenc\u00e9 \u00e0 travailler comme transporteurs et ont effectu\u00e9 des tourn\u00e9es d&rsquo;usine chaque semaine. Les plantes d&rsquo;int\u00e9rieur et de jardin \u00e9taient vendues directement du camion. En 1996, l&rsquo;entreprise a d\u00e9m\u00e9nag\u00e9 \u00e0 Veen afin de pouvoir se d\u00e9velopper davantage. Cette d\u00e9cision s&rsquo;est rapidement av\u00e9r\u00e9e \u00eatre un excellent choix et la soci\u00e9t\u00e9 a continu\u00e9 \u00e0 se d\u00e9velopper progressivement.<\/p>\n<p>Trois ans apr\u00e8s, le moment \u00e9tait d\u00e9j\u00e0 venu de passer \u00e0 l&rsquo;\u00e9tape suivante. En 1999, la nouvelle salle et la serre ont \u00e9t\u00e9 construites \u00e0 Wijk en Aalburg. Ainsi, tout \u00e9tait centralis\u00e9 sur un seul site ce qui permettait d&rsquo;effectuer un travail plus efficace.<\/p>\n<p>&nbsp;<\/p>\n<h2><strong>Arrangements de plantes<\/strong><\/h2>\n<p>&nbsp;<\/p>\n<p>En 2004, la demande d&rsquo;<strong><u>arrangements de plantes\u00a0<\/u><\/strong>a augment\u00e9. Mark a ainsi fait ses premiers pas dans ce monde. Une p\u00e9riode mouvement\u00e9e a suivi. Pendant la journ\u00e9e, Mark effectuait sa tourn\u00e9e en compagnie de divers clients et, pendant les heures suppl\u00e9mentaires, il commen\u00e7ait \u00e0 pr\u00e9parer des d\u00e9cors v\u00e9g\u00e9taux. Il a fallu rapidement embaucher du personnel pour faire face \u00e0 une forte demande de la part des clients. Ces ann\u00e9es ont \u00e9t\u00e9 suivies d&rsquo;une croissance importante.<\/p>\n<p>&nbsp;<\/p>\n<p>En 2014, une importante expansion a \u00e9t\u00e9 r\u00e9alis\u00e9e et nos locaux actuels ont vu le jour. Des zones de production et des capacit\u00e9s de stockage suppl\u00e9mentaires ont \u00e9t\u00e9 ajout\u00e9es pour am\u00e9liorer le processus de production. En ajoutant\u00a0<u><strong>PT-Warehousing, PT-Nurseries\u00a0<\/strong><\/u>et<u><strong>\u00a0PT-Living,<\/strong><\/u>\u00a0nous sommes par\u00e9s pour l&rsquo;avenir et pouvons r\u00e9pondre de mani\u00e8re optimale aux besoins de nos clients.<\/p>\n\t<h2><strong>Salle d&rsquo;exposition<\/strong><\/h2>\n<p><strong>\u00a0<\/strong><\/p>\n<p>Nos locaux \u00e0 Wijk en Aalburg comprennent \u00e9galement une salle d&rsquo;exposition. Vous y trouverez des exemples de nos arrangements. Pour prendre rendez-vous avec nous, cliquez\u00a0<u><strong>ici.<\/strong><\/u><\/p>\n<p>&nbsp;<\/p>\n<h2><strong>Cash &amp; Carry Veen<\/strong><\/h2>\n<p>&nbsp;<\/p>\n<p>Il est \u00e9galement possible de faire appel au service Cash and Carry. PT Creations dispose d&rsquo;un hall \u00e0 Veen. En plus des commandes num\u00e9riques et t\u00e9l\u00e9phoniques, il est \u00e9galement possible de passer et d&#8217;emporter une commande directement ici. PT-Veen est situ\u00e9 au Verre Weide 1 \u00e0 Veen.<\/p>\n<p>&nbsp;<\/p>\n<h2><strong>Transport<\/strong><\/h2>\n<p><strong>\u00a0<\/strong><\/p>\n<p>Nous disposons de nos propres camions modernes pour le transport de nos produits. Ces v\u00e9hicules sont, \u00e0 l&rsquo;image de notre politique d&rsquo;entreprise, aussi propres que possible et les moins nocifs pour l&rsquo;environnement. Chaque jour, nous livrons nos clients et nos ventes aux ench\u00e8res et nous collectons nos produits en provenance des producteurs avec lesquels nous travaillons. Nos marchandises import\u00e9es (importations de mat\u00e9riaux de d\u00e9coration) sont transbord\u00e9es sur de petits navires dans le port de Rotterdam apr\u00e8s leur arriv\u00e9e et achemin\u00e9es vers un terminal \u00e0 Gorinchem. De l\u00e0, nous transportons les conteneurs avec nos propres voitures jusqu&rsquo;\u00e0 l&rsquo;entrep\u00f4t de Veen.<\/p>\n\n","protected":false},"excerpt":{"rendered":"<p>QUI SOMMES-NOUS ? PT-Creations est une entreprise moderne qui propose une collection de produits novateurs et contemporains. Nous vous proposons tout ce dont vous avez besoin sous le m\u00eame toit. Nous importons nous-m\u00eames des produits de diff\u00e9rents pays, ce qui nous permet de combiner les toutes derni\u00e8res tendances en mati\u00e8re de c\u00e9ramique, de paniers et [&hellip;]<\/p>\n","protected":false},"author":5,"featured_media":0,"parent":0,"menu_order":0,"comment_status":"closed","ping_status":"closed","template":"","meta":{"_acf_changed":false,"inline_featured_image":false,"footnotes":""},"class_list":["post-1450","page","type-page","status-publish","hentry"],"acf":[],"yoast_head":"<!-- This site is optimized with the Yoast SEO plugin v22.7 - https:\/\/yoast.com\/wordpress\/plugins\/seo\/ -->\n<title>QUI SOMMES-NOUS ? - PT Creations<\/title>\n<meta name=\"robots\" content=\"index, follow, max-snippet:-1, max-image-preview:large, max-video-preview:-1\" \/>\n<link rel=\"canonical\" href=\"https:\/\/pt-creations.eu\/fr\/qui-sommes-nous\/\" \/>\n<meta property=\"og:locale\" content=\"fr_FR\" \/>\n<meta property=\"og:type\" content=\"article\" \/>\n<meta property=\"og:title\" content=\"QUI SOMMES-NOUS ? - PT Creations\" \/>\n<meta property=\"og:description\" content=\"QUI SOMMES-NOUS ? PT-Creations est une entreprise moderne qui propose une collection de produits novateurs et contemporains. Nous vous proposons tout ce dont vous avez besoin sous le m\u00eame toit. Nous importons nous-m\u00eames des produits de diff\u00e9rents pays, ce qui nous permet de combiner les toutes derni\u00e8res tendances en mati\u00e8re de c\u00e9ramique, de paniers et [&hellip;]\" \/>\n<meta property=\"og:url\" content=\"https:\/\/pt-creations.eu\/fr\/qui-sommes-nous\/\" \/>\n<meta property=\"og:site_name\" content=\"PT Creations\" \/>\n<meta property=\"article:modified_time\" content=\"2022-11-09T14:33:18+00:00\" \/>\n<meta property=\"og:image\" content=\"https:\/\/pt-creations.eu\/wp-content\/uploads\/2021\/07\/Living.jpg\" \/>\n<meta name=\"twitter:card\" content=\"summary_large_image\" \/>\n<meta name=\"twitter:label1\" content=\"Dur\u00e9e de lecture estim\u00e9e\" \/>\n\t<meta name=\"twitter:data1\" content=\"3 minutes\" \/>\n<script type=\"application\/ld+json\" class=\"yoast-schema-graph\">{\"@context\":\"https:\/\/schema.org\",\"@graph\":[{\"@type\":\"WebPage\",\"@id\":\"https:\/\/pt-creations.eu\/fr\/qui-sommes-nous\/\",\"url\":\"https:\/\/pt-creations.eu\/fr\/qui-sommes-nous\/\",\"name\":\"QUI SOMMES-NOUS ? - PT Creations\",\"isPartOf\":{\"@id\":\"https:\/\/pt-creations.eu\/fr\/#website\"},\"primaryImageOfPage\":{\"@id\":\"https:\/\/pt-creations.eu\/fr\/qui-sommes-nous\/#primaryimage\"},\"image\":{\"@id\":\"https:\/\/pt-creations.eu\/fr\/qui-sommes-nous\/#primaryimage\"},\"thumbnailUrl\":\"https:\/\/pt-creations.eu\/wp-content\/uploads\/2021\/07\/Living.jpg\",\"datePublished\":\"2021-08-16T10:29:10+00:00\",\"dateModified\":\"2022-11-09T14:33:18+00:00\",\"breadcrumb\":{\"@id\":\"https:\/\/pt-creations.eu\/fr\/qui-sommes-nous\/#breadcrumb\"},\"inLanguage\":\"fr-FR\",\"potentialAction\":[{\"@type\":\"ReadAction\",\"target\":[\"https:\/\/pt-creations.eu\/fr\/qui-sommes-nous\/\"]}]},{\"@type\":\"ImageObject\",\"inLanguage\":\"fr-FR\",\"@id\":\"https:\/\/pt-creations.eu\/fr\/qui-sommes-nous\/#primaryimage\",\"url\":\"https:\/\/pt-creations.eu\/wp-content\/uploads\/2021\/07\/Living.jpg\",\"contentUrl\":\"https:\/\/pt-creations.eu\/wp-content\/uploads\/2021\/07\/Living.jpg\"},{\"@type\":\"BreadcrumbList\",\"@id\":\"https:\/\/pt-creations.eu\/fr\/qui-sommes-nous\/#breadcrumb\",\"itemListElement\":[{\"@type\":\"ListItem\",\"position\":1,\"name\":\"Home\",\"item\":\"https:\/\/pt-creations.eu\/fr\/\"},{\"@type\":\"ListItem\",\"position\":2,\"name\":\"QUI SOMMES-NOUS ?\"}]},{\"@type\":\"WebSite\",\"@id\":\"https:\/\/pt-creations.eu\/fr\/#website\",\"url\":\"https:\/\/pt-creations.eu\/fr\/\",\"name\":\"PT Creations\",\"description\":\"\",\"potentialAction\":[{\"@type\":\"SearchAction\",\"target\":{\"@type\":\"EntryPoint\",\"urlTemplate\":\"https:\/\/pt-creations.eu\/fr\/?s={search_term_string}\"},\"query-input\":\"required name=search_term_string\"}],\"inLanguage\":\"fr-FR\"}]}<\/script>\n<!-- \/ Yoast SEO plugin. -->","yoast_head_json":{"title":"QUI SOMMES-NOUS ? - PT Creations","robots":{"index":"index","follow":"follow","max-snippet":"max-snippet:-1","max-image-preview":"max-image-preview:large","max-video-preview":"max-video-preview:-1"},"canonical":"https:\/\/pt-creations.eu\/fr\/qui-sommes-nous\/","og_locale":"fr_FR","og_type":"article","og_title":"QUI SOMMES-NOUS ? - PT Creations","og_description":"QUI SOMMES-NOUS ? PT-Creations est une entreprise moderne qui propose une collection de produits novateurs et contemporains. Nous vous proposons tout ce dont vous avez besoin sous le m\u00eame toit. Nous importons nous-m\u00eames des produits de diff\u00e9rents pays, ce qui nous permet de combiner les toutes derni\u00e8res tendances en mati\u00e8re de c\u00e9ramique, de paniers et [&hellip;]","og_url":"https:\/\/pt-creations.eu\/fr\/qui-sommes-nous\/","og_site_name":"PT Creations","article_modified_time":"2022-11-09T14:33:18+00:00","og_image":[{"url":"https:\/\/pt-creations.eu\/wp-content\/uploads\/2021\/07\/Living.jpg"}],"twitter_card":"summary_large_image","twitter_misc":{"Dur\u00e9e de lecture estim\u00e9e":"3 minutes"},"schema":{"@context":"https:\/\/schema.org","@graph":[{"@type":"WebPage","@id":"https:\/\/pt-creations.eu\/fr\/qui-sommes-nous\/","url":"https:\/\/pt-creations.eu\/fr\/qui-sommes-nous\/","name":"QUI SOMMES-NOUS ? - PT Creations","isPartOf":{"@id":"https:\/\/pt-creations.eu\/fr\/#website"},"primaryImageOfPage":{"@id":"https:\/\/pt-creations.eu\/fr\/qui-sommes-nous\/#primaryimage"},"image":{"@id":"https:\/\/pt-creations.eu\/fr\/qui-sommes-nous\/#primaryimage"},"thumbnailUrl":"https:\/\/pt-creations.eu\/wp-content\/uploads\/2021\/07\/Living.jpg","datePublished":"2021-08-16T10:29:10+00:00","dateModified":"2022-11-09T14:33:18+00:00","breadcrumb":{"@id":"https:\/\/pt-creations.eu\/fr\/qui-sommes-nous\/#breadcrumb"},"inLanguage":"fr-FR","potentialAction":[{"@type":"ReadAction","target":["https:\/\/pt-creations.eu\/fr\/qui-sommes-nous\/"]}]},{"@type":"ImageObject","inLanguage":"fr-FR","@id":"https:\/\/pt-creations.eu\/fr\/qui-sommes-nous\/#primaryimage","url":"https:\/\/pt-creations.eu\/wp-content\/uploads\/2021\/07\/Living.jpg","contentUrl":"https:\/\/pt-creations.eu\/wp-content\/uploads\/2021\/07\/Living.jpg"},{"@type":"BreadcrumbList","@id":"https:\/\/pt-creations.eu\/fr\/qui-sommes-nous\/#breadcrumb","itemListElement":[{"@type":"ListItem","position":1,"name":"Home","item":"https:\/\/pt-creations.eu\/fr\/"},{"@type":"ListItem","position":2,"name":"QUI SOMMES-NOUS ?"}]},{"@type":"WebSite","@id":"https:\/\/pt-creations.eu\/fr\/#website","url":"https:\/\/pt-creations.eu\/fr\/","name":"PT Creations","description":"","potentialAction":[{"@type":"SearchAction","target":{"@type":"EntryPoint","urlTemplate":"https:\/\/pt-creations.eu\/fr\/?s={search_term_string}"},"query-input":"required name=search_term_string"}],"inLanguage":"fr-FR"}]}},"_links":{"self":[{"href":"https:\/\/pt-creations.eu\/fr\/wp-json\/wp\/v2\/pages\/1450","targetHints":{"allow":["GET"]}}],"collection":[{"href":"https:\/\/pt-creations.eu\/fr\/wp-json\/wp\/v2\/pages"}],"about":[{"href":"https:\/\/pt-creations.eu\/fr\/wp-json\/wp\/v2\/types\/page"}],"author":[{"embeddable":true,"href":"https:\/\/pt-creations.eu\/fr\/wp-json\/wp\/v2\/users\/5"}],"replies":[{"embeddable":true,"href":"https:\/\/pt-creations.eu\/fr\/wp-json\/wp\/v2\/comments?post=1450"}],"version-history":[{"count":1,"href":"https:\/\/pt-creations.eu\/fr\/wp-json\/wp\/v2\/pages\/1450\/revisions"}],"predecessor-version":[{"id":3067,"href":"https:\/\/pt-creations.eu\/fr\/wp-json\/wp\/v2\/pages\/1450\/revisions\/3067"}],"wp:attachment":[{"href":"https:\/\/pt-creations.eu\/fr\/wp-json\/wp\/v2\/media?parent=1450"}],"curies":[{"name":"wp","href":"https:\/\/api.w.org\/{rel}","templated":true}]}}