{"id":1454,"date":"2021-08-16T13:13:36","date_gmt":"2021-08-16T11:13:36","guid":{"rendered":"https:\/\/pt-creations.eu\/pt-warehousing\/"},"modified":"2021-08-18T13:36:38","modified_gmt":"2021-08-18T11:36:38","slug":"pt-warehousing","status":"publish","type":"page","link":"https:\/\/pt-creations.eu\/fr\/services\/pt-warehousing\/","title":{"rendered":"PT-Warehousing"},"content":{"rendered":"\n\n    <img decoding=\"async\" src=\"https:\/\/pt-creations.eu\/wp-content\/uploads\/2021\/07\/warehousing-pt-hoofd-foto.jpg\"\/>\n\t\t<h1>PT-Warehousing<\/h1>\n\t\t\t\t\t<a href=\"\/fr\/services\/\" target=\"_self\" rel=\"noopener\">\n\t\t\t\t\t\t\t\t\t<img decoding=\"async\" src=\"\/wp-content\/themes\/bb-blank-child\/img\/arrow-left.svg\"\/>\n\t\t\t\tRETOUR \u00c0 LA PAGE D&rsquo;ACCUEIL\n\t\t\t\t\t\t\t<\/a>\n\t\t<h2>ENTREP\u00d4T<\/h2>\n\t\t<p>Apr\u00e8s des ann\u00e9es de croissance et une augmentation des stocks, PT-Creations a d\u00e9cid\u00e9 en 2016 de construire un entrep\u00f4t externe dans la zone industrielle de Veensesteeg Noord. Cela nous a permis de regrouper les stocks r\u00e9partis sur trois sites diff\u00e9rents.<h2><strong>Doublement de la capacit\u00e9 de stockage<br \/><\/strong><\/h2>Un entrep\u00f4t de 4000 m\u00b2 dot\u00e9 d&rsquo;un syst\u00e8me de stockage ultramoderne avec des rayonnages mobiles est d\u00e9sormais une r\u00e9alit\u00e9. Ce syst\u00e8me, qui permet de gagner de l&rsquo;espace, a presque doubl\u00e9 la capacit\u00e9 de stockage et fourni plus de 7 000 emplacements pour des palettes.<h2><strong><br \/>Construction de la 2\u00e8me phase<br \/><\/strong><\/h2>En raison de la forte croissance, il est devenu rapidement \u00e9vident qu&rsquo;il \u00e9tait temps d&rsquo;envisager la phase suivante de construction. En 2019, la seconde phase de construction a d\u00e9but\u00e9. Cet espace a une superficie de plus de 5 000m\u00b2. Cela nous a permis de disposer de 7 000 emplacements pour des palettes suppl\u00e9mentaires. L&rsquo;espace disponible nous a \u00e9galement permis de produire de grandes actions sur ces sites, ce qui nous a \u00e9vit\u00e9 d&rsquo;utiliser la capacit\u00e9 de notre espace de production \u00e0 Wijk et Aalburg.<\/p>\n\t\t\t\t\t<a href=\"\/fr\/nous-contacter\/\" target=\"_self\" rel=\"noopener\">\n\t\t\t\tENVOYER UN MESSAGE\t\t\t<\/a>\n\t<img decoding=\"async\" src=\"https:\/\/pt-creations.eu\/wp-content\/uploads\/2021\/07\/warehousing-1.jpg\"\/>\n\t\t<h2>STOCKAGE POUR DES TIERS<\/h2>\n\t\t\n\t\t\t\t\t<a href=\"\/fr\/nous-contacter\/\" target=\"_self\" rel=\"noopener\">\n\t\t\t\tENVOYER UN MESSAGE\t\t\t<\/a>\n\t<img decoding=\"async\" src=\"https:\/\/pt-creations.eu\/wp-content\/uploads\/2021\/07\/warehousing-2.jpg\"\/>\n\n","protected":false},"excerpt":{"rendered":"<p>PT-Warehousing RETOUR \u00c0 LA PAGE D&rsquo;ACCUEIL ENTREP\u00d4T Apr\u00e8s des ann\u00e9es de croissance et une augmentation des stocks, PT-Creations a d\u00e9cid\u00e9 en 2016 de construire un entrep\u00f4t externe dans la zone industrielle de Veensesteeg Noord. Cela nous a permis de regrouper les stocks r\u00e9partis sur trois sites diff\u00e9rents. Doublement de la capacit\u00e9 de stockage Un entrep\u00f4t [&hellip;]<\/p>\n","protected":false},"author":5,"featured_media":0,"parent":1722,"menu_order":0,"comment_status":"closed","ping_status":"closed","template":"","meta":{"_acf_changed":false,"inline_featured_image":false,"footnotes":""},"class_list":["post-1454","page","type-page","status-publish","hentry"],"acf":[],"yoast_head":"<!-- This site is optimized with the Yoast SEO plugin v22.7 - https:\/\/yoast.com\/wordpress\/plugins\/seo\/ -->\n<title>PT-Warehousing - PT Creations<\/title>\n<meta name=\"robots\" content=\"index, follow, max-snippet:-1, max-image-preview:large, max-video-preview:-1\" \/>\n<link rel=\"canonical\" href=\"https:\/\/pt-creations.eu\/fr\/services\/pt-warehousing\/\" \/>\n<meta property=\"og:locale\" content=\"fr_FR\" \/>\n<meta property=\"og:type\" content=\"article\" \/>\n<meta property=\"og:title\" content=\"PT-Warehousing - PT Creations\" \/>\n<meta property=\"og:description\" content=\"PT-Warehousing RETOUR \u00c0 LA PAGE D&rsquo;ACCUEIL ENTREP\u00d4T Apr\u00e8s des ann\u00e9es de croissance et une augmentation des stocks, PT-Creations a d\u00e9cid\u00e9 en 2016 de construire un entrep\u00f4t externe dans la zone industrielle de Veensesteeg Noord. Cela nous a permis de regrouper les stocks r\u00e9partis sur trois sites diff\u00e9rents. Doublement de la capacit\u00e9 de stockage Un entrep\u00f4t [&hellip;]\" \/>\n<meta property=\"og:url\" content=\"https:\/\/pt-creations.eu\/fr\/services\/pt-warehousing\/\" \/>\n<meta property=\"og:site_name\" content=\"PT Creations\" \/>\n<meta property=\"article:modified_time\" content=\"2021-08-18T11:36:38+00:00\" \/>\n<meta property=\"og:image\" content=\"https:\/\/pt-creations.eu\/wp-content\/uploads\/2021\/07\/warehousing-pt-hoofd-foto.jpg\" \/>\n<meta name=\"twitter:card\" content=\"summary_large_image\" \/>\n<meta name=\"twitter:label1\" content=\"Dur\u00e9e de lecture estim\u00e9e\" \/>\n\t<meta name=\"twitter:data1\" content=\"1 minute\" \/>\n<script type=\"application\/ld+json\" class=\"yoast-schema-graph\">{\"@context\":\"https:\/\/schema.org\",\"@graph\":[{\"@type\":\"WebPage\",\"@id\":\"https:\/\/pt-creations.eu\/fr\/services\/pt-warehousing\/\",\"url\":\"https:\/\/pt-creations.eu\/fr\/services\/pt-warehousing\/\",\"name\":\"PT-Warehousing - PT Creations\",\"isPartOf\":{\"@id\":\"https:\/\/pt-creations.eu\/fr\/#website\"},\"primaryImageOfPage\":{\"@id\":\"https:\/\/pt-creations.eu\/fr\/services\/pt-warehousing\/#primaryimage\"},\"image\":{\"@id\":\"https:\/\/pt-creations.eu\/fr\/services\/pt-warehousing\/#primaryimage\"},\"thumbnailUrl\":\"https:\/\/pt-creations.eu\/wp-content\/uploads\/2021\/07\/warehousing-pt-hoofd-foto.jpg\",\"datePublished\":\"2021-08-16T11:13:36+00:00\",\"dateModified\":\"2021-08-18T11:36:38+00:00\",\"breadcrumb\":{\"@id\":\"https:\/\/pt-creations.eu\/fr\/services\/pt-warehousing\/#breadcrumb\"},\"inLanguage\":\"fr-FR\",\"potentialAction\":[{\"@type\":\"ReadAction\",\"target\":[\"https:\/\/pt-creations.eu\/fr\/services\/pt-warehousing\/\"]}]},{\"@type\":\"ImageObject\",\"inLanguage\":\"fr-FR\",\"@id\":\"https:\/\/pt-creations.eu\/fr\/services\/pt-warehousing\/#primaryimage\",\"url\":\"https:\/\/pt-creations.eu\/wp-content\/uploads\/2021\/07\/warehousing-pt-hoofd-foto.jpg\",\"contentUrl\":\"https:\/\/pt-creations.eu\/wp-content\/uploads\/2021\/07\/warehousing-pt-hoofd-foto.jpg\"},{\"@type\":\"BreadcrumbList\",\"@id\":\"https:\/\/pt-creations.eu\/fr\/services\/pt-warehousing\/#breadcrumb\",\"itemListElement\":[{\"@type\":\"ListItem\",\"position\":1,\"name\":\"Home\",\"item\":\"https:\/\/pt-creations.eu\/fr\/\"},{\"@type\":\"ListItem\",\"position\":2,\"name\":\"SERVICES\",\"item\":\"https:\/\/pt-creations.eu\/fr\/services\/\"},{\"@type\":\"ListItem\",\"position\":3,\"name\":\"PT-Warehousing\"}]},{\"@type\":\"WebSite\",\"@id\":\"https:\/\/pt-creations.eu\/fr\/#website\",\"url\":\"https:\/\/pt-creations.eu\/fr\/\",\"name\":\"PT Creations\",\"description\":\"\",\"potentialAction\":[{\"@type\":\"SearchAction\",\"target\":{\"@type\":\"EntryPoint\",\"urlTemplate\":\"https:\/\/pt-creations.eu\/fr\/?s={search_term_string}\"},\"query-input\":\"required name=search_term_string\"}],\"inLanguage\":\"fr-FR\"}]}<\/script>\n<!-- \/ Yoast SEO plugin. -->","yoast_head_json":{"title":"PT-Warehousing - PT Creations","robots":{"index":"index","follow":"follow","max-snippet":"max-snippet:-1","max-image-preview":"max-image-preview:large","max-video-preview":"max-video-preview:-1"},"canonical":"https:\/\/pt-creations.eu\/fr\/services\/pt-warehousing\/","og_locale":"fr_FR","og_type":"article","og_title":"PT-Warehousing - PT Creations","og_description":"PT-Warehousing RETOUR \u00c0 LA PAGE D&rsquo;ACCUEIL ENTREP\u00d4T Apr\u00e8s des ann\u00e9es de croissance et une augmentation des stocks, PT-Creations a d\u00e9cid\u00e9 en 2016 de construire un entrep\u00f4t externe dans la zone industrielle de Veensesteeg Noord. Cela nous a permis de regrouper les stocks r\u00e9partis sur trois sites diff\u00e9rents. Doublement de la capacit\u00e9 de stockage Un entrep\u00f4t [&hellip;]","og_url":"https:\/\/pt-creations.eu\/fr\/services\/pt-warehousing\/","og_site_name":"PT Creations","article_modified_time":"2021-08-18T11:36:38+00:00","og_image":[{"url":"https:\/\/pt-creations.eu\/wp-content\/uploads\/2021\/07\/warehousing-pt-hoofd-foto.jpg"}],"twitter_card":"summary_large_image","twitter_misc":{"Dur\u00e9e de lecture estim\u00e9e":"1 minute"},"schema":{"@context":"https:\/\/schema.org","@graph":[{"@type":"WebPage","@id":"https:\/\/pt-creations.eu\/fr\/services\/pt-warehousing\/","url":"https:\/\/pt-creations.eu\/fr\/services\/pt-warehousing\/","name":"PT-Warehousing - PT Creations","isPartOf":{"@id":"https:\/\/pt-creations.eu\/fr\/#website"},"primaryImageOfPage":{"@id":"https:\/\/pt-creations.eu\/fr\/services\/pt-warehousing\/#primaryimage"},"image":{"@id":"https:\/\/pt-creations.eu\/fr\/services\/pt-warehousing\/#primaryimage"},"thumbnailUrl":"https:\/\/pt-creations.eu\/wp-content\/uploads\/2021\/07\/warehousing-pt-hoofd-foto.jpg","datePublished":"2021-08-16T11:13:36+00:00","dateModified":"2021-08-18T11:36:38+00:00","breadcrumb":{"@id":"https:\/\/pt-creations.eu\/fr\/services\/pt-warehousing\/#breadcrumb"},"inLanguage":"fr-FR","potentialAction":[{"@type":"ReadAction","target":["https:\/\/pt-creations.eu\/fr\/services\/pt-warehousing\/"]}]},{"@type":"ImageObject","inLanguage":"fr-FR","@id":"https:\/\/pt-creations.eu\/fr\/services\/pt-warehousing\/#primaryimage","url":"https:\/\/pt-creations.eu\/wp-content\/uploads\/2021\/07\/warehousing-pt-hoofd-foto.jpg","contentUrl":"https:\/\/pt-creations.eu\/wp-content\/uploads\/2021\/07\/warehousing-pt-hoofd-foto.jpg"},{"@type":"BreadcrumbList","@id":"https:\/\/pt-creations.eu\/fr\/services\/pt-warehousing\/#breadcrumb","itemListElement":[{"@type":"ListItem","position":1,"name":"Home","item":"https:\/\/pt-creations.eu\/fr\/"},{"@type":"ListItem","position":2,"name":"SERVICES","item":"https:\/\/pt-creations.eu\/fr\/services\/"},{"@type":"ListItem","position":3,"name":"PT-Warehousing"}]},{"@type":"WebSite","@id":"https:\/\/pt-creations.eu\/fr\/#website","url":"https:\/\/pt-creations.eu\/fr\/","name":"PT Creations","description":"","potentialAction":[{"@type":"SearchAction","target":{"@type":"EntryPoint","urlTemplate":"https:\/\/pt-creations.eu\/fr\/?s={search_term_string}"},"query-input":"required name=search_term_string"}],"inLanguage":"fr-FR"}]}},"_links":{"self":[{"href":"https:\/\/pt-creations.eu\/fr\/wp-json\/wp\/v2\/pages\/1454","targetHints":{"allow":["GET"]}}],"collection":[{"href":"https:\/\/pt-creations.eu\/fr\/wp-json\/wp\/v2\/pages"}],"about":[{"href":"https:\/\/pt-creations.eu\/fr\/wp-json\/wp\/v2\/types\/page"}],"author":[{"embeddable":true,"href":"https:\/\/pt-creations.eu\/fr\/wp-json\/wp\/v2\/users\/5"}],"replies":[{"embeddable":true,"href":"https:\/\/pt-creations.eu\/fr\/wp-json\/wp\/v2\/comments?post=1454"}],"version-history":[{"count":3,"href":"https:\/\/pt-creations.eu\/fr\/wp-json\/wp\/v2\/pages\/1454\/revisions"}],"predecessor-version":[{"id":1896,"href":"https:\/\/pt-creations.eu\/fr\/wp-json\/wp\/v2\/pages\/1454\/revisions\/1896"}],"up":[{"embeddable":true,"href":"https:\/\/pt-creations.eu\/fr\/wp-json\/wp\/v2\/pages\/1722"}],"wp:attachment":[{"href":"https:\/\/pt-creations.eu\/fr\/wp-json\/wp\/v2\/media?parent=1454"}],"curies":[{"name":"wp","href":"https:\/\/api.w.org\/{rel}","templated":true}]}}