{"id":1701,"date":"2021-08-16T14:45:16","date_gmt":"2021-08-16T12:45:16","guid":{"rendered":"https:\/\/pt-creations.eu\/pt-nurseries\/"},"modified":"2021-09-15T13:45:32","modified_gmt":"2021-09-15T11:45:32","slug":"pt-nurseries","status":"publish","type":"page","link":"https:\/\/pt-creations.eu\/fr\/services\/pt-nurseries\/","title":{"rendered":"PT-Nurseries"},"content":{"rendered":"\n\n    <img decoding=\"async\" src=\"https:\/\/pt-creations.eu\/wp-content\/uploads\/2021\/06\/nurseries1.jpg\"\/>\n\t\t<h1>PT-Nurseries<\/h1>\n\t\t\t\t\t<a href=\"\/fr\/services\/\" target=\"_self\" rel=\"noopener\">\n\t\t\t\t\t\t\t\t\t<img decoding=\"async\" src=\"\/wp-content\/themes\/bb-blank-child\/img\/arrow-left.svg\"\/>\n\t\t\t\tRetour \u00e0 PAGE D&rsquo;ACCUEIL\n\t\t\t\t\t\t\t<\/a>\n\t\t<h2>P\u00c9PINI\u00c8RE ARBORICOLE<\/h2>\n\t\t<p>En 1999, nous avons d\u00e9cid\u00e9 de cr\u00e9er notre propre p\u00e9pini\u00e8re. Nous pouvons ainsi tout g\u00e9rer nous-m\u00eames et garantir une qualit\u00e9 sup\u00e9rieure.<h2><strong>Assortiment<\/strong><\/h2>Nous avons commenc\u00e9 par la cultavation de conif\u00e8res. \u00c0 pr\u00e9sent, nous cultivons les 3 esp\u00e8ces suivantes :<\/p><ul><li>Picea glauca Conica (\u00e9galement appel\u00e9 sapin nain ou \u00e9pic\u00e9a de table)<\/li><li>Chamaecyparis (conif\u00e8re bleu-vert, reconnaissable \u00e0 sa forme \u00e9troite en colonne)<\/li><li>Chamaecyparis Top Point (\u00e0 feuilles persistantes et rustiques)<\/li><\/ul>\u00a0Ces 3 vari\u00e9t\u00e9s sont dispos\u00e9es dans 3 tailles de pot diff\u00e9rentes (9, 13 et 15cm), ce qui permet aux P\u00e9pini\u00e8res PT de proposer une large gamme de produits. Ces 3 vari\u00e9t\u00e9s sont principalement utilis\u00e9es pour nos compositions de No\u00ebl. Une grande partie d&rsquo;entre elles sont recouvertes de neige et d\u00e9cor\u00e9es.\n\t\t\t\t\t<a href=\"\/fr\/nous-contacter\/\" target=\"_self\" rel=\"noopener\">\n\t\t\t\tENVOYER UN MESSAGE\t\t\t<\/a>\n\t<img decoding=\"async\" src=\"https:\/\/pt-creations.eu\/wp-content\/uploads\/2021\/06\/nurseries2.jpg\"\/>\n\t\t<h2>CR\u00c9ATION DE  PT-NURSERIES<\/h2>\n\t\t\n\t\t\t\t\t<a href=\"\/fr\/nous-contacter\/\" target=\"_self\" rel=\"noopener\">\n\t\t\t\tENVOYER UN MESSAGE\t\t\t<\/a>\n\t<img decoding=\"async\" src=\"https:\/\/pt-creations.eu\/wp-content\/uploads\/2021\/06\/nurseries3.jpg\"\/>\n\n","protected":false},"excerpt":{"rendered":"<p>PT-Nurseries Retour \u00e0 PAGE D&rsquo;ACCUEIL P\u00c9PINI\u00c8RE ARBORICOLE En 1999, nous avons d\u00e9cid\u00e9 de cr\u00e9er notre propre p\u00e9pini\u00e8re. Nous pouvons ainsi tout g\u00e9rer nous-m\u00eames et garantir une qualit\u00e9 sup\u00e9rieure. Assortiment Nous avons commenc\u00e9 par la cultavation de conif\u00e8res. \u00c0 pr\u00e9sent, nous cultivons les 3 esp\u00e8ces suivantes : Picea glauca Conica (\u00e9galement appel\u00e9 sapin nain ou \u00e9pic\u00e9a [&hellip;]<\/p>\n","protected":false},"author":5,"featured_media":0,"parent":1722,"menu_order":0,"comment_status":"closed","ping_status":"closed","template":"","meta":{"_acf_changed":false,"inline_featured_image":false,"footnotes":""},"class_list":["post-1701","page","type-page","status-publish","hentry"],"acf":[],"yoast_head":"<!-- This site is optimized with the Yoast SEO plugin v22.7 - https:\/\/yoast.com\/wordpress\/plugins\/seo\/ -->\n<title>PT-Nurseries - PT Creations<\/title>\n<meta name=\"robots\" content=\"index, follow, max-snippet:-1, max-image-preview:large, max-video-preview:-1\" \/>\n<link rel=\"canonical\" href=\"https:\/\/pt-creations.eu\/fr\/services\/pt-nurseries\/\" \/>\n<meta property=\"og:locale\" content=\"fr_FR\" \/>\n<meta property=\"og:type\" content=\"article\" \/>\n<meta property=\"og:title\" content=\"PT-Nurseries - PT Creations\" \/>\n<meta property=\"og:description\" content=\"PT-Nurseries Retour \u00e0 PAGE D&rsquo;ACCUEIL P\u00c9PINI\u00c8RE ARBORICOLE En 1999, nous avons d\u00e9cid\u00e9 de cr\u00e9er notre propre p\u00e9pini\u00e8re. Nous pouvons ainsi tout g\u00e9rer nous-m\u00eames et garantir une qualit\u00e9 sup\u00e9rieure. Assortiment Nous avons commenc\u00e9 par la cultavation de conif\u00e8res. \u00c0 pr\u00e9sent, nous cultivons les 3 esp\u00e8ces suivantes : Picea glauca Conica (\u00e9galement appel\u00e9 sapin nain ou \u00e9pic\u00e9a [&hellip;]\" \/>\n<meta property=\"og:url\" content=\"https:\/\/pt-creations.eu\/fr\/services\/pt-nurseries\/\" \/>\n<meta property=\"og:site_name\" content=\"PT Creations\" \/>\n<meta property=\"article:modified_time\" content=\"2021-09-15T11:45:32+00:00\" \/>\n<meta property=\"og:image\" content=\"https:\/\/pt-creations.eu\/wp-content\/uploads\/2021\/06\/nurseries1.jpg\" \/>\n<meta name=\"twitter:card\" content=\"summary_large_image\" \/>\n<meta name=\"twitter:label1\" content=\"Dur\u00e9e de lecture estim\u00e9e\" \/>\n\t<meta name=\"twitter:data1\" content=\"1 minute\" \/>\n<script type=\"application\/ld+json\" class=\"yoast-schema-graph\">{\"@context\":\"https:\/\/schema.org\",\"@graph\":[{\"@type\":\"WebPage\",\"@id\":\"https:\/\/pt-creations.eu\/fr\/services\/pt-nurseries\/\",\"url\":\"https:\/\/pt-creations.eu\/fr\/services\/pt-nurseries\/\",\"name\":\"PT-Nurseries - PT Creations\",\"isPartOf\":{\"@id\":\"https:\/\/pt-creations.eu\/fr\/#website\"},\"primaryImageOfPage\":{\"@id\":\"https:\/\/pt-creations.eu\/fr\/services\/pt-nurseries\/#primaryimage\"},\"image\":{\"@id\":\"https:\/\/pt-creations.eu\/fr\/services\/pt-nurseries\/#primaryimage\"},\"thumbnailUrl\":\"https:\/\/pt-creations.eu\/wp-content\/uploads\/2021\/06\/nurseries1.jpg\",\"datePublished\":\"2021-08-16T12:45:16+00:00\",\"dateModified\":\"2021-09-15T11:45:32+00:00\",\"breadcrumb\":{\"@id\":\"https:\/\/pt-creations.eu\/fr\/services\/pt-nurseries\/#breadcrumb\"},\"inLanguage\":\"fr-FR\",\"potentialAction\":[{\"@type\":\"ReadAction\",\"target\":[\"https:\/\/pt-creations.eu\/fr\/services\/pt-nurseries\/\"]}]},{\"@type\":\"ImageObject\",\"inLanguage\":\"fr-FR\",\"@id\":\"https:\/\/pt-creations.eu\/fr\/services\/pt-nurseries\/#primaryimage\",\"url\":\"https:\/\/pt-creations.eu\/wp-content\/uploads\/2021\/06\/nurseries1.jpg\",\"contentUrl\":\"https:\/\/pt-creations.eu\/wp-content\/uploads\/2021\/06\/nurseries1.jpg\"},{\"@type\":\"BreadcrumbList\",\"@id\":\"https:\/\/pt-creations.eu\/fr\/services\/pt-nurseries\/#breadcrumb\",\"itemListElement\":[{\"@type\":\"ListItem\",\"position\":1,\"name\":\"Home\",\"item\":\"https:\/\/pt-creations.eu\/fr\/\"},{\"@type\":\"ListItem\",\"position\":2,\"name\":\"SERVICES\",\"item\":\"https:\/\/pt-creations.eu\/fr\/services\/\"},{\"@type\":\"ListItem\",\"position\":3,\"name\":\"PT-Nurseries\"}]},{\"@type\":\"WebSite\",\"@id\":\"https:\/\/pt-creations.eu\/fr\/#website\",\"url\":\"https:\/\/pt-creations.eu\/fr\/\",\"name\":\"PT Creations\",\"description\":\"\",\"potentialAction\":[{\"@type\":\"SearchAction\",\"target\":{\"@type\":\"EntryPoint\",\"urlTemplate\":\"https:\/\/pt-creations.eu\/fr\/?s={search_term_string}\"},\"query-input\":\"required name=search_term_string\"}],\"inLanguage\":\"fr-FR\"}]}<\/script>\n<!-- \/ Yoast SEO plugin. -->","yoast_head_json":{"title":"PT-Nurseries - PT Creations","robots":{"index":"index","follow":"follow","max-snippet":"max-snippet:-1","max-image-preview":"max-image-preview:large","max-video-preview":"max-video-preview:-1"},"canonical":"https:\/\/pt-creations.eu\/fr\/services\/pt-nurseries\/","og_locale":"fr_FR","og_type":"article","og_title":"PT-Nurseries - PT Creations","og_description":"PT-Nurseries Retour \u00e0 PAGE D&rsquo;ACCUEIL P\u00c9PINI\u00c8RE ARBORICOLE En 1999, nous avons d\u00e9cid\u00e9 de cr\u00e9er notre propre p\u00e9pini\u00e8re. Nous pouvons ainsi tout g\u00e9rer nous-m\u00eames et garantir une qualit\u00e9 sup\u00e9rieure. Assortiment Nous avons commenc\u00e9 par la cultavation de conif\u00e8res. \u00c0 pr\u00e9sent, nous cultivons les 3 esp\u00e8ces suivantes : Picea glauca Conica (\u00e9galement appel\u00e9 sapin nain ou \u00e9pic\u00e9a [&hellip;]","og_url":"https:\/\/pt-creations.eu\/fr\/services\/pt-nurseries\/","og_site_name":"PT Creations","article_modified_time":"2021-09-15T11:45:32+00:00","og_image":[{"url":"https:\/\/pt-creations.eu\/wp-content\/uploads\/2021\/06\/nurseries1.jpg"}],"twitter_card":"summary_large_image","twitter_misc":{"Dur\u00e9e de lecture estim\u00e9e":"1 minute"},"schema":{"@context":"https:\/\/schema.org","@graph":[{"@type":"WebPage","@id":"https:\/\/pt-creations.eu\/fr\/services\/pt-nurseries\/","url":"https:\/\/pt-creations.eu\/fr\/services\/pt-nurseries\/","name":"PT-Nurseries - PT Creations","isPartOf":{"@id":"https:\/\/pt-creations.eu\/fr\/#website"},"primaryImageOfPage":{"@id":"https:\/\/pt-creations.eu\/fr\/services\/pt-nurseries\/#primaryimage"},"image":{"@id":"https:\/\/pt-creations.eu\/fr\/services\/pt-nurseries\/#primaryimage"},"thumbnailUrl":"https:\/\/pt-creations.eu\/wp-content\/uploads\/2021\/06\/nurseries1.jpg","datePublished":"2021-08-16T12:45:16+00:00","dateModified":"2021-09-15T11:45:32+00:00","breadcrumb":{"@id":"https:\/\/pt-creations.eu\/fr\/services\/pt-nurseries\/#breadcrumb"},"inLanguage":"fr-FR","potentialAction":[{"@type":"ReadAction","target":["https:\/\/pt-creations.eu\/fr\/services\/pt-nurseries\/"]}]},{"@type":"ImageObject","inLanguage":"fr-FR","@id":"https:\/\/pt-creations.eu\/fr\/services\/pt-nurseries\/#primaryimage","url":"https:\/\/pt-creations.eu\/wp-content\/uploads\/2021\/06\/nurseries1.jpg","contentUrl":"https:\/\/pt-creations.eu\/wp-content\/uploads\/2021\/06\/nurseries1.jpg"},{"@type":"BreadcrumbList","@id":"https:\/\/pt-creations.eu\/fr\/services\/pt-nurseries\/#breadcrumb","itemListElement":[{"@type":"ListItem","position":1,"name":"Home","item":"https:\/\/pt-creations.eu\/fr\/"},{"@type":"ListItem","position":2,"name":"SERVICES","item":"https:\/\/pt-creations.eu\/fr\/services\/"},{"@type":"ListItem","position":3,"name":"PT-Nurseries"}]},{"@type":"WebSite","@id":"https:\/\/pt-creations.eu\/fr\/#website","url":"https:\/\/pt-creations.eu\/fr\/","name":"PT Creations","description":"","potentialAction":[{"@type":"SearchAction","target":{"@type":"EntryPoint","urlTemplate":"https:\/\/pt-creations.eu\/fr\/?s={search_term_string}"},"query-input":"required name=search_term_string"}],"inLanguage":"fr-FR"}]}},"_links":{"self":[{"href":"https:\/\/pt-creations.eu\/fr\/wp-json\/wp\/v2\/pages\/1701","targetHints":{"allow":["GET"]}}],"collection":[{"href":"https:\/\/pt-creations.eu\/fr\/wp-json\/wp\/v2\/pages"}],"about":[{"href":"https:\/\/pt-creations.eu\/fr\/wp-json\/wp\/v2\/types\/page"}],"author":[{"embeddable":true,"href":"https:\/\/pt-creations.eu\/fr\/wp-json\/wp\/v2\/users\/5"}],"replies":[{"embeddable":true,"href":"https:\/\/pt-creations.eu\/fr\/wp-json\/wp\/v2\/comments?post=1701"}],"version-history":[{"count":6,"href":"https:\/\/pt-creations.eu\/fr\/wp-json\/wp\/v2\/pages\/1701\/revisions"}],"predecessor-version":[{"id":2905,"href":"https:\/\/pt-creations.eu\/fr\/wp-json\/wp\/v2\/pages\/1701\/revisions\/2905"}],"up":[{"embeddable":true,"href":"https:\/\/pt-creations.eu\/fr\/wp-json\/wp\/v2\/pages\/1722"}],"wp:attachment":[{"href":"https:\/\/pt-creations.eu\/fr\/wp-json\/wp\/v2\/media?parent=1701"}],"curies":[{"name":"wp","href":"https:\/\/api.w.org\/{rel}","templated":true}]}}