{"id":1706,"date":"2021-08-16T15:05:11","date_gmt":"2021-08-16T13:05:11","guid":{"rendered":"https:\/\/pt-creations.eu\/pt-living\/"},"modified":"2021-08-18T13:35:11","modified_gmt":"2021-08-18T11:35:11","slug":"pt-living","status":"publish","type":"page","link":"https:\/\/pt-creations.eu\/fr\/services\/pt-living\/","title":{"rendered":"PT-Living"},"content":{"rendered":"\n\n    <img decoding=\"async\" src=\"https:\/\/pt-creations.eu\/wp-content\/uploads\/2021\/06\/living.jpg\"\/>\n\t\t<h1>PT-Living<\/h1>\n\t\t\t\t\t<a href=\"\/fr\/services\/\" target=\"_self\" rel=\"noopener\">\n\t\t\t\t\t\t\t\t\t<img decoding=\"async\" src=\"\/wp-content\/themes\/bb-blank-child\/img\/arrow-left.svg\"\/>\n\t\t\t\tRetour \u00e0 la page d&rsquo;accueil\n\t\t\t\t\t\t\t<\/a>\n\t\t<h2>TRAVAILLEURS IMM<\/h2>\n\t\t<p>Une entreprise comme PT-Creations est d\u00e9pendante du d\u00e9ploiement de travailleurs immigrants. Afin de lier ces travailleurs immigrants \u00e0 votre entreprise, un bon logement est d&rsquo;une grande importance. C&rsquo;est pourquoi nous avons d\u00e9cid\u00e9 d&rsquo;organiser le logement de certains de nos employ\u00e9s et de cr\u00e9er PT-Living. L&rsquo;objectif de PT-Living est de fournir aux gens tout le confort n\u00e9cessaire, en les logeant de la meilleure fa\u00e7on possible. En r\u00e9sum\u00e9, un mode de vie qui offre \u00e0 notre groupe cible toutes les chances d&rsquo;envisager un s\u00e9jour plus long aux Pays-Bas.<h2><strong><br \/>Logement des travailleurs immigrants<br \/><\/strong><\/h2>En 2018, nous avons d\u00e9velopp\u00e9 les premi\u00e8res id\u00e9es \u00e9mises et nous avons commenc\u00e9 \u00e0 chercher la meilleure fa\u00e7on de loger ces travailleurs. En collaboration avec l&rsquo;ancienne municipalit\u00e9 d&rsquo;Aalburg, la possibilit\u00e9 d&rsquo;offrir des logements dans nos propres locaux s&rsquo;est pr\u00e9sent\u00e9e. Au d\u00e9part, il s&rsquo;agissait d&rsquo;une solution temporaire, c&rsquo;est pourquoi diff\u00e9rentes formes de logement avaient \u00e9t\u00e9 envisag\u00e9es.<\/p>\n\t\t\t\t\t<a href=\"\/fr\/nous-contacter\/\" target=\"_self\" rel=\"noopener\">\n\t\t\t\tENVOYER UN MESSAGE\t\t\t<\/a>\n\t<img decoding=\"async\" src=\"https:\/\/pt-creations.eu\/wp-content\/uploads\/2021\/06\/Living-1.jpg\"\/>\n\t\t<h2>LOGEMENTS DE LUXE<\/h2>\n\t\t<p>Les logements sont \u00e9quip\u00e9s de :<\/p><ul><li>Chauffage par le sol<\/li><li>La possibilit\u00e9 de r\u00e9gler la temp\u00e9rature souhait\u00e9e pour chaque chambre.<\/li><li>2 x chambres \u00e0 1 personne<\/li><li>1 x chambre double<\/li><li>Cuisine de luxe \u00e9quip\u00e9e d&rsquo;appareils \u00e9lectrom\u00e9nagers (y compris un lave-vaisselle)<\/li><li>Salle de bain avec douche, toilettes et lavabo<\/li><li>Lave-linge et s\u00e8che-linge<\/li><li>T\u00e9l\u00e9vision num\u00e9rique<br \/>Internet ultrarapide via une connexion en fibre de verre\u00a0<\/li><\/ul>\n\t<img decoding=\"async\" src=\"https:\/\/pt-creations.eu\/wp-content\/uploads\/2021\/06\/Living-2.jpg\"\/>\n\t\t<h2>LEUR PAYS<\/h2>\n\t\t<p>Les installations susmentionn\u00e9es offrent aux travailleurs immigrants la possibilit\u00e9 de rester en contact avec leur foyer en Pologne. De plus, de plus en plus de couples viennent aux Pays-Bas pour travailler. L&rsquo;ameublement des unit\u00e9s r\u00e9sidentielles y est \u00e9galement adapt\u00e9.Pour r\u00e9sumer, avec PT-Living, nous avons trouv\u00e9 une solution adapt\u00e9e qui peut \u00eatre utilis\u00e9e en de multiples endroits, ce qui nous permet de faire face \u00e0 la p\u00e9nurie de logements pour les travailleurs immigrants.<\/p>\n\t\t\t\t\t<a href=\"\/fr\/nous-contacter\/\" target=\"_self\" rel=\"noopener\">\n\t\t\t\tENVOYER UN MESSAGE\t\t\t<\/a>\n\t<img decoding=\"async\" src=\"https:\/\/pt-creations.eu\/wp-content\/uploads\/2021\/06\/Living-3.jpg\"\/>\n\n","protected":false},"excerpt":{"rendered":"<p>PT-Living Retour \u00e0 la page d&rsquo;accueil TRAVAILLEURS IMM Une entreprise comme PT-Creations est d\u00e9pendante du d\u00e9ploiement de travailleurs immigrants. Afin de lier ces travailleurs immigrants \u00e0 votre entreprise, un bon logement est d&rsquo;une grande importance. C&rsquo;est pourquoi nous avons d\u00e9cid\u00e9 d&rsquo;organiser le logement de certains de nos employ\u00e9s et de cr\u00e9er PT-Living. L&rsquo;objectif de PT-Living [&hellip;]<\/p>\n","protected":false},"author":5,"featured_media":0,"parent":1722,"menu_order":0,"comment_status":"closed","ping_status":"closed","template":"","meta":{"_acf_changed":false,"inline_featured_image":false,"footnotes":""},"class_list":["post-1706","page","type-page","status-publish","hentry"],"acf":[],"yoast_head":"<!-- This site is optimized with the Yoast SEO plugin v22.7 - https:\/\/yoast.com\/wordpress\/plugins\/seo\/ -->\n<title>PT-Living - PT Creations<\/title>\n<meta name=\"robots\" content=\"index, follow, max-snippet:-1, max-image-preview:large, max-video-preview:-1\" \/>\n<link rel=\"canonical\" href=\"https:\/\/pt-creations.eu\/fr\/services\/pt-living\/\" \/>\n<meta property=\"og:locale\" content=\"fr_FR\" \/>\n<meta property=\"og:type\" content=\"article\" \/>\n<meta property=\"og:title\" content=\"PT-Living - PT Creations\" \/>\n<meta property=\"og:description\" content=\"PT-Living Retour \u00e0 la page d&rsquo;accueil TRAVAILLEURS IMM Une entreprise comme PT-Creations est d\u00e9pendante du d\u00e9ploiement de travailleurs immigrants. Afin de lier ces travailleurs immigrants \u00e0 votre entreprise, un bon logement est d&rsquo;une grande importance. C&rsquo;est pourquoi nous avons d\u00e9cid\u00e9 d&rsquo;organiser le logement de certains de nos employ\u00e9s et de cr\u00e9er PT-Living. L&rsquo;objectif de PT-Living [&hellip;]\" \/>\n<meta property=\"og:url\" content=\"https:\/\/pt-creations.eu\/fr\/services\/pt-living\/\" \/>\n<meta property=\"og:site_name\" content=\"PT Creations\" \/>\n<meta property=\"article:modified_time\" content=\"2021-08-18T11:35:11+00:00\" \/>\n<meta property=\"og:image\" content=\"https:\/\/pt-creations.eu\/wp-content\/uploads\/2021\/06\/living.jpg\" \/>\n<meta name=\"twitter:card\" content=\"summary_large_image\" \/>\n<meta name=\"twitter:label1\" content=\"Dur\u00e9e de lecture estim\u00e9e\" \/>\n\t<meta name=\"twitter:data1\" content=\"2 minutes\" \/>\n<script type=\"application\/ld+json\" class=\"yoast-schema-graph\">{\"@context\":\"https:\/\/schema.org\",\"@graph\":[{\"@type\":\"WebPage\",\"@id\":\"https:\/\/pt-creations.eu\/fr\/services\/pt-living\/\",\"url\":\"https:\/\/pt-creations.eu\/fr\/services\/pt-living\/\",\"name\":\"PT-Living - PT Creations\",\"isPartOf\":{\"@id\":\"https:\/\/pt-creations.eu\/fr\/#website\"},\"primaryImageOfPage\":{\"@id\":\"https:\/\/pt-creations.eu\/fr\/services\/pt-living\/#primaryimage\"},\"image\":{\"@id\":\"https:\/\/pt-creations.eu\/fr\/services\/pt-living\/#primaryimage\"},\"thumbnailUrl\":\"https:\/\/pt-creations.eu\/wp-content\/uploads\/2021\/06\/living.jpg\",\"datePublished\":\"2021-08-16T13:05:11+00:00\",\"dateModified\":\"2021-08-18T11:35:11+00:00\",\"breadcrumb\":{\"@id\":\"https:\/\/pt-creations.eu\/fr\/services\/pt-living\/#breadcrumb\"},\"inLanguage\":\"fr-FR\",\"potentialAction\":[{\"@type\":\"ReadAction\",\"target\":[\"https:\/\/pt-creations.eu\/fr\/services\/pt-living\/\"]}]},{\"@type\":\"ImageObject\",\"inLanguage\":\"fr-FR\",\"@id\":\"https:\/\/pt-creations.eu\/fr\/services\/pt-living\/#primaryimage\",\"url\":\"https:\/\/pt-creations.eu\/wp-content\/uploads\/2021\/06\/living.jpg\",\"contentUrl\":\"https:\/\/pt-creations.eu\/wp-content\/uploads\/2021\/06\/living.jpg\"},{\"@type\":\"BreadcrumbList\",\"@id\":\"https:\/\/pt-creations.eu\/fr\/services\/pt-living\/#breadcrumb\",\"itemListElement\":[{\"@type\":\"ListItem\",\"position\":1,\"name\":\"Home\",\"item\":\"https:\/\/pt-creations.eu\/fr\/\"},{\"@type\":\"ListItem\",\"position\":2,\"name\":\"SERVICES\",\"item\":\"https:\/\/pt-creations.eu\/fr\/services\/\"},{\"@type\":\"ListItem\",\"position\":3,\"name\":\"PT-Living\"}]},{\"@type\":\"WebSite\",\"@id\":\"https:\/\/pt-creations.eu\/fr\/#website\",\"url\":\"https:\/\/pt-creations.eu\/fr\/\",\"name\":\"PT Creations\",\"description\":\"\",\"potentialAction\":[{\"@type\":\"SearchAction\",\"target\":{\"@type\":\"EntryPoint\",\"urlTemplate\":\"https:\/\/pt-creations.eu\/fr\/?s={search_term_string}\"},\"query-input\":\"required name=search_term_string\"}],\"inLanguage\":\"fr-FR\"}]}<\/script>\n<!-- \/ Yoast SEO plugin. -->","yoast_head_json":{"title":"PT-Living - PT Creations","robots":{"index":"index","follow":"follow","max-snippet":"max-snippet:-1","max-image-preview":"max-image-preview:large","max-video-preview":"max-video-preview:-1"},"canonical":"https:\/\/pt-creations.eu\/fr\/services\/pt-living\/","og_locale":"fr_FR","og_type":"article","og_title":"PT-Living - PT Creations","og_description":"PT-Living Retour \u00e0 la page d&rsquo;accueil TRAVAILLEURS IMM Une entreprise comme PT-Creations est d\u00e9pendante du d\u00e9ploiement de travailleurs immigrants. Afin de lier ces travailleurs immigrants \u00e0 votre entreprise, un bon logement est d&rsquo;une grande importance. C&rsquo;est pourquoi nous avons d\u00e9cid\u00e9 d&rsquo;organiser le logement de certains de nos employ\u00e9s et de cr\u00e9er PT-Living. L&rsquo;objectif de PT-Living [&hellip;]","og_url":"https:\/\/pt-creations.eu\/fr\/services\/pt-living\/","og_site_name":"PT Creations","article_modified_time":"2021-08-18T11:35:11+00:00","og_image":[{"url":"https:\/\/pt-creations.eu\/wp-content\/uploads\/2021\/06\/living.jpg"}],"twitter_card":"summary_large_image","twitter_misc":{"Dur\u00e9e de lecture estim\u00e9e":"2 minutes"},"schema":{"@context":"https:\/\/schema.org","@graph":[{"@type":"WebPage","@id":"https:\/\/pt-creations.eu\/fr\/services\/pt-living\/","url":"https:\/\/pt-creations.eu\/fr\/services\/pt-living\/","name":"PT-Living - PT Creations","isPartOf":{"@id":"https:\/\/pt-creations.eu\/fr\/#website"},"primaryImageOfPage":{"@id":"https:\/\/pt-creations.eu\/fr\/services\/pt-living\/#primaryimage"},"image":{"@id":"https:\/\/pt-creations.eu\/fr\/services\/pt-living\/#primaryimage"},"thumbnailUrl":"https:\/\/pt-creations.eu\/wp-content\/uploads\/2021\/06\/living.jpg","datePublished":"2021-08-16T13:05:11+00:00","dateModified":"2021-08-18T11:35:11+00:00","breadcrumb":{"@id":"https:\/\/pt-creations.eu\/fr\/services\/pt-living\/#breadcrumb"},"inLanguage":"fr-FR","potentialAction":[{"@type":"ReadAction","target":["https:\/\/pt-creations.eu\/fr\/services\/pt-living\/"]}]},{"@type":"ImageObject","inLanguage":"fr-FR","@id":"https:\/\/pt-creations.eu\/fr\/services\/pt-living\/#primaryimage","url":"https:\/\/pt-creations.eu\/wp-content\/uploads\/2021\/06\/living.jpg","contentUrl":"https:\/\/pt-creations.eu\/wp-content\/uploads\/2021\/06\/living.jpg"},{"@type":"BreadcrumbList","@id":"https:\/\/pt-creations.eu\/fr\/services\/pt-living\/#breadcrumb","itemListElement":[{"@type":"ListItem","position":1,"name":"Home","item":"https:\/\/pt-creations.eu\/fr\/"},{"@type":"ListItem","position":2,"name":"SERVICES","item":"https:\/\/pt-creations.eu\/fr\/services\/"},{"@type":"ListItem","position":3,"name":"PT-Living"}]},{"@type":"WebSite","@id":"https:\/\/pt-creations.eu\/fr\/#website","url":"https:\/\/pt-creations.eu\/fr\/","name":"PT Creations","description":"","potentialAction":[{"@type":"SearchAction","target":{"@type":"EntryPoint","urlTemplate":"https:\/\/pt-creations.eu\/fr\/?s={search_term_string}"},"query-input":"required name=search_term_string"}],"inLanguage":"fr-FR"}]}},"_links":{"self":[{"href":"https:\/\/pt-creations.eu\/fr\/wp-json\/wp\/v2\/pages\/1706","targetHints":{"allow":["GET"]}}],"collection":[{"href":"https:\/\/pt-creations.eu\/fr\/wp-json\/wp\/v2\/pages"}],"about":[{"href":"https:\/\/pt-creations.eu\/fr\/wp-json\/wp\/v2\/types\/page"}],"author":[{"embeddable":true,"href":"https:\/\/pt-creations.eu\/fr\/wp-json\/wp\/v2\/users\/5"}],"replies":[{"embeddable":true,"href":"https:\/\/pt-creations.eu\/fr\/wp-json\/wp\/v2\/comments?post=1706"}],"version-history":[{"count":3,"href":"https:\/\/pt-creations.eu\/fr\/wp-json\/wp\/v2\/pages\/1706\/revisions"}],"predecessor-version":[{"id":1894,"href":"https:\/\/pt-creations.eu\/fr\/wp-json\/wp\/v2\/pages\/1706\/revisions\/1894"}],"up":[{"embeddable":true,"href":"https:\/\/pt-creations.eu\/fr\/wp-json\/wp\/v2\/pages\/1722"}],"wp:attachment":[{"href":"https:\/\/pt-creations.eu\/fr\/wp-json\/wp\/v2\/media?parent=1706"}],"curies":[{"name":"wp","href":"https:\/\/api.w.org\/{rel}","templated":true}]}}