{"id":1710,"date":"2021-08-16T16:43:29","date_gmt":"2021-08-16T14:43:29","guid":{"rendered":"https:\/\/pt-creations.eu\/qui-sommes-nous\/durabilite\/"},"modified":"2021-08-18T11:42:38","modified_gmt":"2021-08-18T09:42:38","slug":"durabilite","status":"publish","type":"page","link":"https:\/\/pt-creations.eu\/fr\/qui-sommes-nous\/durabilite\/","title":{"rendered":"DURABILIT\u00c9"},"content":{"rendered":"\n\n    <img decoding=\"async\" src=\"https:\/\/pt-creations.eu\/wp-content\/uploads\/2021\/07\/duurzaamheid.jpg\"\/>\n\t\t<h1>Durabilit\u00e9<\/h1>\n\t<h2><strong>Durabilit\u00e9<\/strong><\/h2>\n<p>&nbsp;<\/p>\nAfin d&rsquo;offrir \u00e0 la prochaine g\u00e9n\u00e9ration un monde sain et pur, nous devons traiter la terre avec soin.<br \/>\nConscients de cela, nous travaillons constamment \u00e0 une production ayant le moins d&rsquo;impact possible sur l&rsquo;environnement.\n<br \/>\nNous nous effor\u00e7ons de r\u00e9duire \u00e0 z\u00e9ro notre propre consommation d&rsquo;\u00e9nergie par les moyens suivants :\n\n<ul>\n<li>Cog\u00e9n\u00e9ration<\/li>\n<li>Panneaux photovolta\u00efques<\/li>\n<li>\u00c9clairage LED<\/li>\n<\/ul>\n<p>En triant les d\u00e9chets en sept flux, nous essayons de recycler autant que possible et de pr\u00e9parer les mat\u00e9riaux \u00e0 la r\u00e9utilisation.<\/p>\n<p>La politique environnementale de PT-Creations nous a valu le\u00a0<u><strong>certificat MPS-Gap<\/strong><\/u>, dont nous sommes l\u00e9gitimement fiers.<\/p>\n\n","protected":false},"excerpt":{"rendered":"<p>Durabilit\u00e9 Durabilit\u00e9 &nbsp; Afin d&rsquo;offrir \u00e0 la prochaine g\u00e9n\u00e9ration un monde sain et pur, nous devons traiter la terre avec soin. Conscients de cela, nous travaillons constamment \u00e0 une production ayant le moins d&rsquo;impact possible sur l&rsquo;environnement. Nous nous effor\u00e7ons de r\u00e9duire \u00e0 z\u00e9ro notre propre consommation d&rsquo;\u00e9nergie par les moyens suivants : Cog\u00e9n\u00e9ration Panneaux [&hellip;]<\/p>\n","protected":false},"author":5,"featured_media":0,"parent":1450,"menu_order":0,"comment_status":"closed","ping_status":"closed","template":"","meta":{"_acf_changed":false,"inline_featured_image":false,"footnotes":""},"class_list":["post-1710","page","type-page","status-publish","hentry"],"acf":[],"yoast_head":"<!-- This site is optimized with the Yoast SEO plugin v22.7 - https:\/\/yoast.com\/wordpress\/plugins\/seo\/ -->\n<title>DURABILIT\u00c9 - PT Creations<\/title>\n<meta name=\"robots\" content=\"index, follow, max-snippet:-1, max-image-preview:large, max-video-preview:-1\" \/>\n<link rel=\"canonical\" href=\"https:\/\/pt-creations.eu\/fr\/qui-sommes-nous\/durabilite\/\" \/>\n<meta property=\"og:locale\" content=\"fr_FR\" \/>\n<meta property=\"og:type\" content=\"article\" \/>\n<meta property=\"og:title\" content=\"DURABILIT\u00c9 - PT Creations\" \/>\n<meta property=\"og:description\" content=\"Durabilit\u00e9 Durabilit\u00e9 &nbsp; Afin d&rsquo;offrir \u00e0 la prochaine g\u00e9n\u00e9ration un monde sain et pur, nous devons traiter la terre avec soin. Conscients de cela, nous travaillons constamment \u00e0 une production ayant le moins d&rsquo;impact possible sur l&rsquo;environnement. Nous nous effor\u00e7ons de r\u00e9duire \u00e0 z\u00e9ro notre propre consommation d&rsquo;\u00e9nergie par les moyens suivants : Cog\u00e9n\u00e9ration Panneaux [&hellip;]\" \/>\n<meta property=\"og:url\" content=\"https:\/\/pt-creations.eu\/fr\/qui-sommes-nous\/durabilite\/\" \/>\n<meta property=\"og:site_name\" content=\"PT Creations\" \/>\n<meta property=\"article:modified_time\" content=\"2021-08-18T09:42:38+00:00\" \/>\n<meta property=\"og:image\" content=\"https:\/\/pt-creations.eu\/wp-content\/uploads\/2021\/07\/duurzaamheid.jpg\" \/>\n<meta name=\"twitter:card\" content=\"summary_large_image\" \/>\n<meta name=\"twitter:label1\" content=\"Dur\u00e9e de lecture estim\u00e9e\" \/>\n\t<meta name=\"twitter:data1\" content=\"1 minute\" \/>\n<script type=\"application\/ld+json\" class=\"yoast-schema-graph\">{\"@context\":\"https:\/\/schema.org\",\"@graph\":[{\"@type\":\"WebPage\",\"@id\":\"https:\/\/pt-creations.eu\/fr\/qui-sommes-nous\/durabilite\/\",\"url\":\"https:\/\/pt-creations.eu\/fr\/qui-sommes-nous\/durabilite\/\",\"name\":\"DURABILIT\u00c9 - PT Creations\",\"isPartOf\":{\"@id\":\"https:\/\/pt-creations.eu\/fr\/#website\"},\"primaryImageOfPage\":{\"@id\":\"https:\/\/pt-creations.eu\/fr\/qui-sommes-nous\/durabilite\/#primaryimage\"},\"image\":{\"@id\":\"https:\/\/pt-creations.eu\/fr\/qui-sommes-nous\/durabilite\/#primaryimage\"},\"thumbnailUrl\":\"https:\/\/pt-creations.eu\/wp-content\/uploads\/2021\/07\/duurzaamheid.jpg\",\"datePublished\":\"2021-08-16T14:43:29+00:00\",\"dateModified\":\"2021-08-18T09:42:38+00:00\",\"breadcrumb\":{\"@id\":\"https:\/\/pt-creations.eu\/fr\/qui-sommes-nous\/durabilite\/#breadcrumb\"},\"inLanguage\":\"fr-FR\",\"potentialAction\":[{\"@type\":\"ReadAction\",\"target\":[\"https:\/\/pt-creations.eu\/fr\/qui-sommes-nous\/durabilite\/\"]}]},{\"@type\":\"ImageObject\",\"inLanguage\":\"fr-FR\",\"@id\":\"https:\/\/pt-creations.eu\/fr\/qui-sommes-nous\/durabilite\/#primaryimage\",\"url\":\"https:\/\/pt-creations.eu\/wp-content\/uploads\/2021\/07\/duurzaamheid.jpg\",\"contentUrl\":\"https:\/\/pt-creations.eu\/wp-content\/uploads\/2021\/07\/duurzaamheid.jpg\"},{\"@type\":\"BreadcrumbList\",\"@id\":\"https:\/\/pt-creations.eu\/fr\/qui-sommes-nous\/durabilite\/#breadcrumb\",\"itemListElement\":[{\"@type\":\"ListItem\",\"position\":1,\"name\":\"Home\",\"item\":\"https:\/\/pt-creations.eu\/fr\/\"},{\"@type\":\"ListItem\",\"position\":2,\"name\":\"QUI SOMMES-NOUS ?\",\"item\":\"https:\/\/pt-creations.eu\/fr\/qui-sommes-nous\/\"},{\"@type\":\"ListItem\",\"position\":3,\"name\":\"DURABILIT\u00c9\"}]},{\"@type\":\"WebSite\",\"@id\":\"https:\/\/pt-creations.eu\/fr\/#website\",\"url\":\"https:\/\/pt-creations.eu\/fr\/\",\"name\":\"PT Creations\",\"description\":\"\",\"potentialAction\":[{\"@type\":\"SearchAction\",\"target\":{\"@type\":\"EntryPoint\",\"urlTemplate\":\"https:\/\/pt-creations.eu\/fr\/?s={search_term_string}\"},\"query-input\":\"required name=search_term_string\"}],\"inLanguage\":\"fr-FR\"}]}<\/script>\n<!-- \/ Yoast SEO plugin. -->","yoast_head_json":{"title":"DURABILIT\u00c9 - PT Creations","robots":{"index":"index","follow":"follow","max-snippet":"max-snippet:-1","max-image-preview":"max-image-preview:large","max-video-preview":"max-video-preview:-1"},"canonical":"https:\/\/pt-creations.eu\/fr\/qui-sommes-nous\/durabilite\/","og_locale":"fr_FR","og_type":"article","og_title":"DURABILIT\u00c9 - PT Creations","og_description":"Durabilit\u00e9 Durabilit\u00e9 &nbsp; Afin d&rsquo;offrir \u00e0 la prochaine g\u00e9n\u00e9ration un monde sain et pur, nous devons traiter la terre avec soin. Conscients de cela, nous travaillons constamment \u00e0 une production ayant le moins d&rsquo;impact possible sur l&rsquo;environnement. Nous nous effor\u00e7ons de r\u00e9duire \u00e0 z\u00e9ro notre propre consommation d&rsquo;\u00e9nergie par les moyens suivants : Cog\u00e9n\u00e9ration Panneaux [&hellip;]","og_url":"https:\/\/pt-creations.eu\/fr\/qui-sommes-nous\/durabilite\/","og_site_name":"PT Creations","article_modified_time":"2021-08-18T09:42:38+00:00","og_image":[{"url":"https:\/\/pt-creations.eu\/wp-content\/uploads\/2021\/07\/duurzaamheid.jpg"}],"twitter_card":"summary_large_image","twitter_misc":{"Dur\u00e9e de lecture estim\u00e9e":"1 minute"},"schema":{"@context":"https:\/\/schema.org","@graph":[{"@type":"WebPage","@id":"https:\/\/pt-creations.eu\/fr\/qui-sommes-nous\/durabilite\/","url":"https:\/\/pt-creations.eu\/fr\/qui-sommes-nous\/durabilite\/","name":"DURABILIT\u00c9 - PT Creations","isPartOf":{"@id":"https:\/\/pt-creations.eu\/fr\/#website"},"primaryImageOfPage":{"@id":"https:\/\/pt-creations.eu\/fr\/qui-sommes-nous\/durabilite\/#primaryimage"},"image":{"@id":"https:\/\/pt-creations.eu\/fr\/qui-sommes-nous\/durabilite\/#primaryimage"},"thumbnailUrl":"https:\/\/pt-creations.eu\/wp-content\/uploads\/2021\/07\/duurzaamheid.jpg","datePublished":"2021-08-16T14:43:29+00:00","dateModified":"2021-08-18T09:42:38+00:00","breadcrumb":{"@id":"https:\/\/pt-creations.eu\/fr\/qui-sommes-nous\/durabilite\/#breadcrumb"},"inLanguage":"fr-FR","potentialAction":[{"@type":"ReadAction","target":["https:\/\/pt-creations.eu\/fr\/qui-sommes-nous\/durabilite\/"]}]},{"@type":"ImageObject","inLanguage":"fr-FR","@id":"https:\/\/pt-creations.eu\/fr\/qui-sommes-nous\/durabilite\/#primaryimage","url":"https:\/\/pt-creations.eu\/wp-content\/uploads\/2021\/07\/duurzaamheid.jpg","contentUrl":"https:\/\/pt-creations.eu\/wp-content\/uploads\/2021\/07\/duurzaamheid.jpg"},{"@type":"BreadcrumbList","@id":"https:\/\/pt-creations.eu\/fr\/qui-sommes-nous\/durabilite\/#breadcrumb","itemListElement":[{"@type":"ListItem","position":1,"name":"Home","item":"https:\/\/pt-creations.eu\/fr\/"},{"@type":"ListItem","position":2,"name":"QUI SOMMES-NOUS ?","item":"https:\/\/pt-creations.eu\/fr\/qui-sommes-nous\/"},{"@type":"ListItem","position":3,"name":"DURABILIT\u00c9"}]},{"@type":"WebSite","@id":"https:\/\/pt-creations.eu\/fr\/#website","url":"https:\/\/pt-creations.eu\/fr\/","name":"PT Creations","description":"","potentialAction":[{"@type":"SearchAction","target":{"@type":"EntryPoint","urlTemplate":"https:\/\/pt-creations.eu\/fr\/?s={search_term_string}"},"query-input":"required name=search_term_string"}],"inLanguage":"fr-FR"}]}},"_links":{"self":[{"href":"https:\/\/pt-creations.eu\/fr\/wp-json\/wp\/v2\/pages\/1710","targetHints":{"allow":["GET"]}}],"collection":[{"href":"https:\/\/pt-creations.eu\/fr\/wp-json\/wp\/v2\/pages"}],"about":[{"href":"https:\/\/pt-creations.eu\/fr\/wp-json\/wp\/v2\/types\/page"}],"author":[{"embeddable":true,"href":"https:\/\/pt-creations.eu\/fr\/wp-json\/wp\/v2\/users\/5"}],"replies":[{"embeddable":true,"href":"https:\/\/pt-creations.eu\/fr\/wp-json\/wp\/v2\/comments?post=1710"}],"version-history":[{"count":1,"href":"https:\/\/pt-creations.eu\/fr\/wp-json\/wp\/v2\/pages\/1710\/revisions"}],"predecessor-version":[{"id":1793,"href":"https:\/\/pt-creations.eu\/fr\/wp-json\/wp\/v2\/pages\/1710\/revisions\/1793"}],"up":[{"embeddable":true,"href":"https:\/\/pt-creations.eu\/fr\/wp-json\/wp\/v2\/pages\/1450"}],"wp:attachment":[{"href":"https:\/\/pt-creations.eu\/fr\/wp-json\/wp\/v2\/media?parent=1710"}],"curies":[{"name":"wp","href":"https:\/\/api.w.org\/{rel}","templated":true}]}}