{"id":1842,"date":"2021-08-18T12:23:54","date_gmt":"2021-08-18T10:23:54","guid":{"rendered":"https:\/\/pt-creations.eu\/services\/pt-aalsmeer\/"},"modified":"2023-06-13T09:53:12","modified_gmt":"2023-06-13T07:53:12","slug":"pt-veen","status":"publish","type":"page","link":"https:\/\/pt-creations.eu\/fr\/services\/pt-veen\/","title":{"rendered":"PT-VEEN"},"content":{"rendered":"\n\n    <img decoding=\"async\" src=\"https:\/\/pt-creations.eu\/wp-content\/uploads\/2023\/04\/cashcarry_banner-1.png\"\/>\n\t\t<h1>Cash &#038; Carry<\/h1>\n\t\t<h2>Cash &#038; Carry<\/h2>\n\t\t<p>Saviez-vous que PT Creations dispose \u00e9galement d&rsquo;un syst\u00e8me Cash &amp; Carry \u00e0 Veen? Vous pouvez nous trouver tous les jours avec un assortiment vari\u00e9 et de premi\u00e8re fra\u00eecheur pr\u00e8s de Quartier g\u00e9n\u00e9ral.Les avantages du Cash &amp; Carry \u00e0 PT Creations :<\/p><ul><li>Variation de l&rsquo;assortiment en fonction des tendances actuelles<\/li><li>Assortiment de premi\u00e8re fra\u00eecheur<\/li><li>Facile \u00e0 commander \u00ab\u00a0plateau par plateau\u00a0\u00bb<\/li><li>A commander par t\u00e9l\u00e9phone, en ligne et sur place<\/li><li>A r\u00e9cup\u00e9rer directement<\/li><\/ul>\n\t\t\t\t\t<a href=\"\/fr\/nous-contacter\/\" target=\"_self\" rel=\"noopener\">\n\t\t\t\tENVOYER UN MESSAGE\t\t\t<\/a>\n\t<img decoding=\"async\" src=\"https:\/\/pt-creations.eu\/wp-content\/uploads\/2023\/04\/cashcarry2.png\"\/>\n\t\t<h2>NOTRE GAMME<\/h2>\n\t\t<p>Notre boutique en ligne est mise \u00e0 jour quotidiennement, consultez notre gamme actuelle en suivant ce lien,\u00a0<u><strong>ici. <\/strong><\/u>Vous n&rsquo;avez pas encore de compte? Veuillez alors contacter notre bureau : +31 (0)416 696 033.\u00a0<u><strong>Adresse et heures d&rsquo;ouverture<\/strong><\/u><table><tbody><tr><td><strong>Lundi<\/strong><\/td><td>06:00\u00a0 &#8211; 15:00<\/td><\/tr><tr><td><strong>Mardi <\/strong><\/td><td>06:00\u00a0 &#8211; 15:00<\/td><\/tr><tr><td><strong>Mercredi<\/strong><\/td><td>06:00\u00a0 &#8211; 15:00<\/td><\/tr><tr><td><strong>Jeudi<\/strong><\/td><td>06:00\u00a0 &#8211; 15:00<\/td><\/tr><tr><td><strong>Vendredi<\/strong><\/td><td>06:00\u00a0 &#8211; 14:00<\/td><\/tr><\/tbody><\/table>\u00a0PT Creations Cash &amp; Carry<br \/>Verre Weide 1<br \/>4264 KM Veen (les Pays-Bas)<\/p>\n\t\t\t\t\t<a href=\"\/fr\/nous-contacter\/\" target=\"_self\" rel=\"noopener\">\n\t\t\t\tENVOYER UN MESSAGE\t\t\t<\/a>\n\t<img decoding=\"async\" src=\"https:\/\/pt-creations.eu\/wp-content\/uploads\/2023\/04\/cashcarry.png\"\/>\n\n","protected":false},"excerpt":{"rendered":"<p>Cash &#038; Carry Cash &#038; Carry Saviez-vous que PT Creations dispose \u00e9galement d&rsquo;un syst\u00e8me Cash &amp; Carry \u00e0 Veen? Vous pouvez nous trouver tous les jours avec un assortiment vari\u00e9 et de premi\u00e8re fra\u00eecheur pr\u00e8s de Quartier g\u00e9n\u00e9ral.Les avantages du Cash &amp; Carry \u00e0 PT Creations : Variation de l&rsquo;assortiment en fonction des tendances actuelles [&hellip;]<\/p>\n","protected":false},"author":6,"featured_media":0,"parent":1722,"menu_order":0,"comment_status":"closed","ping_status":"closed","template":"","meta":{"_acf_changed":false,"inline_featured_image":false,"footnotes":""},"class_list":["post-1842","page","type-page","status-publish","hentry"],"acf":[],"yoast_head":"<!-- This site is optimized with the Yoast SEO plugin v22.7 - https:\/\/yoast.com\/wordpress\/plugins\/seo\/ -->\n<title>PT-VEEN | Cash &amp; carry | PT Creations<\/title>\n<meta name=\"description\" content=\"PT Creations beschikt over een Cash &amp; Carry systeem in Aalsmeer. U kunt ons daar dagelijks vinden met een wisselend en vers assortiment.\" \/>\n<meta name=\"robots\" content=\"index, follow, max-snippet:-1, max-image-preview:large, max-video-preview:-1\" \/>\n<link rel=\"canonical\" href=\"https:\/\/pt-creations.eu\/fr\/services\/pt-veen\/\" \/>\n<meta property=\"og:locale\" content=\"fr_FR\" \/>\n<meta property=\"og:type\" content=\"article\" \/>\n<meta property=\"og:title\" content=\"PT-VEEN | Cash &amp; carry | PT Creations\" \/>\n<meta property=\"og:description\" content=\"PT Creations beschikt over een Cash &amp; Carry systeem in Aalsmeer. U kunt ons daar dagelijks vinden met een wisselend en vers assortiment.\" \/>\n<meta property=\"og:url\" content=\"https:\/\/pt-creations.eu\/fr\/services\/pt-veen\/\" \/>\n<meta property=\"og:site_name\" content=\"PT Creations\" \/>\n<meta property=\"article:modified_time\" content=\"2023-06-13T07:53:12+00:00\" \/>\n<meta property=\"og:image\" content=\"https:\/\/pt-creations.eu\/wp-content\/uploads\/2023\/04\/cashcarry_banner-1.png\" \/>\n<meta name=\"twitter:card\" content=\"summary_large_image\" \/>\n<meta name=\"twitter:label1\" content=\"Dur\u00e9e de lecture estim\u00e9e\" \/>\n\t<meta name=\"twitter:data1\" content=\"2 minutes\" \/>\n<script type=\"application\/ld+json\" class=\"yoast-schema-graph\">{\"@context\":\"https:\/\/schema.org\",\"@graph\":[{\"@type\":\"WebPage\",\"@id\":\"https:\/\/pt-creations.eu\/fr\/services\/pt-veen\/\",\"url\":\"https:\/\/pt-creations.eu\/fr\/services\/pt-veen\/\",\"name\":\"PT-VEEN | Cash & carry | PT Creations\",\"isPartOf\":{\"@id\":\"https:\/\/pt-creations.eu\/fr\/#website\"},\"primaryImageOfPage\":{\"@id\":\"https:\/\/pt-creations.eu\/fr\/services\/pt-veen\/#primaryimage\"},\"image\":{\"@id\":\"https:\/\/pt-creations.eu\/fr\/services\/pt-veen\/#primaryimage\"},\"thumbnailUrl\":\"https:\/\/pt-creations.eu\/wp-content\/uploads\/2023\/04\/cashcarry_banner-1.png\",\"datePublished\":\"2021-08-18T10:23:54+00:00\",\"dateModified\":\"2023-06-13T07:53:12+00:00\",\"description\":\"PT Creations beschikt over een Cash & Carry systeem in Aalsmeer. U kunt ons daar dagelijks vinden met een wisselend en vers assortiment.\",\"breadcrumb\":{\"@id\":\"https:\/\/pt-creations.eu\/fr\/services\/pt-veen\/#breadcrumb\"},\"inLanguage\":\"fr-FR\",\"potentialAction\":[{\"@type\":\"ReadAction\",\"target\":[\"https:\/\/pt-creations.eu\/fr\/services\/pt-veen\/\"]}]},{\"@type\":\"ImageObject\",\"inLanguage\":\"fr-FR\",\"@id\":\"https:\/\/pt-creations.eu\/fr\/services\/pt-veen\/#primaryimage\",\"url\":\"https:\/\/pt-creations.eu\/wp-content\/uploads\/2023\/04\/cashcarry_banner-1.png\",\"contentUrl\":\"https:\/\/pt-creations.eu\/wp-content\/uploads\/2023\/04\/cashcarry_banner-1.png\"},{\"@type\":\"BreadcrumbList\",\"@id\":\"https:\/\/pt-creations.eu\/fr\/services\/pt-veen\/#breadcrumb\",\"itemListElement\":[{\"@type\":\"ListItem\",\"position\":1,\"name\":\"Home\",\"item\":\"https:\/\/pt-creations.eu\/fr\/\"},{\"@type\":\"ListItem\",\"position\":2,\"name\":\"SERVICES\",\"item\":\"https:\/\/pt-creations.eu\/fr\/services\/\"},{\"@type\":\"ListItem\",\"position\":3,\"name\":\"PT-VEEN\"}]},{\"@type\":\"WebSite\",\"@id\":\"https:\/\/pt-creations.eu\/fr\/#website\",\"url\":\"https:\/\/pt-creations.eu\/fr\/\",\"name\":\"PT Creations\",\"description\":\"\",\"potentialAction\":[{\"@type\":\"SearchAction\",\"target\":{\"@type\":\"EntryPoint\",\"urlTemplate\":\"https:\/\/pt-creations.eu\/fr\/?s={search_term_string}\"},\"query-input\":\"required name=search_term_string\"}],\"inLanguage\":\"fr-FR\"}]}<\/script>\n<!-- \/ Yoast SEO plugin. -->","yoast_head_json":{"title":"PT-VEEN | Cash & carry | PT Creations","description":"PT Creations beschikt over een Cash & Carry systeem in Aalsmeer. U kunt ons daar dagelijks vinden met een wisselend en vers assortiment.","robots":{"index":"index","follow":"follow","max-snippet":"max-snippet:-1","max-image-preview":"max-image-preview:large","max-video-preview":"max-video-preview:-1"},"canonical":"https:\/\/pt-creations.eu\/fr\/services\/pt-veen\/","og_locale":"fr_FR","og_type":"article","og_title":"PT-VEEN | Cash & carry | PT Creations","og_description":"PT Creations beschikt over een Cash & Carry systeem in Aalsmeer. U kunt ons daar dagelijks vinden met een wisselend en vers assortiment.","og_url":"https:\/\/pt-creations.eu\/fr\/services\/pt-veen\/","og_site_name":"PT Creations","article_modified_time":"2023-06-13T07:53:12+00:00","og_image":[{"url":"https:\/\/pt-creations.eu\/wp-content\/uploads\/2023\/04\/cashcarry_banner-1.png"}],"twitter_card":"summary_large_image","twitter_misc":{"Dur\u00e9e de lecture estim\u00e9e":"2 minutes"},"schema":{"@context":"https:\/\/schema.org","@graph":[{"@type":"WebPage","@id":"https:\/\/pt-creations.eu\/fr\/services\/pt-veen\/","url":"https:\/\/pt-creations.eu\/fr\/services\/pt-veen\/","name":"PT-VEEN | Cash & carry | PT Creations","isPartOf":{"@id":"https:\/\/pt-creations.eu\/fr\/#website"},"primaryImageOfPage":{"@id":"https:\/\/pt-creations.eu\/fr\/services\/pt-veen\/#primaryimage"},"image":{"@id":"https:\/\/pt-creations.eu\/fr\/services\/pt-veen\/#primaryimage"},"thumbnailUrl":"https:\/\/pt-creations.eu\/wp-content\/uploads\/2023\/04\/cashcarry_banner-1.png","datePublished":"2021-08-18T10:23:54+00:00","dateModified":"2023-06-13T07:53:12+00:00","description":"PT Creations beschikt over een Cash & Carry systeem in Aalsmeer. U kunt ons daar dagelijks vinden met een wisselend en vers assortiment.","breadcrumb":{"@id":"https:\/\/pt-creations.eu\/fr\/services\/pt-veen\/#breadcrumb"},"inLanguage":"fr-FR","potentialAction":[{"@type":"ReadAction","target":["https:\/\/pt-creations.eu\/fr\/services\/pt-veen\/"]}]},{"@type":"ImageObject","inLanguage":"fr-FR","@id":"https:\/\/pt-creations.eu\/fr\/services\/pt-veen\/#primaryimage","url":"https:\/\/pt-creations.eu\/wp-content\/uploads\/2023\/04\/cashcarry_banner-1.png","contentUrl":"https:\/\/pt-creations.eu\/wp-content\/uploads\/2023\/04\/cashcarry_banner-1.png"},{"@type":"BreadcrumbList","@id":"https:\/\/pt-creations.eu\/fr\/services\/pt-veen\/#breadcrumb","itemListElement":[{"@type":"ListItem","position":1,"name":"Home","item":"https:\/\/pt-creations.eu\/fr\/"},{"@type":"ListItem","position":2,"name":"SERVICES","item":"https:\/\/pt-creations.eu\/fr\/services\/"},{"@type":"ListItem","position":3,"name":"PT-VEEN"}]},{"@type":"WebSite","@id":"https:\/\/pt-creations.eu\/fr\/#website","url":"https:\/\/pt-creations.eu\/fr\/","name":"PT Creations","description":"","potentialAction":[{"@type":"SearchAction","target":{"@type":"EntryPoint","urlTemplate":"https:\/\/pt-creations.eu\/fr\/?s={search_term_string}"},"query-input":"required name=search_term_string"}],"inLanguage":"fr-FR"}]}},"_links":{"self":[{"href":"https:\/\/pt-creations.eu\/fr\/wp-json\/wp\/v2\/pages\/1842","targetHints":{"allow":["GET"]}}],"collection":[{"href":"https:\/\/pt-creations.eu\/fr\/wp-json\/wp\/v2\/pages"}],"about":[{"href":"https:\/\/pt-creations.eu\/fr\/wp-json\/wp\/v2\/types\/page"}],"author":[{"embeddable":true,"href":"https:\/\/pt-creations.eu\/fr\/wp-json\/wp\/v2\/users\/6"}],"replies":[{"embeddable":true,"href":"https:\/\/pt-creations.eu\/fr\/wp-json\/wp\/v2\/comments?post=1842"}],"version-history":[{"count":14,"href":"https:\/\/pt-creations.eu\/fr\/wp-json\/wp\/v2\/pages\/1842\/revisions"}],"predecessor-version":[{"id":3175,"href":"https:\/\/pt-creations.eu\/fr\/wp-json\/wp\/v2\/pages\/1842\/revisions\/3175"}],"up":[{"embeddable":true,"href":"https:\/\/pt-creations.eu\/fr\/wp-json\/wp\/v2\/pages\/1722"}],"wp:attachment":[{"href":"https:\/\/pt-creations.eu\/fr\/wp-json\/wp\/v2\/media?parent=1842"}],"curies":[{"name":"wp","href":"https:\/\/api.w.org\/{rel}","templated":true}]}}