{"id":1437,"date":"2021-07-24T17:12:35","date_gmt":"2021-07-24T15:12:35","guid":{"rendered":"https:\/\/pt-creations.eu\/pt-aalsmeer\/"},"modified":"2023-06-13T09:54:13","modified_gmt":"2023-06-13T07:54:13","slug":"pt-veen","status":"publish","type":"page","link":"https:\/\/pt-creations.eu\/pl\/uslugi\/pt-veen\/","title":{"rendered":"PT-Veen"},"content":{"rendered":"\n\n    <img decoding=\"async\" src=\"https:\/\/pt-creations.eu\/wp-content\/uploads\/2023\/04\/cashcarry_banner-1.png\"\/>\n\t\t<h1>Cash &#038; Carry<\/h1>\n\t\t\t\t\t<a href=\"https:\/\/pt-creations.eu\/pl\/uslugi\/\" target=\"_self\" rel=\"noopener\">\n\t\t\t\t\t\t\t\t\t<img decoding=\"async\" src=\"\/wp-content\/themes\/bb-blank-child\/img\/arrow-left.svg\"\/>\n\t\t\t\tPOWR\u00d3T DO POGL\u0104DU\n\t\t\t\t\t\t\t<\/a>\n\t\t<h2>Cash &#038; Carry<\/h2>\n\t\t<p>Czy wiesz, \u017ce PT Creations ma r\u00f3wnie\u017c system Cash &amp; Carry w Veen? W pobli\u017cu naszej siedziby mo\u017cesz nas znale\u017a\u0107 codziennie ze zmieniaj\u0105c\u0105 si\u0119 i \u015bwie\u017c\u0105 ofert\u0105.Koszy\u015bci p\u0142yn\u0105ce z systemu Cash &amp; Carry w PT Creations:<\/p><ul><li>R\u00f3\u017cnorodny asortyment w oparciu o aktualne trendy<\/li><li>\u015awie\u017cy asortyment<\/li><li>Proste zam\u00f3wienia na doniczki<\/li><li>Mo\u017cliwo\u015b\u0107 sk\u0142adania zam\u00f3wie\u0144 telefonicznie, online i na miejscu<\/li><\/ul>\u00a0\n\t\t\t\t\t<a href=\"https:\/\/pt-creations.eu\/pl\/kontakt\/\" target=\"_self\" rel=\"noopener\">\n\t\t\t\tWY\u015aLIJ WIADOMO\u015a\u0106\t\t\t<\/a>\n\t<img decoding=\"async\" src=\"https:\/\/pt-creations.eu\/wp-content\/uploads\/2023\/04\/cashcarry2.png\"\/>\n\t\t<h2>NASZA OFERTA<\/h2>\n\t\t<p>Nasz sklep internetowy jest codziennie aktualizowany, kliknij w\u00a0<strong><u>link<\/u><\/strong>, aby sprawdzi\u0107 aktualn\u0105 ofert\u0119. Nie posiadasz jeszcze konta? Skontaktuj si\u0119 z naszym biurem pod numerem:+31 416 696 033.\u00a0<strong><u>Adres i Godziny otwarcia<\/u><\/strong><table><tbody><tr><td><strong>Poniedzia\u0142ek<\/strong><\/td><td>06:00\u00a0 &#8211; 15:00<\/td><\/tr><tr><td><strong>Wtorek \u00a0<\/strong><\/td><td>06:00\u00a0 &#8211; 15:00<\/td><\/tr><tr><td><strong>\u015aroda<\/strong><\/td><td>06:00\u00a0 &#8211; 15:00<\/td><\/tr><tr><td><strong>Czwartek<\/strong><\/td><td>06:00\u00a0 &#8211; 15:00<\/td><\/tr><tr><td><strong>Pi\u0105tek<\/strong><\/td><td>06:00\u00a0 &#8211; 14:00<\/td><\/tr><\/tbody><\/table>\u00a0PT Creations Cash &amp; Carry<br \/>Verre Weide 1<br \/>4264 KM Veen <br \/>Holandia<\/p>\n\t\t\t\t\t<a href=\"https:\/\/pt-creations.eu\/pl\/kontakt\/\" target=\"_self\" rel=\"noopener\">\n\t\t\t\tWY\u015aLIJ WIADOMO\u015a\u0106\t\t\t<\/a>\n\t<img decoding=\"async\" src=\"https:\/\/pt-creations.eu\/wp-content\/uploads\/2023\/04\/cashcarry.png\"\/>\n\n","protected":false},"excerpt":{"rendered":"<p>Cash &#038; Carry POWR\u00d3T DO POGL\u0104DU Cash &#038; Carry Czy wiesz, \u017ce PT Creations ma r\u00f3wnie\u017c system Cash &amp; Carry w Veen? W pobli\u017cu naszej siedziby mo\u017cesz nas znale\u017a\u0107 codziennie ze zmieniaj\u0105c\u0105 si\u0119 i \u015bwie\u017c\u0105 ofert\u0105.Koszy\u015bci p\u0142yn\u0105ce z systemu Cash &amp; Carry w PT Creations: R\u00f3\u017cnorodny asortyment w oparciu o aktualne trendy \u015awie\u017cy asortyment Proste [&hellip;]<\/p>\n","protected":false},"author":6,"featured_media":0,"parent":1724,"menu_order":0,"comment_status":"closed","ping_status":"closed","template":"","meta":{"_acf_changed":false,"inline_featured_image":false,"footnotes":""},"class_list":["post-1437","page","type-page","status-publish","hentry"],"acf":[],"yoast_head":"<!-- This site is optimized with the Yoast SEO plugin v22.7 - https:\/\/yoast.com\/wordpress\/plugins\/seo\/ -->\n<title>PT-Veen | Cash &amp; carry | PT Creations<\/title>\n<meta name=\"description\" content=\"PT Creations beschikt over een Cash &amp; Carry systeem in Aalsmeer. U kunt ons daar dagelijks vinden met een wisselend en vers assortiment.\" \/>\n<meta name=\"robots\" content=\"index, follow, max-snippet:-1, max-image-preview:large, max-video-preview:-1\" \/>\n<link rel=\"canonical\" href=\"https:\/\/pt-creations.eu\/pl\/uslugi\/pt-veen\/\" \/>\n<meta property=\"og:locale\" content=\"pl_PL\" \/>\n<meta property=\"og:type\" content=\"article\" \/>\n<meta property=\"og:title\" content=\"PT-Veen | Cash &amp; carry | PT Creations\" \/>\n<meta property=\"og:description\" content=\"PT Creations beschikt over een Cash &amp; Carry systeem in Aalsmeer. U kunt ons daar dagelijks vinden met een wisselend en vers assortiment.\" \/>\n<meta property=\"og:url\" content=\"https:\/\/pt-creations.eu\/pl\/uslugi\/pt-veen\/\" \/>\n<meta property=\"og:site_name\" content=\"PT Creations\" \/>\n<meta property=\"article:modified_time\" content=\"2023-06-13T07:54:13+00:00\" \/>\n<meta property=\"og:image\" content=\"https:\/\/pt-creations.eu\/wp-content\/uploads\/2023\/04\/cashcarry_banner-1.png\" \/>\n<meta name=\"twitter:card\" content=\"summary_large_image\" \/>\n<meta name=\"twitter:label1\" content=\"Szacowany czas czytania\" \/>\n\t<meta name=\"twitter:data1\" content=\"1 minuta\" \/>\n<script type=\"application\/ld+json\" class=\"yoast-schema-graph\">{\"@context\":\"https:\/\/schema.org\",\"@graph\":[{\"@type\":\"WebPage\",\"@id\":\"https:\/\/pt-creations.eu\/pl\/uslugi\/pt-veen\/\",\"url\":\"https:\/\/pt-creations.eu\/pl\/uslugi\/pt-veen\/\",\"name\":\"PT-Veen | Cash & carry | PT Creations\",\"isPartOf\":{\"@id\":\"https:\/\/pt-creations.eu\/pl\/#website\"},\"primaryImageOfPage\":{\"@id\":\"https:\/\/pt-creations.eu\/pl\/uslugi\/pt-veen\/#primaryimage\"},\"image\":{\"@id\":\"https:\/\/pt-creations.eu\/pl\/uslugi\/pt-veen\/#primaryimage\"},\"thumbnailUrl\":\"https:\/\/pt-creations.eu\/wp-content\/uploads\/2023\/04\/cashcarry_banner-1.png\",\"datePublished\":\"2021-07-24T15:12:35+00:00\",\"dateModified\":\"2023-06-13T07:54:13+00:00\",\"description\":\"PT Creations beschikt over een Cash & Carry systeem in Aalsmeer. U kunt ons daar dagelijks vinden met een wisselend en vers assortiment.\",\"breadcrumb\":{\"@id\":\"https:\/\/pt-creations.eu\/pl\/uslugi\/pt-veen\/#breadcrumb\"},\"inLanguage\":\"pl-PL\",\"potentialAction\":[{\"@type\":\"ReadAction\",\"target\":[\"https:\/\/pt-creations.eu\/pl\/uslugi\/pt-veen\/\"]}]},{\"@type\":\"ImageObject\",\"inLanguage\":\"pl-PL\",\"@id\":\"https:\/\/pt-creations.eu\/pl\/uslugi\/pt-veen\/#primaryimage\",\"url\":\"https:\/\/pt-creations.eu\/wp-content\/uploads\/2023\/04\/cashcarry_banner-1.png\",\"contentUrl\":\"https:\/\/pt-creations.eu\/wp-content\/uploads\/2023\/04\/cashcarry_banner-1.png\"},{\"@type\":\"BreadcrumbList\",\"@id\":\"https:\/\/pt-creations.eu\/pl\/uslugi\/pt-veen\/#breadcrumb\",\"itemListElement\":[{\"@type\":\"ListItem\",\"position\":1,\"name\":\"Home\",\"item\":\"https:\/\/pt-creations.eu\/pl\/\"},{\"@type\":\"ListItem\",\"position\":2,\"name\":\"US\u0141UGI\",\"item\":\"https:\/\/pt-creations.eu\/pl\/uslugi\/\"},{\"@type\":\"ListItem\",\"position\":3,\"name\":\"PT-Veen\"}]},{\"@type\":\"WebSite\",\"@id\":\"https:\/\/pt-creations.eu\/pl\/#website\",\"url\":\"https:\/\/pt-creations.eu\/pl\/\",\"name\":\"PT Creations\",\"description\":\"\",\"potentialAction\":[{\"@type\":\"SearchAction\",\"target\":{\"@type\":\"EntryPoint\",\"urlTemplate\":\"https:\/\/pt-creations.eu\/pl\/?s={search_term_string}\"},\"query-input\":\"required name=search_term_string\"}],\"inLanguage\":\"pl-PL\"}]}<\/script>\n<!-- \/ Yoast SEO plugin. -->","yoast_head_json":{"title":"PT-Veen | Cash & carry | PT Creations","description":"PT Creations beschikt over een Cash & Carry systeem in Aalsmeer. U kunt ons daar dagelijks vinden met een wisselend en vers assortiment.","robots":{"index":"index","follow":"follow","max-snippet":"max-snippet:-1","max-image-preview":"max-image-preview:large","max-video-preview":"max-video-preview:-1"},"canonical":"https:\/\/pt-creations.eu\/pl\/uslugi\/pt-veen\/","og_locale":"pl_PL","og_type":"article","og_title":"PT-Veen | Cash & carry | PT Creations","og_description":"PT Creations beschikt over een Cash & Carry systeem in Aalsmeer. U kunt ons daar dagelijks vinden met een wisselend en vers assortiment.","og_url":"https:\/\/pt-creations.eu\/pl\/uslugi\/pt-veen\/","og_site_name":"PT Creations","article_modified_time":"2023-06-13T07:54:13+00:00","og_image":[{"url":"https:\/\/pt-creations.eu\/wp-content\/uploads\/2023\/04\/cashcarry_banner-1.png"}],"twitter_card":"summary_large_image","twitter_misc":{"Szacowany czas czytania":"1 minuta"},"schema":{"@context":"https:\/\/schema.org","@graph":[{"@type":"WebPage","@id":"https:\/\/pt-creations.eu\/pl\/uslugi\/pt-veen\/","url":"https:\/\/pt-creations.eu\/pl\/uslugi\/pt-veen\/","name":"PT-Veen | Cash & carry | PT Creations","isPartOf":{"@id":"https:\/\/pt-creations.eu\/pl\/#website"},"primaryImageOfPage":{"@id":"https:\/\/pt-creations.eu\/pl\/uslugi\/pt-veen\/#primaryimage"},"image":{"@id":"https:\/\/pt-creations.eu\/pl\/uslugi\/pt-veen\/#primaryimage"},"thumbnailUrl":"https:\/\/pt-creations.eu\/wp-content\/uploads\/2023\/04\/cashcarry_banner-1.png","datePublished":"2021-07-24T15:12:35+00:00","dateModified":"2023-06-13T07:54:13+00:00","description":"PT Creations beschikt over een Cash & Carry systeem in Aalsmeer. U kunt ons daar dagelijks vinden met een wisselend en vers assortiment.","breadcrumb":{"@id":"https:\/\/pt-creations.eu\/pl\/uslugi\/pt-veen\/#breadcrumb"},"inLanguage":"pl-PL","potentialAction":[{"@type":"ReadAction","target":["https:\/\/pt-creations.eu\/pl\/uslugi\/pt-veen\/"]}]},{"@type":"ImageObject","inLanguage":"pl-PL","@id":"https:\/\/pt-creations.eu\/pl\/uslugi\/pt-veen\/#primaryimage","url":"https:\/\/pt-creations.eu\/wp-content\/uploads\/2023\/04\/cashcarry_banner-1.png","contentUrl":"https:\/\/pt-creations.eu\/wp-content\/uploads\/2023\/04\/cashcarry_banner-1.png"},{"@type":"BreadcrumbList","@id":"https:\/\/pt-creations.eu\/pl\/uslugi\/pt-veen\/#breadcrumb","itemListElement":[{"@type":"ListItem","position":1,"name":"Home","item":"https:\/\/pt-creations.eu\/pl\/"},{"@type":"ListItem","position":2,"name":"US\u0141UGI","item":"https:\/\/pt-creations.eu\/pl\/uslugi\/"},{"@type":"ListItem","position":3,"name":"PT-Veen"}]},{"@type":"WebSite","@id":"https:\/\/pt-creations.eu\/pl\/#website","url":"https:\/\/pt-creations.eu\/pl\/","name":"PT Creations","description":"","potentialAction":[{"@type":"SearchAction","target":{"@type":"EntryPoint","urlTemplate":"https:\/\/pt-creations.eu\/pl\/?s={search_term_string}"},"query-input":"required name=search_term_string"}],"inLanguage":"pl-PL"}]}},"_links":{"self":[{"href":"https:\/\/pt-creations.eu\/pl\/wp-json\/wp\/v2\/pages\/1437","targetHints":{"allow":["GET"]}}],"collection":[{"href":"https:\/\/pt-creations.eu\/pl\/wp-json\/wp\/v2\/pages"}],"about":[{"href":"https:\/\/pt-creations.eu\/pl\/wp-json\/wp\/v2\/types\/page"}],"author":[{"embeddable":true,"href":"https:\/\/pt-creations.eu\/pl\/wp-json\/wp\/v2\/users\/6"}],"replies":[{"embeddable":true,"href":"https:\/\/pt-creations.eu\/pl\/wp-json\/wp\/v2\/comments?post=1437"}],"version-history":[{"count":12,"href":"https:\/\/pt-creations.eu\/pl\/wp-json\/wp\/v2\/pages\/1437\/revisions"}],"predecessor-version":[{"id":3176,"href":"https:\/\/pt-creations.eu\/pl\/wp-json\/wp\/v2\/pages\/1437\/revisions\/3176"}],"up":[{"embeddable":true,"href":"https:\/\/pt-creations.eu\/pl\/wp-json\/wp\/v2\/pages\/1724"}],"wp:attachment":[{"href":"https:\/\/pt-creations.eu\/pl\/wp-json\/wp\/v2\/media?parent=1437"}],"curies":[{"name":"wp","href":"https:\/\/api.w.org\/{rel}","templated":true}]}}