{"id":1441,"date":"2021-07-26T13:52:34","date_gmt":"2021-07-26T11:52:34","guid":{"rendered":"https:\/\/pt-creations.eu\/kompozycje-kwiatowe\/"},"modified":"2023-05-03T08:46:49","modified_gmt":"2023-05-03T06:46:49","slug":"kompozycje-kwiatowe","status":"publish","type":"page","link":"https:\/\/pt-creations.eu\/pl\/kompozycje-kwiatowe\/","title":{"rendered":"KOMPOZYCJE KWIATOWE"},"content":{"rendered":"\n\n    <img decoding=\"async\" src=\"https:\/\/pt-creations.eu\/wp-content\/uploads\/2021\/03\/page-banner_2.png\"\/>\n\t\t<h1>KOMPOZYCJE KWIATOWE<\/h1>\n\t\t\t\t\t<a href=\"https:\/\/www.pt-creations.nl\/webshop\/?lang=en\" target=\"_blank\" rel=\"noopener\">\n\t\t\t\tDO SKLEPIU INTERNETOWEGO\n\t\t\t\t\t\t\t\t\t<img decoding=\"async\" src=\"\/wp-content\/themes\/bb-blank-child\/img\/arrow-right.svg\"\/>\n\t\t\t\t\t\t\t<\/a>\n\t\t<a href=\"https:\/\/pt-creations.eu\/pl\/arrangementen\/narcissus-tete-a-tete-pl\/\">\n\t\t\t\t\t\t\t<img decoding=\"async\" src=\"https:\/\/pt-creations.eu\/wp-content\/uploads\/2021\/06\/PTNB5203-300x300.png\"\/>\n\t\t\t<h2>Narcissus tete a tete (6)<\/h2>\n\t\t<\/a>\n\t\t<a href=\"https:\/\/pt-creations.eu\/pl\/arrangementen\/muscari-blue-magic-pl\/\">\n\t\t\t\t\t\t\t<img decoding=\"async\" src=\"https:\/\/pt-creations.eu\/wp-content\/uploads\/2021\/06\/PTMB1865-1-300x300.png\"\/>\n\t\t\t<h2>Muscari Blue Magic (6)<\/h2>\n\t\t<\/a>\n\t\t<a href=\"https:\/\/pt-creations.eu\/pl\/arrangementen\/cicha-sympatia\/\">\n\t\t\t\t\t\t\t<img decoding=\"async\" src=\"https:\/\/pt-creations.eu\/wp-content\/uploads\/2021\/06\/PTVG2012-1-300x300.png\"\/>\n\t\t\t<h2>Cicha sympatia (6)<\/h2>\n\t\t<\/a>\n\t\t<a href=\"https:\/\/pt-creations.eu\/pl\/arrangementen\/wielkanoc-arrangements\/\">\n\t\t\t\t\t\t\t<img decoding=\"async\" src=\"https:\/\/pt-creations.eu\/wp-content\/uploads\/2021\/06\/PTPB1311-1-300x300.png\"\/>\n\t\t\t<h2>Wielkanoc Arrangements (6)<\/h2>\n\t\t<\/a>\n\t\t<a href=\"https:\/\/pt-creations.eu\/pl\/arrangementen\/rosliny-rabatowe\/\">\n\t\t\t\t\t\t\t<img decoding=\"async\" src=\"https:\/\/pt-creations.eu\/wp-content\/uploads\/2021\/06\/PTPP8903-1-300x300.png\"\/>\n\t\t\t<h2>Ro\u015bliny rabatowe (6)<\/h2>\n\t\t<\/a>\n\t\t<a href=\"https:\/\/pt-creations.eu\/pl\/arrangementen\/phalaenopsis-pl\/\">\n\t\t\t\t\t\t\t<img decoding=\"async\" src=\"https:\/\/pt-creations.eu\/wp-content\/uploads\/2021\/06\/PTPH3103-1-300x300.png\"\/>\n\t\t\t<h2>Phalaenopsis (6)<\/h2>\n\t\t<\/a>\n\t\t<a href=\"https:\/\/pt-creations.eu\/pl\/arrangementen\/dzien-matki-arrangements\/\">\n\t\t\t\t\t\t\t<img decoding=\"async\" src=\"https:\/\/pt-creations.eu\/wp-content\/uploads\/2021\/06\/PTVG2042-1-300x300.png\"\/>\n\t\t\t<h2>Dzie\u0144 Matki Arrangements (6)<\/h2>\n\t\t<\/a>\n\t\t<a href=\"https:\/\/pt-creations.eu\/pl\/arrangementen\/morski-lato\/\">\n\t\t\t\t\t\t\t<img decoding=\"async\" src=\"https:\/\/pt-creations.eu\/wp-content\/uploads\/2021\/06\/PTMZ6649-1-300x300.png\"\/>\n\t\t\t<h2>Morski &#8211; Lato (6)<\/h2>\n\t\t<\/a>\n\t\t<a href=\"https:\/\/pt-creations.eu\/pl\/arrangementen\/sempervivum-pl\/\">\n\t\t\t\t\t\t\t<img decoding=\"async\" src=\"https:\/\/pt-creations.eu\/wp-content\/uploads\/2021\/06\/PTS9408-1-300x300.png\"\/>\n\t\t\t<h2>Sempervivum (6)<\/h2>\n\t\t<\/a>\n\t\t<a href=\"https:\/\/pt-creations.eu\/pl\/arrangementen\/succulenten-pl\/\">\n\t\t\t\t\t\t\t<img decoding=\"async\" src=\"https:\/\/pt-creations.eu\/wp-content\/uploads\/2021\/03\/arrangement-item-300x300.png\"\/>\n\t\t\t<h2>Succulenten (6)<\/h2>\n\t\t<\/a>\n\t\t<a href=\"https:\/\/pt-creations.eu\/pl\/arrangementen\/kaktus\/\">\n\t\t\t\t\t\t\t<img decoding=\"async\" src=\"https:\/\/pt-creations.eu\/wp-content\/uploads\/2021\/06\/PTCT1846-1-300x300.png\"\/>\n\t\t\t<h2>Kaktus (6)<\/h2>\n\t\t<\/a>\n\t\t<a href=\"https:\/\/pt-creations.eu\/pl\/arrangementen\/jesienne-dekoracje\/\">\n\t\t\t\t\t\t\t<img decoding=\"async\" src=\"https:\/\/pt-creations.eu\/wp-content\/uploads\/2021\/06\/PTHD9901-1-300x300.png\"\/>\n\t\t\t<h2>Jesienne dekoracje (6)<\/h2>\n\t\t<\/a>\n\t\t<a href=\"https:\/\/pt-creations.eu\/pl\/arrangementen\/jesienne-aranzacje\/\">\n\t\t\t\t\t\t\t<img decoding=\"async\" src=\"https:\/\/pt-creations.eu\/wp-content\/uploads\/2021\/06\/PTHG3476-1-300x300.png\"\/>\n\t\t\t<h2>Jesienne aran\u017cacje (6)<\/h2>\n\t\t<\/a>\n\t\t<a href=\"https:\/\/pt-creations.eu\/pl\/arrangementen\/jesien-na-zewnatrz\/\">\n\t\t\t\t\t\t\t<img decoding=\"async\" src=\"https:\/\/pt-creations.eu\/wp-content\/uploads\/2021\/06\/PTHO4502-1-300x300.png\"\/>\n\t\t\t<h2>Jesie\u0144 na zewn\u0105trz (6)<\/h2>\n\t\t<\/a>\n\t\t<a href=\"https:\/\/pt-creations.eu\/pl\/arrangementen\/swiateczne-dekoracje\/\">\n\t\t\t\t\t\t\t<img decoding=\"async\" src=\"https:\/\/pt-creations.eu\/wp-content\/uploads\/2021\/06\/COLK2-1-300x300.png\"\/>\n\t\t\t<h2>\u015bwi\u0105teczne dekoracje (6)<\/h2>\n\t\t<\/a>\n\t\t<a href=\"https:\/\/pt-creations.eu\/pl\/arrangementen\/aranzacje-swiateczne\/\">\n\t\t\t\t\t\t\t<img decoding=\"async\" src=\"https:\/\/pt-creations.eu\/wp-content\/uploads\/2021\/06\/PTKB2801-1-300x300.png\"\/>\n\t\t\t<h2>Aran\u017cacje \u015bwi\u0105teczne (6)<\/h2>\n\t\t<\/a>\n\t\t<a href=\"https:\/\/pt-creations.eu\/pl\/arrangementen\/choinki\/\">\n\t\t\t\t\t\t\t<img decoding=\"async\" src=\"https:\/\/pt-creations.eu\/wp-content\/uploads\/2021\/06\/PTK124-1-300x300.png\"\/>\n\t\t\t<h2>Choinki (6)<\/h2>\n\t\t<\/a>\n\t\t<a href=\"https:\/\/pt-creations.eu\/pl\/arrangementen\/aranzacje-amarylis\/\">\n\t\t\t\t\t\t\t<img decoding=\"async\" src=\"https:\/\/pt-creations.eu\/wp-content\/uploads\/2021\/06\/PTAB8203-1-300x300.png\"\/>\n\t\t\t<h2>aran\u017cacje amarylis (6)<\/h2>\n\t\t<\/a>\n\t\t<a href=\"https:\/\/pt-creations.eu\/pl\/arrangementen\/aranzacje-hiacyntowe\/\">\n\t\t\t\t\t\t\t<img decoding=\"async\" src=\"https:\/\/pt-creations.eu\/wp-content\/uploads\/2021\/06\/PTHCB2118-1-300x300.png\"\/>\n\t\t\t<h2>Aran\u017cacje hiacyntowe (6)<\/h2>\n\t\t<\/a>\n\t\t<a href=\"https:\/\/pt-creations.eu\/pl\/arrangementen\/nowy-rok\/\">\n\t\t\t\t\t\t\t<img decoding=\"async\" src=\"https:\/\/pt-creations.eu\/wp-content\/uploads\/2021\/06\/PTON9802-1-300x300.png\"\/>\n\t\t\t<h2>Nowy Rok (6)<\/h2>\n\t\t<\/a>\n\n","protected":false},"excerpt":{"rendered":"<p>KOMPOZYCJE KWIATOWE DO SKLEPIU INTERNETOWEGO Narcissus tete a tete (6) Muscari Blue Magic (6) Cicha sympatia (6) Wielkanoc Arrangements (6) Ro\u015bliny rabatowe (6) Phalaenopsis (6) Dzie\u0144 Matki Arrangements (6) Morski &#8211; Lato (6) Sempervivum (6) Succulenten (6) Kaktus (6) Jesienne dekoracje (6) Jesienne aran\u017cacje (6) Jesie\u0144 na zewn\u0105trz (6) \u015bwi\u0105teczne dekoracje (6) Aran\u017cacje \u015bwi\u0105teczne (6) [&hellip;]<\/p>\n","protected":false},"author":5,"featured_media":0,"parent":0,"menu_order":0,"comment_status":"closed","ping_status":"closed","template":"","meta":{"_acf_changed":false,"inline_featured_image":false,"footnotes":""},"class_list":["post-1441","page","type-page","status-publish","hentry"],"acf":[],"yoast_head":"<!-- This site is optimized with the Yoast SEO plugin v22.7 - https:\/\/yoast.com\/wordpress\/plugins\/seo\/ -->\n<title>KOMPOZYCJE KWIATOWE - PT Creations<\/title>\n<meta name=\"robots\" content=\"index, follow, max-snippet:-1, max-image-preview:large, max-video-preview:-1\" \/>\n<link rel=\"canonical\" href=\"https:\/\/pt-creations.eu\/pl\/kompozycje-kwiatowe\/\" \/>\n<meta property=\"og:locale\" content=\"pl_PL\" \/>\n<meta property=\"og:type\" content=\"article\" \/>\n<meta property=\"og:title\" content=\"KOMPOZYCJE KWIATOWE - PT Creations\" \/>\n<meta property=\"og:description\" content=\"KOMPOZYCJE KWIATOWE DO SKLEPIU INTERNETOWEGO Narcissus tete a tete (6) Muscari Blue Magic (6) Cicha sympatia (6) Wielkanoc Arrangements (6) Ro\u015bliny rabatowe (6) Phalaenopsis (6) Dzie\u0144 Matki Arrangements (6) Morski &#8211; Lato (6) Sempervivum (6) Succulenten (6) Kaktus (6) Jesienne dekoracje (6) Jesienne aran\u017cacje (6) Jesie\u0144 na zewn\u0105trz (6) \u015bwi\u0105teczne dekoracje (6) Aran\u017cacje \u015bwi\u0105teczne (6) [&hellip;]\" \/>\n<meta property=\"og:url\" content=\"https:\/\/pt-creations.eu\/pl\/kompozycje-kwiatowe\/\" \/>\n<meta property=\"og:site_name\" content=\"PT Creations\" \/>\n<meta property=\"article:modified_time\" content=\"2023-05-03T06:46:49+00:00\" \/>\n<meta property=\"og:image\" content=\"https:\/\/pt-creations.eu\/wp-content\/uploads\/2021\/03\/page-banner_2.png\" \/>\n<meta name=\"twitter:card\" content=\"summary_large_image\" \/>\n<script type=\"application\/ld+json\" class=\"yoast-schema-graph\">{\"@context\":\"https:\/\/schema.org\",\"@graph\":[{\"@type\":\"WebPage\",\"@id\":\"https:\/\/pt-creations.eu\/pl\/kompozycje-kwiatowe\/\",\"url\":\"https:\/\/pt-creations.eu\/pl\/kompozycje-kwiatowe\/\",\"name\":\"KOMPOZYCJE KWIATOWE - PT Creations\",\"isPartOf\":{\"@id\":\"https:\/\/pt-creations.eu\/pl\/#website\"},\"primaryImageOfPage\":{\"@id\":\"https:\/\/pt-creations.eu\/pl\/kompozycje-kwiatowe\/#primaryimage\"},\"image\":{\"@id\":\"https:\/\/pt-creations.eu\/pl\/kompozycje-kwiatowe\/#primaryimage\"},\"thumbnailUrl\":\"https:\/\/pt-creations.eu\/wp-content\/uploads\/2021\/03\/page-banner_2.png\",\"datePublished\":\"2021-07-26T11:52:34+00:00\",\"dateModified\":\"2023-05-03T06:46:49+00:00\",\"breadcrumb\":{\"@id\":\"https:\/\/pt-creations.eu\/pl\/kompozycje-kwiatowe\/#breadcrumb\"},\"inLanguage\":\"pl-PL\",\"potentialAction\":[{\"@type\":\"ReadAction\",\"target\":[\"https:\/\/pt-creations.eu\/pl\/kompozycje-kwiatowe\/\"]}]},{\"@type\":\"ImageObject\",\"inLanguage\":\"pl-PL\",\"@id\":\"https:\/\/pt-creations.eu\/pl\/kompozycje-kwiatowe\/#primaryimage\",\"url\":\"https:\/\/pt-creations.eu\/wp-content\/uploads\/2021\/03\/page-banner_2.png\",\"contentUrl\":\"https:\/\/pt-creations.eu\/wp-content\/uploads\/2021\/03\/page-banner_2.png\"},{\"@type\":\"BreadcrumbList\",\"@id\":\"https:\/\/pt-creations.eu\/pl\/kompozycje-kwiatowe\/#breadcrumb\",\"itemListElement\":[{\"@type\":\"ListItem\",\"position\":1,\"name\":\"Home\",\"item\":\"https:\/\/pt-creations.eu\/pl\/\"},{\"@type\":\"ListItem\",\"position\":2,\"name\":\"KOMPOZYCJE KWIATOWE\"}]},{\"@type\":\"WebSite\",\"@id\":\"https:\/\/pt-creations.eu\/pl\/#website\",\"url\":\"https:\/\/pt-creations.eu\/pl\/\",\"name\":\"PT Creations\",\"description\":\"\",\"potentialAction\":[{\"@type\":\"SearchAction\",\"target\":{\"@type\":\"EntryPoint\",\"urlTemplate\":\"https:\/\/pt-creations.eu\/pl\/?s={search_term_string}\"},\"query-input\":\"required name=search_term_string\"}],\"inLanguage\":\"pl-PL\"}]}<\/script>\n<!-- \/ Yoast SEO plugin. -->","yoast_head_json":{"title":"KOMPOZYCJE KWIATOWE - PT Creations","robots":{"index":"index","follow":"follow","max-snippet":"max-snippet:-1","max-image-preview":"max-image-preview:large","max-video-preview":"max-video-preview:-1"},"canonical":"https:\/\/pt-creations.eu\/pl\/kompozycje-kwiatowe\/","og_locale":"pl_PL","og_type":"article","og_title":"KOMPOZYCJE KWIATOWE - PT Creations","og_description":"KOMPOZYCJE KWIATOWE DO SKLEPIU INTERNETOWEGO Narcissus tete a tete (6) Muscari Blue Magic (6) Cicha sympatia (6) Wielkanoc Arrangements (6) Ro\u015bliny rabatowe (6) Phalaenopsis (6) Dzie\u0144 Matki Arrangements (6) Morski &#8211; Lato (6) Sempervivum (6) Succulenten (6) Kaktus (6) Jesienne dekoracje (6) Jesienne aran\u017cacje (6) Jesie\u0144 na zewn\u0105trz (6) \u015bwi\u0105teczne dekoracje (6) Aran\u017cacje \u015bwi\u0105teczne (6) [&hellip;]","og_url":"https:\/\/pt-creations.eu\/pl\/kompozycje-kwiatowe\/","og_site_name":"PT Creations","article_modified_time":"2023-05-03T06:46:49+00:00","og_image":[{"url":"https:\/\/pt-creations.eu\/wp-content\/uploads\/2021\/03\/page-banner_2.png"}],"twitter_card":"summary_large_image","schema":{"@context":"https:\/\/schema.org","@graph":[{"@type":"WebPage","@id":"https:\/\/pt-creations.eu\/pl\/kompozycje-kwiatowe\/","url":"https:\/\/pt-creations.eu\/pl\/kompozycje-kwiatowe\/","name":"KOMPOZYCJE KWIATOWE - PT Creations","isPartOf":{"@id":"https:\/\/pt-creations.eu\/pl\/#website"},"primaryImageOfPage":{"@id":"https:\/\/pt-creations.eu\/pl\/kompozycje-kwiatowe\/#primaryimage"},"image":{"@id":"https:\/\/pt-creations.eu\/pl\/kompozycje-kwiatowe\/#primaryimage"},"thumbnailUrl":"https:\/\/pt-creations.eu\/wp-content\/uploads\/2021\/03\/page-banner_2.png","datePublished":"2021-07-26T11:52:34+00:00","dateModified":"2023-05-03T06:46:49+00:00","breadcrumb":{"@id":"https:\/\/pt-creations.eu\/pl\/kompozycje-kwiatowe\/#breadcrumb"},"inLanguage":"pl-PL","potentialAction":[{"@type":"ReadAction","target":["https:\/\/pt-creations.eu\/pl\/kompozycje-kwiatowe\/"]}]},{"@type":"ImageObject","inLanguage":"pl-PL","@id":"https:\/\/pt-creations.eu\/pl\/kompozycje-kwiatowe\/#primaryimage","url":"https:\/\/pt-creations.eu\/wp-content\/uploads\/2021\/03\/page-banner_2.png","contentUrl":"https:\/\/pt-creations.eu\/wp-content\/uploads\/2021\/03\/page-banner_2.png"},{"@type":"BreadcrumbList","@id":"https:\/\/pt-creations.eu\/pl\/kompozycje-kwiatowe\/#breadcrumb","itemListElement":[{"@type":"ListItem","position":1,"name":"Home","item":"https:\/\/pt-creations.eu\/pl\/"},{"@type":"ListItem","position":2,"name":"KOMPOZYCJE KWIATOWE"}]},{"@type":"WebSite","@id":"https:\/\/pt-creations.eu\/pl\/#website","url":"https:\/\/pt-creations.eu\/pl\/","name":"PT Creations","description":"","potentialAction":[{"@type":"SearchAction","target":{"@type":"EntryPoint","urlTemplate":"https:\/\/pt-creations.eu\/pl\/?s={search_term_string}"},"query-input":"required name=search_term_string"}],"inLanguage":"pl-PL"}]}},"_links":{"self":[{"href":"https:\/\/pt-creations.eu\/pl\/wp-json\/wp\/v2\/pages\/1441","targetHints":{"allow":["GET"]}}],"collection":[{"href":"https:\/\/pt-creations.eu\/pl\/wp-json\/wp\/v2\/pages"}],"about":[{"href":"https:\/\/pt-creations.eu\/pl\/wp-json\/wp\/v2\/types\/page"}],"author":[{"embeddable":true,"href":"https:\/\/pt-creations.eu\/pl\/wp-json\/wp\/v2\/users\/5"}],"replies":[{"embeddable":true,"href":"https:\/\/pt-creations.eu\/pl\/wp-json\/wp\/v2\/comments?post=1441"}],"version-history":[{"count":1,"href":"https:\/\/pt-creations.eu\/pl\/wp-json\/wp\/v2\/pages\/1441\/revisions"}],"predecessor-version":[{"id":2896,"href":"https:\/\/pt-creations.eu\/pl\/wp-json\/wp\/v2\/pages\/1441\/revisions\/2896"}],"wp:attachment":[{"href":"https:\/\/pt-creations.eu\/pl\/wp-json\/wp\/v2\/media?parent=1441"}],"curies":[{"name":"wp","href":"https:\/\/api.w.org\/{rel}","templated":true}]}}