{"id":1448,"date":"2021-07-27T17:29:54","date_gmt":"2021-07-27T15:29:54","guid":{"rendered":"https:\/\/pt-creations.eu\/o-nas\/"},"modified":"2022-11-09T15:28:42","modified_gmt":"2022-11-09T14:28:42","slug":"o-nas","status":"publish","type":"page","link":"https:\/\/pt-creations.eu\/pl\/o-nas\/","title":{"rendered":"O NAS"},"content":{"rendered":"\n\n    <img decoding=\"async\" src=\"https:\/\/pt-creations.eu\/wp-content\/uploads\/2021\/07\/Living.jpg\"\/>\n\t\t<h1>O NAS<\/h1>\n\t<p>PT-Creations to nowoczesna firma, kt\u00f3ra tworzy zaskakuj\u0105ce kolekcje, pe\u0142ne innowacyjnych i wsp\u00f3\u0142czesnych pomys\u0142\u00f3w. U nas wszystko \u0142\u0105czy si\u0119 pod jednym dachem. Dzi\u0119ki w\u0142asnemu importowi z r\u00f3\u017cnych kraj\u00f3w, zawsze jeste\u015bmy w stanie po\u0142\u0105czy\u0107 najnowsze trendy w ceramice, koszach i szkle. Dzi\u0119ki szerokiej gamie produkt\u00f3w, PT-Creations jest dostawc\u0105 dla r\u00f3\u017cnych kana\u0142\u00f3w sprzeda\u017cy, takich jak centra ogrodnicze, kwiaciarnie, eksporterzy, detali\u015bci, hurtownicy i dystrybutorzy.<\/p>\n<p>&nbsp;<\/p>\n<h2><strong>Powstanie<\/strong><\/h2>\n<p>&nbsp;<\/p>\n<p>W 1991 r. Peter Timmermans, wraz z synem Markiem, za\u0142o\u017cy\u0142 w Werkendam Handelskwekerij Peter Timmermans. Peter Timmermans mia\u0142 ju\u017c wtedy 22-letnie do\u015bwiadczenie w handlu ro\u015blinami i w uprawie drzew iglastych.<\/p>\n<p>Peter, Mark i kuzyn Nico rozpocz\u0119li prac\u0119 jako dystrybutorzy i co tydzie\u0144 obje\u017cd\u017cali zak\u0142ady z ro\u015blinami. Ro\u015bliny domowe i ogrodowe by\u0142y sprzedawane bezpo\u015brednio z ci\u0119\u017car\u00f3wki. W 1996 r. firma przenios\u0142a si\u0119 do Veen, aby m\u00f3c si\u0119 dalej rozwija\u0107. Szybko okaza\u0142o si\u0119, \u017ce by\u0142 to dobry wyb\u00f3r i firma systematycznie si\u0119 powi\u0119ksza\u0142a.<\/p>\n<p>&nbsp;<\/p>\n<p>3 lata p\u00f3\u017aniej przyszed\u0142 czas na kolejny krok. W 1999 r. wybudowano now\u0105 hal\u0119 i szklarni\u0119 w Wijk en Aalburg. Dzi\u0119ki temu wszystko by\u0142o skupione w jednym miejscu, a praca mog\u0142a by\u0107 wykonywana efektywnie.<\/p>\n<p>&nbsp;<\/p>\n<h2><strong>Kompozycje ro\u015blin ozdobnych<\/strong><\/h2>\n<p>&nbsp;<\/p>\n<p>W 2004 r. wzros\u0142o zapotrzebowanie na\u00a0<strong><u>kompozycje kwiatowe<\/u><\/strong>. Stanowi\u0142o to pow\u00f3d, dla kt\u00f3rego Mark postawi\u0142 swoje pierwsze kroki na tym polu. Nast\u0105pi\u0142 gor\u0105czkowy okres. W ci\u0105gu dnia Mark przemierza\u0142 swoj\u0105 tras\u0119 odwiedzaj\u0105c klient\u00f3w, a w godzinach nadliczbowych tworzy\u0142 kompozycje ro\u015blin ozdobnych w donicach. Szybko doprowadzi\u0142o to do zatrudnienia pracownik\u00f3w, aby sprosta\u0107 zapotrzebowaniu klient\u00f3w. Potem nast\u0105pi\u0142y lata szybkiego rozwoju.<\/p>\n<p>&nbsp;<\/p>\n<p>W 2014 r. zosta\u0142a przeprowadzona gruntowna rozbudowa i powsta\u0142a nasza obecna siedziba. W celu usprawnienia procesu produkcyjnego powsta\u0142y powierzchnie produkcyjne i dodatkowe pomieszczenia magazynowe. Po utworzeniu PT-Warehousing, PT-Nurseries i PT-Living jeste\u015bmy przygotowani na przysz\u0142o\u015b\u0107 i mo\u017cemy optymalnie s\u0142u\u017cy\u0107 naszym klientom.<\/p>\n\t<h2><strong>Salon wystawowy<\/strong><\/h2>\n<p><strong>\u00a0<\/strong><\/p>\n<p>W naszej siedzibie w Wijk en Aalburg znajduje si\u0119 r\u00f3wnie\u017c salon wystawowy. W salonie znajduj\u0105 si\u0119 przyk\u0142ady naszych kompozycji.\u00a0<strong><u>Tutaj<\/u><\/strong>\u00a0mo\u017cna um\u00f3wi\u0107 si\u0119 na spotkanie.<\/p>\n<p>&nbsp;<\/p>\n<h2><strong>Cash &amp; Carry Veen<\/strong><\/h2>\n<p>&nbsp;<\/p>\n<p>Mo\u017cliwe jest r\u00f3wnie\u017c skorzystanie z us\u0142ugi Cash &amp; Carry. PT Creations posiada hal\u0119 na aukcji kwiat\u00f3w w Veen. Opr\u00f3cz zam\u00f3wie\u0144 cyfrowych i telefonicznych mo\u017cna tu r\u00f3wnie\u017c bezpo\u015brednio z\u0142o\u017cy\u0107 i odebra\u0107 zam\u00f3wienie. PT-Veen znajduje si\u0119 przy Verre Weide 1 w Veen.<\/p>\n<p>&nbsp;<\/p>\n<h2><strong>Transport<\/strong><\/h2>\n<p><strong>\u00a0<\/strong><\/p>\n<p>Do przewozu naszych produkt\u00f3w dysponujemy w\u0142asnymi, nowoczesnymi samochodami ci\u0119\u017carowymi. Samochody te, podobnie jak polityka w ramach naszej firmy, s\u0105 tak czyste jak to mo\u017cliwe i w mo\u017cliwie najmniejszym stopniu szkodliwe dla \u015brodowiska. Codziennie dostarczamy towar do naszych klient\u00f3w i na aukcje oraz odbieramy \u015bwie\u017ce produkty od producent\u00f3w, z kt\u00f3rymi wsp\u00f3\u0142pracujemy. Nasze towary przychodz\u0105ce (import materia\u0142\u00f3w dekoracyjnych) s\u0105 po przybyciu do portu w Rotterdamie prze\u0142adowywane na ma\u0142e statki i transportowane do terminalu w Gorinchem. Stamt\u0105d transportujemy kontenery w\u0142asnymi samochodami do magazynu w Veen.<\/p>\n\n","protected":false},"excerpt":{"rendered":"<p>O NAS PT-Creations to nowoczesna firma, kt\u00f3ra tworzy zaskakuj\u0105ce kolekcje, pe\u0142ne innowacyjnych i wsp\u00f3\u0142czesnych pomys\u0142\u00f3w. U nas wszystko \u0142\u0105czy si\u0119 pod jednym dachem. Dzi\u0119ki w\u0142asnemu importowi z r\u00f3\u017cnych kraj\u00f3w, zawsze jeste\u015bmy w stanie po\u0142\u0105czy\u0107 najnowsze trendy w ceramice, koszach i szkle. Dzi\u0119ki szerokiej gamie produkt\u00f3w, PT-Creations jest dostawc\u0105 dla r\u00f3\u017cnych kana\u0142\u00f3w sprzeda\u017cy, takich jak centra [&hellip;]<\/p>\n","protected":false},"author":5,"featured_media":0,"parent":0,"menu_order":0,"comment_status":"closed","ping_status":"closed","template":"","meta":{"_acf_changed":false,"inline_featured_image":false,"footnotes":""},"class_list":["post-1448","page","type-page","status-publish","hentry"],"acf":[],"yoast_head":"<!-- This site is optimized with the Yoast SEO plugin v22.7 - https:\/\/yoast.com\/wordpress\/plugins\/seo\/ -->\n<title>O NAS - PT Creations<\/title>\n<meta name=\"robots\" content=\"index, follow, max-snippet:-1, max-image-preview:large, max-video-preview:-1\" \/>\n<link rel=\"canonical\" href=\"https:\/\/pt-creations.eu\/pl\/o-nas\/\" \/>\n<meta property=\"og:locale\" content=\"pl_PL\" \/>\n<meta property=\"og:type\" content=\"article\" \/>\n<meta property=\"og:title\" content=\"O NAS - PT Creations\" \/>\n<meta property=\"og:description\" content=\"O NAS PT-Creations to nowoczesna firma, kt\u00f3ra tworzy zaskakuj\u0105ce kolekcje, pe\u0142ne innowacyjnych i wsp\u00f3\u0142czesnych pomys\u0142\u00f3w. U nas wszystko \u0142\u0105czy si\u0119 pod jednym dachem. Dzi\u0119ki w\u0142asnemu importowi z r\u00f3\u017cnych kraj\u00f3w, zawsze jeste\u015bmy w stanie po\u0142\u0105czy\u0107 najnowsze trendy w ceramice, koszach i szkle. Dzi\u0119ki szerokiej gamie produkt\u00f3w, PT-Creations jest dostawc\u0105 dla r\u00f3\u017cnych kana\u0142\u00f3w sprzeda\u017cy, takich jak centra [&hellip;]\" \/>\n<meta property=\"og:url\" content=\"https:\/\/pt-creations.eu\/pl\/o-nas\/\" \/>\n<meta property=\"og:site_name\" content=\"PT Creations\" \/>\n<meta property=\"article:modified_time\" content=\"2022-11-09T14:28:42+00:00\" \/>\n<meta property=\"og:image\" content=\"https:\/\/pt-creations.eu\/wp-content\/uploads\/2021\/07\/Living.jpg\" \/>\n<meta name=\"twitter:card\" content=\"summary_large_image\" \/>\n<meta name=\"twitter:label1\" content=\"Szacowany czas czytania\" \/>\n\t<meta name=\"twitter:data1\" content=\"3 minuty\" \/>\n<script type=\"application\/ld+json\" class=\"yoast-schema-graph\">{\"@context\":\"https:\/\/schema.org\",\"@graph\":[{\"@type\":\"WebPage\",\"@id\":\"https:\/\/pt-creations.eu\/pl\/o-nas\/\",\"url\":\"https:\/\/pt-creations.eu\/pl\/o-nas\/\",\"name\":\"O NAS - PT Creations\",\"isPartOf\":{\"@id\":\"https:\/\/pt-creations.eu\/pl\/#website\"},\"primaryImageOfPage\":{\"@id\":\"https:\/\/pt-creations.eu\/pl\/o-nas\/#primaryimage\"},\"image\":{\"@id\":\"https:\/\/pt-creations.eu\/pl\/o-nas\/#primaryimage\"},\"thumbnailUrl\":\"https:\/\/pt-creations.eu\/wp-content\/uploads\/2021\/07\/Living.jpg\",\"datePublished\":\"2021-07-27T15:29:54+00:00\",\"dateModified\":\"2022-11-09T14:28:42+00:00\",\"breadcrumb\":{\"@id\":\"https:\/\/pt-creations.eu\/pl\/o-nas\/#breadcrumb\"},\"inLanguage\":\"pl-PL\",\"potentialAction\":[{\"@type\":\"ReadAction\",\"target\":[\"https:\/\/pt-creations.eu\/pl\/o-nas\/\"]}]},{\"@type\":\"ImageObject\",\"inLanguage\":\"pl-PL\",\"@id\":\"https:\/\/pt-creations.eu\/pl\/o-nas\/#primaryimage\",\"url\":\"https:\/\/pt-creations.eu\/wp-content\/uploads\/2021\/07\/Living.jpg\",\"contentUrl\":\"https:\/\/pt-creations.eu\/wp-content\/uploads\/2021\/07\/Living.jpg\"},{\"@type\":\"BreadcrumbList\",\"@id\":\"https:\/\/pt-creations.eu\/pl\/o-nas\/#breadcrumb\",\"itemListElement\":[{\"@type\":\"ListItem\",\"position\":1,\"name\":\"Home\",\"item\":\"https:\/\/pt-creations.eu\/pl\/\"},{\"@type\":\"ListItem\",\"position\":2,\"name\":\"O NAS\"}]},{\"@type\":\"WebSite\",\"@id\":\"https:\/\/pt-creations.eu\/pl\/#website\",\"url\":\"https:\/\/pt-creations.eu\/pl\/\",\"name\":\"PT Creations\",\"description\":\"\",\"potentialAction\":[{\"@type\":\"SearchAction\",\"target\":{\"@type\":\"EntryPoint\",\"urlTemplate\":\"https:\/\/pt-creations.eu\/pl\/?s={search_term_string}\"},\"query-input\":\"required name=search_term_string\"}],\"inLanguage\":\"pl-PL\"}]}<\/script>\n<!-- \/ Yoast SEO plugin. -->","yoast_head_json":{"title":"O NAS - PT Creations","robots":{"index":"index","follow":"follow","max-snippet":"max-snippet:-1","max-image-preview":"max-image-preview:large","max-video-preview":"max-video-preview:-1"},"canonical":"https:\/\/pt-creations.eu\/pl\/o-nas\/","og_locale":"pl_PL","og_type":"article","og_title":"O NAS - PT Creations","og_description":"O NAS PT-Creations to nowoczesna firma, kt\u00f3ra tworzy zaskakuj\u0105ce kolekcje, pe\u0142ne innowacyjnych i wsp\u00f3\u0142czesnych pomys\u0142\u00f3w. U nas wszystko \u0142\u0105czy si\u0119 pod jednym dachem. Dzi\u0119ki w\u0142asnemu importowi z r\u00f3\u017cnych kraj\u00f3w, zawsze jeste\u015bmy w stanie po\u0142\u0105czy\u0107 najnowsze trendy w ceramice, koszach i szkle. Dzi\u0119ki szerokiej gamie produkt\u00f3w, PT-Creations jest dostawc\u0105 dla r\u00f3\u017cnych kana\u0142\u00f3w sprzeda\u017cy, takich jak centra [&hellip;]","og_url":"https:\/\/pt-creations.eu\/pl\/o-nas\/","og_site_name":"PT Creations","article_modified_time":"2022-11-09T14:28:42+00:00","og_image":[{"url":"https:\/\/pt-creations.eu\/wp-content\/uploads\/2021\/07\/Living.jpg"}],"twitter_card":"summary_large_image","twitter_misc":{"Szacowany czas czytania":"3 minuty"},"schema":{"@context":"https:\/\/schema.org","@graph":[{"@type":"WebPage","@id":"https:\/\/pt-creations.eu\/pl\/o-nas\/","url":"https:\/\/pt-creations.eu\/pl\/o-nas\/","name":"O NAS - PT Creations","isPartOf":{"@id":"https:\/\/pt-creations.eu\/pl\/#website"},"primaryImageOfPage":{"@id":"https:\/\/pt-creations.eu\/pl\/o-nas\/#primaryimage"},"image":{"@id":"https:\/\/pt-creations.eu\/pl\/o-nas\/#primaryimage"},"thumbnailUrl":"https:\/\/pt-creations.eu\/wp-content\/uploads\/2021\/07\/Living.jpg","datePublished":"2021-07-27T15:29:54+00:00","dateModified":"2022-11-09T14:28:42+00:00","breadcrumb":{"@id":"https:\/\/pt-creations.eu\/pl\/o-nas\/#breadcrumb"},"inLanguage":"pl-PL","potentialAction":[{"@type":"ReadAction","target":["https:\/\/pt-creations.eu\/pl\/o-nas\/"]}]},{"@type":"ImageObject","inLanguage":"pl-PL","@id":"https:\/\/pt-creations.eu\/pl\/o-nas\/#primaryimage","url":"https:\/\/pt-creations.eu\/wp-content\/uploads\/2021\/07\/Living.jpg","contentUrl":"https:\/\/pt-creations.eu\/wp-content\/uploads\/2021\/07\/Living.jpg"},{"@type":"BreadcrumbList","@id":"https:\/\/pt-creations.eu\/pl\/o-nas\/#breadcrumb","itemListElement":[{"@type":"ListItem","position":1,"name":"Home","item":"https:\/\/pt-creations.eu\/pl\/"},{"@type":"ListItem","position":2,"name":"O NAS"}]},{"@type":"WebSite","@id":"https:\/\/pt-creations.eu\/pl\/#website","url":"https:\/\/pt-creations.eu\/pl\/","name":"PT Creations","description":"","potentialAction":[{"@type":"SearchAction","target":{"@type":"EntryPoint","urlTemplate":"https:\/\/pt-creations.eu\/pl\/?s={search_term_string}"},"query-input":"required name=search_term_string"}],"inLanguage":"pl-PL"}]}},"_links":{"self":[{"href":"https:\/\/pt-creations.eu\/pl\/wp-json\/wp\/v2\/pages\/1448","targetHints":{"allow":["GET"]}}],"collection":[{"href":"https:\/\/pt-creations.eu\/pl\/wp-json\/wp\/v2\/pages"}],"about":[{"href":"https:\/\/pt-creations.eu\/pl\/wp-json\/wp\/v2\/types\/page"}],"author":[{"embeddable":true,"href":"https:\/\/pt-creations.eu\/pl\/wp-json\/wp\/v2\/users\/5"}],"replies":[{"embeddable":true,"href":"https:\/\/pt-creations.eu\/pl\/wp-json\/wp\/v2\/comments?post=1448"}],"version-history":[{"count":2,"href":"https:\/\/pt-creations.eu\/pl\/wp-json\/wp\/v2\/pages\/1448\/revisions"}],"predecessor-version":[{"id":3064,"href":"https:\/\/pt-creations.eu\/pl\/wp-json\/wp\/v2\/pages\/1448\/revisions\/3064"}],"wp:attachment":[{"href":"https:\/\/pt-creations.eu\/pl\/wp-json\/wp\/v2\/media?parent=1448"}],"curies":[{"name":"wp","href":"https:\/\/api.w.org\/{rel}","templated":true}]}}