{"id":1452,"date":"2021-08-16T13:11:16","date_gmt":"2021-08-16T11:11:16","guid":{"rendered":"https:\/\/pt-creations.eu\/pt-warehousing\/"},"modified":"2021-08-18T16:29:36","modified_gmt":"2021-08-18T14:29:36","slug":"pt-warehousing","status":"publish","type":"page","link":"https:\/\/pt-creations.eu\/pl\/uslugi\/pt-warehousing\/","title":{"rendered":"PT-Warehousing"},"content":{"rendered":"\n\n    <img decoding=\"async\" src=\"https:\/\/pt-creations.eu\/wp-content\/uploads\/2021\/07\/warehousing-pt-hoofd-foto.jpg\"\/>\n\t\t<h1>PT-Warehousing<\/h1>\n\t\t\t\t\t<a href=\"\/pl\/uslugi\/\" target=\"_self\" rel=\"noopener\">\n\t\t\t\t\t\t\t\t\t<img decoding=\"async\" src=\"\/wp-content\/themes\/bb-blank-child\/img\/arrow-left.svg\"\/>\n\t\t\t\tPOWR\u00d3T DO PODGL\u0104DU\n\t\t\t\t\t\t\t<\/a>\n\t\t<h2>MAGAZYN<\/h2>\n\t\t<h2><strong><br \/>Podwojenie powierzchni magazynowych<br \/><\/strong><\/h2><p>Magazyn o powierzchni 4000 m\u00b2 z najnowocze\u015bniejszym systemem sk\u0142adowania z rega\u0142ami przesuwnymi sta\u0142 si\u0119 rzeczywisto\u015bci\u0105. W ramach zabudowy oszcz\u0119dzaj\u0105cej miejsce system ten prawie podwoi\u0142 pojemno\u015b\u0107 magazynow\u0105 i zapewni\u0142 ponad 7 000 miejsc paletowych.<h2><strong><br \/>Druga faza budowy<br \/><\/strong><\/h2>Poniewa\u017c wzrost nie ustawa\u0142, szybko sta\u0142o si\u0119 jasne, \u017ce musimy zacz\u0105\u0107 my\u015ble\u0107 o kolejnej fazie budowy. W 2019 r. rozpocz\u0105\u0142 si\u0119 drugi etap budowy. Przestrze\u0144 ta ma powierzchni\u0119 ponad 5 000 m\u00b2. Dzi\u0119ki temu zyskali\u015bmy dodatkowe 7 000 miejsc paletowych. Dodatkowa przestrze\u0144 da\u0142a nam r\u00f3wnie\u017c mo\u017cliwo\u015b\u0107 produkowania du\u017cych promocji w tych lokalizacjach, dzi\u0119ki czemu nie musieli\u015bmy wykorzystywa\u0107 mocy produkcyjnych naszych przestrzeni produkcyjnych w Wijk en Aalburg.<\/p>\n\t\t\t\t\t<a href=\"https:\/\/pt-creations.eu\/contact\/\" target=\"_self\" rel=\"noopener\">\n\t\t\t\tWY\u015aLIJ WIADOMO\u015a\u0106\t\t\t<\/a>\n\t<img decoding=\"async\" src=\"https:\/\/pt-creations.eu\/wp-content\/uploads\/2021\/07\/warehousing-1.jpg\"\/>\n\t\t<h2>MAGAZYNOWANIE DLA STRON TRZECICH<\/h2>\n\t\tPoprzez stworzenie dodatkowej przestrzeni, jeste\u015bmy teraz w stanie pomaga\u0107 r\u00f3wnie\u017c innym firmom w przechowywaniu ich towar\u00f3w. To sk\u0142oni\u0142o nas do podj\u0119cia decyzji o utworzeniu PT-Warehousing jako us\u0142ugodawcy w naszym regionie. Dzi\u0119ki sze\u015bciu dokom za\u0142adunkowym i roz\u0142adunkowym, mo\u017cliwa jest obs\u0142uga wszystkich przychodz\u0105cych i wychodz\u0105cych towar\u00f3w.\n<strong>\nPoszukujesz miejsca do przechowywania towar\u00f3w?\u00a0<\/strong>Skontaktuj si\u0119 z\u00a0<u>Marco Vosem,<\/u>\u00a0nasz\u0105 osob\u0105 kontaktow\u0105 w\u00a0PT-Warehousing.<strong>\n<\/strong>\n\t\t\t\t\t<a href=\"https:\/\/pt-creations.eu\/contact\/\" target=\"_self\" rel=\"noopener\">\n\t\t\t\tWY\u015aLIJ WIADOMO\u015a\u0106\t\t\t<\/a>\n\t<img decoding=\"async\" src=\"https:\/\/pt-creations.eu\/wp-content\/uploads\/2021\/07\/warehousing-2.jpg\"\/>\n\n","protected":false},"excerpt":{"rendered":"<p>PT-Warehousing POWR\u00d3T DO PODGL\u0104DU MAGAZYN Podwojenie powierzchni magazynowych Magazyn o powierzchni 4000 m\u00b2 z najnowocze\u015bniejszym systemem sk\u0142adowania z rega\u0142ami przesuwnymi sta\u0142 si\u0119 rzeczywisto\u015bci\u0105. W ramach zabudowy oszcz\u0119dzaj\u0105cej miejsce system ten prawie podwoi\u0142 pojemno\u015b\u0107 magazynow\u0105 i zapewni\u0142 ponad 7 000 miejsc paletowych. Druga faza budowy Poniewa\u017c wzrost nie ustawa\u0142, szybko sta\u0142o si\u0119 jasne, \u017ce musimy zacz\u0105\u0107 [&hellip;]<\/p>\n","protected":false},"author":5,"featured_media":0,"parent":1724,"menu_order":0,"comment_status":"closed","ping_status":"closed","template":"","meta":{"_acf_changed":false,"inline_featured_image":false,"footnotes":""},"class_list":["post-1452","page","type-page","status-publish","hentry"],"acf":[],"yoast_head":"<!-- This site is optimized with the Yoast SEO plugin v22.7 - https:\/\/yoast.com\/wordpress\/plugins\/seo\/ -->\n<title>PT-Warehousing - PT Creations<\/title>\n<meta name=\"robots\" content=\"index, follow, max-snippet:-1, max-image-preview:large, max-video-preview:-1\" \/>\n<link rel=\"canonical\" href=\"https:\/\/pt-creations.eu\/pl\/uslugi\/pt-warehousing\/\" \/>\n<meta property=\"og:locale\" content=\"pl_PL\" \/>\n<meta property=\"og:type\" content=\"article\" \/>\n<meta property=\"og:title\" content=\"PT-Warehousing - PT Creations\" \/>\n<meta property=\"og:description\" content=\"PT-Warehousing POWR\u00d3T DO PODGL\u0104DU MAGAZYN Podwojenie powierzchni magazynowych Magazyn o powierzchni 4000 m\u00b2 z najnowocze\u015bniejszym systemem sk\u0142adowania z rega\u0142ami przesuwnymi sta\u0142 si\u0119 rzeczywisto\u015bci\u0105. W ramach zabudowy oszcz\u0119dzaj\u0105cej miejsce system ten prawie podwoi\u0142 pojemno\u015b\u0107 magazynow\u0105 i zapewni\u0142 ponad 7 000 miejsc paletowych. Druga faza budowy Poniewa\u017c wzrost nie ustawa\u0142, szybko sta\u0142o si\u0119 jasne, \u017ce musimy zacz\u0105\u0107 [&hellip;]\" \/>\n<meta property=\"og:url\" content=\"https:\/\/pt-creations.eu\/pl\/uslugi\/pt-warehousing\/\" \/>\n<meta property=\"og:site_name\" content=\"PT Creations\" \/>\n<meta property=\"article:modified_time\" content=\"2021-08-18T14:29:36+00:00\" \/>\n<meta property=\"og:image\" content=\"https:\/\/pt-creations.eu\/wp-content\/uploads\/2021\/07\/warehousing-pt-hoofd-foto.jpg\" \/>\n<meta name=\"twitter:card\" content=\"summary_large_image\" \/>\n<meta name=\"twitter:label1\" content=\"Szacowany czas czytania\" \/>\n\t<meta name=\"twitter:data1\" content=\"1 minuta\" \/>\n<script type=\"application\/ld+json\" class=\"yoast-schema-graph\">{\"@context\":\"https:\/\/schema.org\",\"@graph\":[{\"@type\":\"WebPage\",\"@id\":\"https:\/\/pt-creations.eu\/pl\/uslugi\/pt-warehousing\/\",\"url\":\"https:\/\/pt-creations.eu\/pl\/uslugi\/pt-warehousing\/\",\"name\":\"PT-Warehousing - PT Creations\",\"isPartOf\":{\"@id\":\"https:\/\/pt-creations.eu\/pl\/#website\"},\"primaryImageOfPage\":{\"@id\":\"https:\/\/pt-creations.eu\/pl\/uslugi\/pt-warehousing\/#primaryimage\"},\"image\":{\"@id\":\"https:\/\/pt-creations.eu\/pl\/uslugi\/pt-warehousing\/#primaryimage\"},\"thumbnailUrl\":\"https:\/\/pt-creations.eu\/wp-content\/uploads\/2021\/07\/warehousing-pt-hoofd-foto.jpg\",\"datePublished\":\"2021-08-16T11:11:16+00:00\",\"dateModified\":\"2021-08-18T14:29:36+00:00\",\"breadcrumb\":{\"@id\":\"https:\/\/pt-creations.eu\/pl\/uslugi\/pt-warehousing\/#breadcrumb\"},\"inLanguage\":\"pl-PL\",\"potentialAction\":[{\"@type\":\"ReadAction\",\"target\":[\"https:\/\/pt-creations.eu\/pl\/uslugi\/pt-warehousing\/\"]}]},{\"@type\":\"ImageObject\",\"inLanguage\":\"pl-PL\",\"@id\":\"https:\/\/pt-creations.eu\/pl\/uslugi\/pt-warehousing\/#primaryimage\",\"url\":\"https:\/\/pt-creations.eu\/wp-content\/uploads\/2021\/07\/warehousing-pt-hoofd-foto.jpg\",\"contentUrl\":\"https:\/\/pt-creations.eu\/wp-content\/uploads\/2021\/07\/warehousing-pt-hoofd-foto.jpg\"},{\"@type\":\"BreadcrumbList\",\"@id\":\"https:\/\/pt-creations.eu\/pl\/uslugi\/pt-warehousing\/#breadcrumb\",\"itemListElement\":[{\"@type\":\"ListItem\",\"position\":1,\"name\":\"Home\",\"item\":\"https:\/\/pt-creations.eu\/pl\/\"},{\"@type\":\"ListItem\",\"position\":2,\"name\":\"US\u0141UGI\",\"item\":\"https:\/\/pt-creations.eu\/pl\/uslugi\/\"},{\"@type\":\"ListItem\",\"position\":3,\"name\":\"PT-Warehousing\"}]},{\"@type\":\"WebSite\",\"@id\":\"https:\/\/pt-creations.eu\/pl\/#website\",\"url\":\"https:\/\/pt-creations.eu\/pl\/\",\"name\":\"PT Creations\",\"description\":\"\",\"potentialAction\":[{\"@type\":\"SearchAction\",\"target\":{\"@type\":\"EntryPoint\",\"urlTemplate\":\"https:\/\/pt-creations.eu\/pl\/?s={search_term_string}\"},\"query-input\":\"required name=search_term_string\"}],\"inLanguage\":\"pl-PL\"}]}<\/script>\n<!-- \/ Yoast SEO plugin. -->","yoast_head_json":{"title":"PT-Warehousing - PT Creations","robots":{"index":"index","follow":"follow","max-snippet":"max-snippet:-1","max-image-preview":"max-image-preview:large","max-video-preview":"max-video-preview:-1"},"canonical":"https:\/\/pt-creations.eu\/pl\/uslugi\/pt-warehousing\/","og_locale":"pl_PL","og_type":"article","og_title":"PT-Warehousing - PT Creations","og_description":"PT-Warehousing POWR\u00d3T DO PODGL\u0104DU MAGAZYN Podwojenie powierzchni magazynowych Magazyn o powierzchni 4000 m\u00b2 z najnowocze\u015bniejszym systemem sk\u0142adowania z rega\u0142ami przesuwnymi sta\u0142 si\u0119 rzeczywisto\u015bci\u0105. W ramach zabudowy oszcz\u0119dzaj\u0105cej miejsce system ten prawie podwoi\u0142 pojemno\u015b\u0107 magazynow\u0105 i zapewni\u0142 ponad 7 000 miejsc paletowych. Druga faza budowy Poniewa\u017c wzrost nie ustawa\u0142, szybko sta\u0142o si\u0119 jasne, \u017ce musimy zacz\u0105\u0107 [&hellip;]","og_url":"https:\/\/pt-creations.eu\/pl\/uslugi\/pt-warehousing\/","og_site_name":"PT Creations","article_modified_time":"2021-08-18T14:29:36+00:00","og_image":[{"url":"https:\/\/pt-creations.eu\/wp-content\/uploads\/2021\/07\/warehousing-pt-hoofd-foto.jpg"}],"twitter_card":"summary_large_image","twitter_misc":{"Szacowany czas czytania":"1 minuta"},"schema":{"@context":"https:\/\/schema.org","@graph":[{"@type":"WebPage","@id":"https:\/\/pt-creations.eu\/pl\/uslugi\/pt-warehousing\/","url":"https:\/\/pt-creations.eu\/pl\/uslugi\/pt-warehousing\/","name":"PT-Warehousing - PT Creations","isPartOf":{"@id":"https:\/\/pt-creations.eu\/pl\/#website"},"primaryImageOfPage":{"@id":"https:\/\/pt-creations.eu\/pl\/uslugi\/pt-warehousing\/#primaryimage"},"image":{"@id":"https:\/\/pt-creations.eu\/pl\/uslugi\/pt-warehousing\/#primaryimage"},"thumbnailUrl":"https:\/\/pt-creations.eu\/wp-content\/uploads\/2021\/07\/warehousing-pt-hoofd-foto.jpg","datePublished":"2021-08-16T11:11:16+00:00","dateModified":"2021-08-18T14:29:36+00:00","breadcrumb":{"@id":"https:\/\/pt-creations.eu\/pl\/uslugi\/pt-warehousing\/#breadcrumb"},"inLanguage":"pl-PL","potentialAction":[{"@type":"ReadAction","target":["https:\/\/pt-creations.eu\/pl\/uslugi\/pt-warehousing\/"]}]},{"@type":"ImageObject","inLanguage":"pl-PL","@id":"https:\/\/pt-creations.eu\/pl\/uslugi\/pt-warehousing\/#primaryimage","url":"https:\/\/pt-creations.eu\/wp-content\/uploads\/2021\/07\/warehousing-pt-hoofd-foto.jpg","contentUrl":"https:\/\/pt-creations.eu\/wp-content\/uploads\/2021\/07\/warehousing-pt-hoofd-foto.jpg"},{"@type":"BreadcrumbList","@id":"https:\/\/pt-creations.eu\/pl\/uslugi\/pt-warehousing\/#breadcrumb","itemListElement":[{"@type":"ListItem","position":1,"name":"Home","item":"https:\/\/pt-creations.eu\/pl\/"},{"@type":"ListItem","position":2,"name":"US\u0141UGI","item":"https:\/\/pt-creations.eu\/pl\/uslugi\/"},{"@type":"ListItem","position":3,"name":"PT-Warehousing"}]},{"@type":"WebSite","@id":"https:\/\/pt-creations.eu\/pl\/#website","url":"https:\/\/pt-creations.eu\/pl\/","name":"PT Creations","description":"","potentialAction":[{"@type":"SearchAction","target":{"@type":"EntryPoint","urlTemplate":"https:\/\/pt-creations.eu\/pl\/?s={search_term_string}"},"query-input":"required name=search_term_string"}],"inLanguage":"pl-PL"}]}},"_links":{"self":[{"href":"https:\/\/pt-creations.eu\/pl\/wp-json\/wp\/v2\/pages\/1452","targetHints":{"allow":["GET"]}}],"collection":[{"href":"https:\/\/pt-creations.eu\/pl\/wp-json\/wp\/v2\/pages"}],"about":[{"href":"https:\/\/pt-creations.eu\/pl\/wp-json\/wp\/v2\/types\/page"}],"author":[{"embeddable":true,"href":"https:\/\/pt-creations.eu\/pl\/wp-json\/wp\/v2\/users\/5"}],"replies":[{"embeddable":true,"href":"https:\/\/pt-creations.eu\/pl\/wp-json\/wp\/v2\/comments?post=1452"}],"version-history":[{"count":3,"href":"https:\/\/pt-creations.eu\/pl\/wp-json\/wp\/v2\/pages\/1452\/revisions"}],"predecessor-version":[{"id":1907,"href":"https:\/\/pt-creations.eu\/pl\/wp-json\/wp\/v2\/pages\/1452\/revisions\/1907"}],"up":[{"embeddable":true,"href":"https:\/\/pt-creations.eu\/pl\/wp-json\/wp\/v2\/pages\/1724"}],"wp:attachment":[{"href":"https:\/\/pt-creations.eu\/pl\/wp-json\/wp\/v2\/media?parent=1452"}],"curies":[{"name":"wp","href":"https:\/\/api.w.org\/{rel}","templated":true}]}}