{"id":1700,"date":"2021-08-16T14:33:53","date_gmt":"2021-08-16T12:33:53","guid":{"rendered":"https:\/\/pt-creations.eu\/pt-nurseries\/"},"modified":"2021-09-15T13:46:11","modified_gmt":"2021-09-15T11:46:11","slug":"pt-nurseries","status":"publish","type":"page","link":"https:\/\/pt-creations.eu\/pl\/uslugi\/pt-nurseries\/","title":{"rendered":"PT-Nurseries"},"content":{"rendered":"\n\n    <img decoding=\"async\" src=\"https:\/\/pt-creations.eu\/wp-content\/uploads\/2021\/06\/nurseries1.jpg\"\/>\n\t\t<h1>PT-Nurseries<\/h1>\n\t\t\t\t\t<a href=\"\/pl\/uslugi\/\" target=\"_self\" rel=\"noopener\">\n\t\t\t\t\t\t\t\t\t<img decoding=\"async\" src=\"\/wp-content\/themes\/bb-blank-child\/img\/arrow-left.svg\"\/>\n\t\t\t\tPowr\u00f3t do PODGL\u0104DU\n\t\t\t\t\t\t\t<\/a>\n\t\t<h2>UPRAWA DRZEW<\/h2>\n\t\t<p>W 1999 r. postanowili\u015bmy za\u0142o\u017cy\u0107 w\u0142asn\u0105 upraw\u0119 drzew. W ten spos\u00f3b mo\u017cemy kontrolowa\u0107 ca\u0142y proces i zagwarantowa\u0107 wysok\u0105 jako\u015b\u0107.<h2><strong><br \/>Asortyment<br \/><\/strong><\/h2>W naszej szk\u00f3\u0142ce rozpocz\u0119li\u015bmy upraw\u0119 drzew iglastych. Zazwyczaj uprawiane s\u0105 3 nast\u0119puj\u0105ce gatunki:<ul><li>Picea glauca Conica (zwana r\u00f3wnie\u017c \u015bwierkiem bia\u0142ym)<\/li><li>Cyprisik (niebieskozielone drzewo iglaste, charakteryzuj\u0105ce si\u0119 sto\u017ckowym kszta\u0142tem)<\/li><li>Cyprysik \u017bywotnikowaty (zimozielony i mrozoodporny)<\/li><\/ul>Te 3 odmiany s\u0105 umieszczane w 3 r\u00f3\u017cnych rozmiarach doniczek (9, 13 i 15 cm), co pozwala Szk\u00f3\u0142kom PT oferowa\u0107 szerok\u0105 gam\u0119 produkt\u00f3w. Te 3 odmiany s\u0105 przede wszystkim wykorzystywane do naszych Bo\u017conarodzeniowych kompozycji. Spora cz\u0119\u015b\u0107 jest o\u015bnie\u017cana i dekorowana.<\/p>\n\t\t\t\t\t<a href=\"\/pl\/kontakt\/\" target=\"_self\" rel=\"noopener\">\n\t\t\t\tWY\u015aLIJ WIADOMO\u015a\u0106\t\t\t<\/a>\n\t<img decoding=\"async\" src=\"https:\/\/pt-creations.eu\/wp-content\/uploads\/2021\/06\/nurseries2.jpg\"\/>\n\t\t<h2>POWSTANIE PT-NURSERIES<\/h2>\n\t\t<p>W 2020 r. z PT-Creations wyodr\u0119bniono szk\u00f3\u0142k\u0119 i nadano jej now\u0105 nazw\u0119:\u00a0PT-Nurseries\u00a0B.V. Dzia\u0142anie to zapewni\u0142o naszemu pracownikowi Arthurowi Nowakowi awans na wsp\u00f3\u0142udzia\u0142owca szk\u00f3\u0142ki.<h2><strong><br \/>Dow\u00f3d na przysz\u0142o\u015b\u0107<br \/><\/strong><\/h2>Poprzez zarz\u0105dzanie wszystkimi elementami we w\u0142asnym zakresie oraz przywi\u0105zywanie uwagi do zr\u00f3wnowa\u017conego rozwoju, przygotowali\u015bmy nasz\u0105 szk\u00f3\u0142k\u0119 na przysz\u0142o\u015b\u0107.<h2><strong><br \/>Certyfikat MPS-ECAS<br \/><\/strong><\/h2>PT-Nurseries\u00a0posiada uznawany na ca\u0142ym \u015bwiecie certyfikat ekologiczny:\u00a0<a href=\"https:\/\/pt-creations.eu\/wp-content\/uploads\/2021\/09\/Certificaat.pdf\"><strong>MPS-ECAS<\/strong><\/a>.\u00a0<a href=\"https:\/\/pt-creations.eu\/wp-content\/uploads\/2021\/09\/Certificaat.pdf\"><u><strong>Tutaj<\/strong><\/u><\/a>\u00a0mo\u017cna pobra\u0107 certyfikat.<\/p>\n\t\t\t\t\t<a href=\"\/pl\/kontakt\/\" target=\"_self\" rel=\"noopener\">\n\t\t\t\tWY\u015aLIJ WIADOMO\u015a\u0106\t\t\t<\/a>\n\t<img decoding=\"async\" src=\"https:\/\/pt-creations.eu\/wp-content\/uploads\/2021\/06\/nurseries3.jpg\"\/>\n\n","protected":false},"excerpt":{"rendered":"<p>PT-Nurseries Powr\u00f3t do PODGL\u0104DU UPRAWA DRZEW W 1999 r. postanowili\u015bmy za\u0142o\u017cy\u0107 w\u0142asn\u0105 upraw\u0119 drzew. W ten spos\u00f3b mo\u017cemy kontrolowa\u0107 ca\u0142y proces i zagwarantowa\u0107 wysok\u0105 jako\u015b\u0107. Asortyment W naszej szk\u00f3\u0142ce rozpocz\u0119li\u015bmy upraw\u0119 drzew iglastych. Zazwyczaj uprawiane s\u0105 3 nast\u0119puj\u0105ce gatunki: Picea glauca Conica (zwana r\u00f3wnie\u017c \u015bwierkiem bia\u0142ym) Cyprisik (niebieskozielone drzewo iglaste, charakteryzuj\u0105ce si\u0119 sto\u017ckowym kszta\u0142tem) Cyprysik [&hellip;]<\/p>\n","protected":false},"author":5,"featured_media":0,"parent":1724,"menu_order":0,"comment_status":"closed","ping_status":"closed","template":"","meta":{"_acf_changed":false,"inline_featured_image":false,"footnotes":""},"class_list":["post-1700","page","type-page","status-publish","hentry"],"acf":[],"yoast_head":"<!-- This site is optimized with the Yoast SEO plugin v22.7 - https:\/\/yoast.com\/wordpress\/plugins\/seo\/ -->\n<title>PT-Nurseries - PT Creations<\/title>\n<meta name=\"robots\" content=\"index, follow, max-snippet:-1, max-image-preview:large, max-video-preview:-1\" \/>\n<link rel=\"canonical\" href=\"https:\/\/pt-creations.eu\/pl\/uslugi\/pt-nurseries\/\" \/>\n<meta property=\"og:locale\" content=\"pl_PL\" \/>\n<meta property=\"og:type\" content=\"article\" \/>\n<meta property=\"og:title\" content=\"PT-Nurseries - PT Creations\" \/>\n<meta property=\"og:description\" content=\"PT-Nurseries Powr\u00f3t do PODGL\u0104DU UPRAWA DRZEW W 1999 r. postanowili\u015bmy za\u0142o\u017cy\u0107 w\u0142asn\u0105 upraw\u0119 drzew. W ten spos\u00f3b mo\u017cemy kontrolowa\u0107 ca\u0142y proces i zagwarantowa\u0107 wysok\u0105 jako\u015b\u0107. Asortyment W naszej szk\u00f3\u0142ce rozpocz\u0119li\u015bmy upraw\u0119 drzew iglastych. Zazwyczaj uprawiane s\u0105 3 nast\u0119puj\u0105ce gatunki: Picea glauca Conica (zwana r\u00f3wnie\u017c \u015bwierkiem bia\u0142ym) Cyprisik (niebieskozielone drzewo iglaste, charakteryzuj\u0105ce si\u0119 sto\u017ckowym kszta\u0142tem) Cyprysik [&hellip;]\" \/>\n<meta property=\"og:url\" content=\"https:\/\/pt-creations.eu\/pl\/uslugi\/pt-nurseries\/\" \/>\n<meta property=\"og:site_name\" content=\"PT Creations\" \/>\n<meta property=\"article:modified_time\" content=\"2021-09-15T11:46:11+00:00\" \/>\n<meta property=\"og:image\" content=\"https:\/\/pt-creations.eu\/wp-content\/uploads\/2021\/06\/nurseries1.jpg\" \/>\n<meta name=\"twitter:card\" content=\"summary_large_image\" \/>\n<meta name=\"twitter:label1\" content=\"Szacowany czas czytania\" \/>\n\t<meta name=\"twitter:data1\" content=\"1 minuta\" \/>\n<script type=\"application\/ld+json\" class=\"yoast-schema-graph\">{\"@context\":\"https:\/\/schema.org\",\"@graph\":[{\"@type\":\"WebPage\",\"@id\":\"https:\/\/pt-creations.eu\/pl\/uslugi\/pt-nurseries\/\",\"url\":\"https:\/\/pt-creations.eu\/pl\/uslugi\/pt-nurseries\/\",\"name\":\"PT-Nurseries - PT Creations\",\"isPartOf\":{\"@id\":\"https:\/\/pt-creations.eu\/pl\/#website\"},\"primaryImageOfPage\":{\"@id\":\"https:\/\/pt-creations.eu\/pl\/uslugi\/pt-nurseries\/#primaryimage\"},\"image\":{\"@id\":\"https:\/\/pt-creations.eu\/pl\/uslugi\/pt-nurseries\/#primaryimage\"},\"thumbnailUrl\":\"https:\/\/pt-creations.eu\/wp-content\/uploads\/2021\/06\/nurseries1.jpg\",\"datePublished\":\"2021-08-16T12:33:53+00:00\",\"dateModified\":\"2021-09-15T11:46:11+00:00\",\"breadcrumb\":{\"@id\":\"https:\/\/pt-creations.eu\/pl\/uslugi\/pt-nurseries\/#breadcrumb\"},\"inLanguage\":\"pl-PL\",\"potentialAction\":[{\"@type\":\"ReadAction\",\"target\":[\"https:\/\/pt-creations.eu\/pl\/uslugi\/pt-nurseries\/\"]}]},{\"@type\":\"ImageObject\",\"inLanguage\":\"pl-PL\",\"@id\":\"https:\/\/pt-creations.eu\/pl\/uslugi\/pt-nurseries\/#primaryimage\",\"url\":\"https:\/\/pt-creations.eu\/wp-content\/uploads\/2021\/06\/nurseries1.jpg\",\"contentUrl\":\"https:\/\/pt-creations.eu\/wp-content\/uploads\/2021\/06\/nurseries1.jpg\"},{\"@type\":\"BreadcrumbList\",\"@id\":\"https:\/\/pt-creations.eu\/pl\/uslugi\/pt-nurseries\/#breadcrumb\",\"itemListElement\":[{\"@type\":\"ListItem\",\"position\":1,\"name\":\"Home\",\"item\":\"https:\/\/pt-creations.eu\/pl\/\"},{\"@type\":\"ListItem\",\"position\":2,\"name\":\"US\u0141UGI\",\"item\":\"https:\/\/pt-creations.eu\/pl\/uslugi\/\"},{\"@type\":\"ListItem\",\"position\":3,\"name\":\"PT-Nurseries\"}]},{\"@type\":\"WebSite\",\"@id\":\"https:\/\/pt-creations.eu\/pl\/#website\",\"url\":\"https:\/\/pt-creations.eu\/pl\/\",\"name\":\"PT Creations\",\"description\":\"\",\"potentialAction\":[{\"@type\":\"SearchAction\",\"target\":{\"@type\":\"EntryPoint\",\"urlTemplate\":\"https:\/\/pt-creations.eu\/pl\/?s={search_term_string}\"},\"query-input\":\"required name=search_term_string\"}],\"inLanguage\":\"pl-PL\"}]}<\/script>\n<!-- \/ Yoast SEO plugin. -->","yoast_head_json":{"title":"PT-Nurseries - PT Creations","robots":{"index":"index","follow":"follow","max-snippet":"max-snippet:-1","max-image-preview":"max-image-preview:large","max-video-preview":"max-video-preview:-1"},"canonical":"https:\/\/pt-creations.eu\/pl\/uslugi\/pt-nurseries\/","og_locale":"pl_PL","og_type":"article","og_title":"PT-Nurseries - PT Creations","og_description":"PT-Nurseries Powr\u00f3t do PODGL\u0104DU UPRAWA DRZEW W 1999 r. postanowili\u015bmy za\u0142o\u017cy\u0107 w\u0142asn\u0105 upraw\u0119 drzew. W ten spos\u00f3b mo\u017cemy kontrolowa\u0107 ca\u0142y proces i zagwarantowa\u0107 wysok\u0105 jako\u015b\u0107. Asortyment W naszej szk\u00f3\u0142ce rozpocz\u0119li\u015bmy upraw\u0119 drzew iglastych. Zazwyczaj uprawiane s\u0105 3 nast\u0119puj\u0105ce gatunki: Picea glauca Conica (zwana r\u00f3wnie\u017c \u015bwierkiem bia\u0142ym) Cyprisik (niebieskozielone drzewo iglaste, charakteryzuj\u0105ce si\u0119 sto\u017ckowym kszta\u0142tem) Cyprysik [&hellip;]","og_url":"https:\/\/pt-creations.eu\/pl\/uslugi\/pt-nurseries\/","og_site_name":"PT Creations","article_modified_time":"2021-09-15T11:46:11+00:00","og_image":[{"url":"https:\/\/pt-creations.eu\/wp-content\/uploads\/2021\/06\/nurseries1.jpg"}],"twitter_card":"summary_large_image","twitter_misc":{"Szacowany czas czytania":"1 minuta"},"schema":{"@context":"https:\/\/schema.org","@graph":[{"@type":"WebPage","@id":"https:\/\/pt-creations.eu\/pl\/uslugi\/pt-nurseries\/","url":"https:\/\/pt-creations.eu\/pl\/uslugi\/pt-nurseries\/","name":"PT-Nurseries - PT Creations","isPartOf":{"@id":"https:\/\/pt-creations.eu\/pl\/#website"},"primaryImageOfPage":{"@id":"https:\/\/pt-creations.eu\/pl\/uslugi\/pt-nurseries\/#primaryimage"},"image":{"@id":"https:\/\/pt-creations.eu\/pl\/uslugi\/pt-nurseries\/#primaryimage"},"thumbnailUrl":"https:\/\/pt-creations.eu\/wp-content\/uploads\/2021\/06\/nurseries1.jpg","datePublished":"2021-08-16T12:33:53+00:00","dateModified":"2021-09-15T11:46:11+00:00","breadcrumb":{"@id":"https:\/\/pt-creations.eu\/pl\/uslugi\/pt-nurseries\/#breadcrumb"},"inLanguage":"pl-PL","potentialAction":[{"@type":"ReadAction","target":["https:\/\/pt-creations.eu\/pl\/uslugi\/pt-nurseries\/"]}]},{"@type":"ImageObject","inLanguage":"pl-PL","@id":"https:\/\/pt-creations.eu\/pl\/uslugi\/pt-nurseries\/#primaryimage","url":"https:\/\/pt-creations.eu\/wp-content\/uploads\/2021\/06\/nurseries1.jpg","contentUrl":"https:\/\/pt-creations.eu\/wp-content\/uploads\/2021\/06\/nurseries1.jpg"},{"@type":"BreadcrumbList","@id":"https:\/\/pt-creations.eu\/pl\/uslugi\/pt-nurseries\/#breadcrumb","itemListElement":[{"@type":"ListItem","position":1,"name":"Home","item":"https:\/\/pt-creations.eu\/pl\/"},{"@type":"ListItem","position":2,"name":"US\u0141UGI","item":"https:\/\/pt-creations.eu\/pl\/uslugi\/"},{"@type":"ListItem","position":3,"name":"PT-Nurseries"}]},{"@type":"WebSite","@id":"https:\/\/pt-creations.eu\/pl\/#website","url":"https:\/\/pt-creations.eu\/pl\/","name":"PT Creations","description":"","potentialAction":[{"@type":"SearchAction","target":{"@type":"EntryPoint","urlTemplate":"https:\/\/pt-creations.eu\/pl\/?s={search_term_string}"},"query-input":"required name=search_term_string"}],"inLanguage":"pl-PL"}]}},"_links":{"self":[{"href":"https:\/\/pt-creations.eu\/pl\/wp-json\/wp\/v2\/pages\/1700","targetHints":{"allow":["GET"]}}],"collection":[{"href":"https:\/\/pt-creations.eu\/pl\/wp-json\/wp\/v2\/pages"}],"about":[{"href":"https:\/\/pt-creations.eu\/pl\/wp-json\/wp\/v2\/types\/page"}],"author":[{"embeddable":true,"href":"https:\/\/pt-creations.eu\/pl\/wp-json\/wp\/v2\/users\/5"}],"replies":[{"embeddable":true,"href":"https:\/\/pt-creations.eu\/pl\/wp-json\/wp\/v2\/comments?post=1700"}],"version-history":[{"count":4,"href":"https:\/\/pt-creations.eu\/pl\/wp-json\/wp\/v2\/pages\/1700\/revisions"}],"predecessor-version":[{"id":2906,"href":"https:\/\/pt-creations.eu\/pl\/wp-json\/wp\/v2\/pages\/1700\/revisions\/2906"}],"up":[{"embeddable":true,"href":"https:\/\/pt-creations.eu\/pl\/wp-json\/wp\/v2\/pages\/1724"}],"wp:attachment":[{"href":"https:\/\/pt-creations.eu\/pl\/wp-json\/wp\/v2\/media?parent=1700"}],"curies":[{"name":"wp","href":"https:\/\/api.w.org\/{rel}","templated":true}]}}