{"id":1704,"date":"2021-08-16T15:01:12","date_gmt":"2021-08-16T13:01:12","guid":{"rendered":"https:\/\/pt-creations.eu\/pt-living\/"},"modified":"2021-08-18T16:38:27","modified_gmt":"2021-08-18T14:38:27","slug":"pt-living","status":"publish","type":"page","link":"https:\/\/pt-creations.eu\/pl\/uslugi\/pt-living\/","title":{"rendered":"PT-Living"},"content":{"rendered":"\n\n    <img decoding=\"async\" src=\"https:\/\/pt-creations.eu\/wp-content\/uploads\/2021\/06\/living.jpg\"\/>\n\t\t<h1>PT-Living<\/h1>\n\t\t\t\t\t<a href=\"\/pl\/uslugi\/\" target=\"_self\" rel=\"noopener\">\n\t\t\t\t\t\t\t\t\t<img decoding=\"async\" src=\"\/wp-content\/themes\/bb-blank-child\/img\/arrow-left.svg\"\/>\n\t\t\t\tPOWR\u00d3T DO POGL\u0104DU\n\t\t\t\t\t\t\t<\/a>\n\t\t<h2>Migranci zarobkowi<\/h2>\n\t\t<p>Firma taka jak PT-Creations jest zale\u017cna od zaanga\u017cowania pracownik\u00f3w migruj\u0105cych. Dobre warunki mieszkaniowe maja ogromne znaczenie dla pracownikow.To sprawilo,\u017ce zdecydowali\u015bmy si\u0119 zapewni\u0107 zakwaterowanie dla cz\u0119\u015bci naszych si\u0142 roboczych i za\u0142o\u017cyli\u015bmy PT-living.Celem PT-Living jest zapewnienie ludziom wszelkich wyg\u00f3d, umieszczaj\u0105c je w najlepszy mo\u017cliwy spos\u00f3b.Kr\u00f3tko m\u00f3wi\u0105c, spos\u00f3b \u017cycia, kt\u00f3ry oferuje naszej grupie wszelkie mo\u017cliwo\u015bci rozwa\u017cenia d\u0142u\u017cszego pobytu w Holandii.<h2><strong><br \/>Zakwaterowanie dla migrant\u00f3w zarobkowych<br \/><\/strong><\/h2>W 2018 roku zrealizowali\u015bmy pierwsze pomysly i zacz\u0119li\u015bmy szuka\u0107 najlepszego sposobu na zakwaterowania. We wsp\u00f3\u0142pracy z by\u0142\u0105 gmin\u0105 Aalburg pojawi\u0142a si\u0119 mo\u017cliwo\u015b\u0107 oferowania mieszka\u0144 na w\u0142asnym terenie.Pocz\u0105tkowo istnia\u0142o rozwi\u0105zanie tymczasowe, dlatego te\u017c zastanawiano si\u0119 nad r\u00f3\u017cnymi rodzajami mieszka\u0144.<\/p>\n\t\t\t\t\t<a href=\"\/pl\/kontakt\/\" target=\"_self\" rel=\"noopener\">\n\t\t\t\tWY\u015aLIJ WIADOMO\u015a\u0106\t\t\t<\/a>\n\t<img decoding=\"async\" src=\"https:\/\/pt-creations.eu\/wp-content\/uploads\/2021\/06\/Living-1.jpg\"\/>\n\t\t<h2>LUKSUSOWE JEDNOSTKI MIESZKALNE<\/h2>\n\t\t<p>Jednostki s\u0105 wyposa\u017cone w:<\/p><ul><li>Ogrzewanie pod\u0142ogowe<\/li><li>W ka\u017cdej sypialni mo\u017cna ustawi\u0107 swoj\u0105 w\u0142asn\u0105, po\u017c\u0105dan\u0105 temperatur\u0119.<\/li><li>2x 1 osobowe sypialnie<\/li><li>1x sypialnia 2 osobowa<\/li><li>Luksusowa kuchnia z wyposa\u017ceniem (w tym zmywarka)<\/li><li>\u0141azienka z prysznicem,toalet\u0105 i umywalk\u0105<\/li><li>Pralka i suszarka do ubra\u0144<\/li><li>Smart TV<\/li><li>B\u0142yskawicznie szybki internet przez \u0142\u0105cze \u015bwiat\u0142owodowe.<\/li><\/ul>\u00a0\n\t<img decoding=\"async\" src=\"https:\/\/pt-creations.eu\/wp-content\/uploads\/2021\/06\/Living-2.jpg\"\/>\n\t\t<h2>Front domu<\/h2>\n\t\t<p>Powy\u017csze udogodnienia oferuj\u0105 pracownikom migruj\u0105cym mo\u017cliwo\u015b\u0107 nawi\u0105zania kontaktu z domem rodzinnym w Polsce. Coraz wi\u0119cej par r\u00f3wnie\u017c przyje\u017cd\u017ca do Holandii do pracy . Przystosowano do tego r\u00f3wnie\u017c umeblowanie przestrzenie mieszkalnej.Kr\u00f3tko m\u00f3wi\u0105c, dzi\u0119ki PT-Living znale\u017ali\u015bmy odpowiednie rozwi\u0105zanie, kt\u00f3re mo\u017ce by\u0107 stosowane w wielu miejscach i w ten spos\u00f3b radzimy sobie z brakiem mieszka\u0144 dla migranta zarobkowego.<\/p>\n\t\t\t\t\t<a href=\"\/pl\/kontakt\/\" target=\"_self\" rel=\"noopener\">\n\t\t\t\tWY\u015aLIJ WIADOMO\u015a\u0106\t\t\t<\/a>\n\t<img decoding=\"async\" src=\"https:\/\/pt-creations.eu\/wp-content\/uploads\/2021\/06\/Living-3.jpg\"\/>\n\n","protected":false},"excerpt":{"rendered":"<p>PT-Living POWR\u00d3T DO POGL\u0104DU Migranci zarobkowi Firma taka jak PT-Creations jest zale\u017cna od zaanga\u017cowania pracownik\u00f3w migruj\u0105cych. Dobre warunki mieszkaniowe maja ogromne znaczenie dla pracownikow.To sprawilo,\u017ce zdecydowali\u015bmy si\u0119 zapewni\u0107 zakwaterowanie dla cz\u0119\u015bci naszych si\u0142 roboczych i za\u0142o\u017cyli\u015bmy PT-living.Celem PT-Living jest zapewnienie ludziom wszelkich wyg\u00f3d, umieszczaj\u0105c je w najlepszy mo\u017cliwy spos\u00f3b.Kr\u00f3tko m\u00f3wi\u0105c, spos\u00f3b \u017cycia, kt\u00f3ry oferuje naszej [&hellip;]<\/p>\n","protected":false},"author":5,"featured_media":0,"parent":1724,"menu_order":0,"comment_status":"closed","ping_status":"closed","template":"","meta":{"_acf_changed":false,"inline_featured_image":false,"footnotes":""},"class_list":["post-1704","page","type-page","status-publish","hentry"],"acf":[],"yoast_head":"<!-- This site is optimized with the Yoast SEO plugin v22.7 - https:\/\/yoast.com\/wordpress\/plugins\/seo\/ -->\n<title>PT-Living - PT Creations<\/title>\n<meta name=\"robots\" content=\"index, follow, max-snippet:-1, max-image-preview:large, max-video-preview:-1\" \/>\n<link rel=\"canonical\" href=\"https:\/\/pt-creations.eu\/pl\/uslugi\/pt-living\/\" \/>\n<meta property=\"og:locale\" content=\"pl_PL\" \/>\n<meta property=\"og:type\" content=\"article\" \/>\n<meta property=\"og:title\" content=\"PT-Living - PT Creations\" \/>\n<meta property=\"og:description\" content=\"PT-Living POWR\u00d3T DO POGL\u0104DU Migranci zarobkowi Firma taka jak PT-Creations jest zale\u017cna od zaanga\u017cowania pracownik\u00f3w migruj\u0105cych. Dobre warunki mieszkaniowe maja ogromne znaczenie dla pracownikow.To sprawilo,\u017ce zdecydowali\u015bmy si\u0119 zapewni\u0107 zakwaterowanie dla cz\u0119\u015bci naszych si\u0142 roboczych i za\u0142o\u017cyli\u015bmy PT-living.Celem PT-Living jest zapewnienie ludziom wszelkich wyg\u00f3d, umieszczaj\u0105c je w najlepszy mo\u017cliwy spos\u00f3b.Kr\u00f3tko m\u00f3wi\u0105c, spos\u00f3b \u017cycia, kt\u00f3ry oferuje naszej [&hellip;]\" \/>\n<meta property=\"og:url\" content=\"https:\/\/pt-creations.eu\/pl\/uslugi\/pt-living\/\" \/>\n<meta property=\"og:site_name\" content=\"PT Creations\" \/>\n<meta property=\"article:modified_time\" content=\"2021-08-18T14:38:27+00:00\" \/>\n<meta property=\"og:image\" content=\"https:\/\/pt-creations.eu\/wp-content\/uploads\/2021\/06\/living.jpg\" \/>\n<meta name=\"twitter:card\" content=\"summary_large_image\" \/>\n<meta name=\"twitter:label1\" content=\"Szacowany czas czytania\" \/>\n\t<meta name=\"twitter:data1\" content=\"1 minuta\" \/>\n<script type=\"application\/ld+json\" class=\"yoast-schema-graph\">{\"@context\":\"https:\/\/schema.org\",\"@graph\":[{\"@type\":\"WebPage\",\"@id\":\"https:\/\/pt-creations.eu\/pl\/uslugi\/pt-living\/\",\"url\":\"https:\/\/pt-creations.eu\/pl\/uslugi\/pt-living\/\",\"name\":\"PT-Living - PT Creations\",\"isPartOf\":{\"@id\":\"https:\/\/pt-creations.eu\/pl\/#website\"},\"primaryImageOfPage\":{\"@id\":\"https:\/\/pt-creations.eu\/pl\/uslugi\/pt-living\/#primaryimage\"},\"image\":{\"@id\":\"https:\/\/pt-creations.eu\/pl\/uslugi\/pt-living\/#primaryimage\"},\"thumbnailUrl\":\"https:\/\/pt-creations.eu\/wp-content\/uploads\/2021\/06\/living.jpg\",\"datePublished\":\"2021-08-16T13:01:12+00:00\",\"dateModified\":\"2021-08-18T14:38:27+00:00\",\"breadcrumb\":{\"@id\":\"https:\/\/pt-creations.eu\/pl\/uslugi\/pt-living\/#breadcrumb\"},\"inLanguage\":\"pl-PL\",\"potentialAction\":[{\"@type\":\"ReadAction\",\"target\":[\"https:\/\/pt-creations.eu\/pl\/uslugi\/pt-living\/\"]}]},{\"@type\":\"ImageObject\",\"inLanguage\":\"pl-PL\",\"@id\":\"https:\/\/pt-creations.eu\/pl\/uslugi\/pt-living\/#primaryimage\",\"url\":\"https:\/\/pt-creations.eu\/wp-content\/uploads\/2021\/06\/living.jpg\",\"contentUrl\":\"https:\/\/pt-creations.eu\/wp-content\/uploads\/2021\/06\/living.jpg\"},{\"@type\":\"BreadcrumbList\",\"@id\":\"https:\/\/pt-creations.eu\/pl\/uslugi\/pt-living\/#breadcrumb\",\"itemListElement\":[{\"@type\":\"ListItem\",\"position\":1,\"name\":\"Home\",\"item\":\"https:\/\/pt-creations.eu\/pl\/\"},{\"@type\":\"ListItem\",\"position\":2,\"name\":\"US\u0141UGI\",\"item\":\"https:\/\/pt-creations.eu\/pl\/uslugi\/\"},{\"@type\":\"ListItem\",\"position\":3,\"name\":\"PT-Living\"}]},{\"@type\":\"WebSite\",\"@id\":\"https:\/\/pt-creations.eu\/pl\/#website\",\"url\":\"https:\/\/pt-creations.eu\/pl\/\",\"name\":\"PT Creations\",\"description\":\"\",\"potentialAction\":[{\"@type\":\"SearchAction\",\"target\":{\"@type\":\"EntryPoint\",\"urlTemplate\":\"https:\/\/pt-creations.eu\/pl\/?s={search_term_string}\"},\"query-input\":\"required name=search_term_string\"}],\"inLanguage\":\"pl-PL\"}]}<\/script>\n<!-- \/ Yoast SEO plugin. -->","yoast_head_json":{"title":"PT-Living - PT Creations","robots":{"index":"index","follow":"follow","max-snippet":"max-snippet:-1","max-image-preview":"max-image-preview:large","max-video-preview":"max-video-preview:-1"},"canonical":"https:\/\/pt-creations.eu\/pl\/uslugi\/pt-living\/","og_locale":"pl_PL","og_type":"article","og_title":"PT-Living - PT Creations","og_description":"PT-Living POWR\u00d3T DO POGL\u0104DU Migranci zarobkowi Firma taka jak PT-Creations jest zale\u017cna od zaanga\u017cowania pracownik\u00f3w migruj\u0105cych. Dobre warunki mieszkaniowe maja ogromne znaczenie dla pracownikow.To sprawilo,\u017ce zdecydowali\u015bmy si\u0119 zapewni\u0107 zakwaterowanie dla cz\u0119\u015bci naszych si\u0142 roboczych i za\u0142o\u017cyli\u015bmy PT-living.Celem PT-Living jest zapewnienie ludziom wszelkich wyg\u00f3d, umieszczaj\u0105c je w najlepszy mo\u017cliwy spos\u00f3b.Kr\u00f3tko m\u00f3wi\u0105c, spos\u00f3b \u017cycia, kt\u00f3ry oferuje naszej [&hellip;]","og_url":"https:\/\/pt-creations.eu\/pl\/uslugi\/pt-living\/","og_site_name":"PT Creations","article_modified_time":"2021-08-18T14:38:27+00:00","og_image":[{"url":"https:\/\/pt-creations.eu\/wp-content\/uploads\/2021\/06\/living.jpg"}],"twitter_card":"summary_large_image","twitter_misc":{"Szacowany czas czytania":"1 minuta"},"schema":{"@context":"https:\/\/schema.org","@graph":[{"@type":"WebPage","@id":"https:\/\/pt-creations.eu\/pl\/uslugi\/pt-living\/","url":"https:\/\/pt-creations.eu\/pl\/uslugi\/pt-living\/","name":"PT-Living - PT Creations","isPartOf":{"@id":"https:\/\/pt-creations.eu\/pl\/#website"},"primaryImageOfPage":{"@id":"https:\/\/pt-creations.eu\/pl\/uslugi\/pt-living\/#primaryimage"},"image":{"@id":"https:\/\/pt-creations.eu\/pl\/uslugi\/pt-living\/#primaryimage"},"thumbnailUrl":"https:\/\/pt-creations.eu\/wp-content\/uploads\/2021\/06\/living.jpg","datePublished":"2021-08-16T13:01:12+00:00","dateModified":"2021-08-18T14:38:27+00:00","breadcrumb":{"@id":"https:\/\/pt-creations.eu\/pl\/uslugi\/pt-living\/#breadcrumb"},"inLanguage":"pl-PL","potentialAction":[{"@type":"ReadAction","target":["https:\/\/pt-creations.eu\/pl\/uslugi\/pt-living\/"]}]},{"@type":"ImageObject","inLanguage":"pl-PL","@id":"https:\/\/pt-creations.eu\/pl\/uslugi\/pt-living\/#primaryimage","url":"https:\/\/pt-creations.eu\/wp-content\/uploads\/2021\/06\/living.jpg","contentUrl":"https:\/\/pt-creations.eu\/wp-content\/uploads\/2021\/06\/living.jpg"},{"@type":"BreadcrumbList","@id":"https:\/\/pt-creations.eu\/pl\/uslugi\/pt-living\/#breadcrumb","itemListElement":[{"@type":"ListItem","position":1,"name":"Home","item":"https:\/\/pt-creations.eu\/pl\/"},{"@type":"ListItem","position":2,"name":"US\u0141UGI","item":"https:\/\/pt-creations.eu\/pl\/uslugi\/"},{"@type":"ListItem","position":3,"name":"PT-Living"}]},{"@type":"WebSite","@id":"https:\/\/pt-creations.eu\/pl\/#website","url":"https:\/\/pt-creations.eu\/pl\/","name":"PT Creations","description":"","potentialAction":[{"@type":"SearchAction","target":{"@type":"EntryPoint","urlTemplate":"https:\/\/pt-creations.eu\/pl\/?s={search_term_string}"},"query-input":"required name=search_term_string"}],"inLanguage":"pl-PL"}]}},"_links":{"self":[{"href":"https:\/\/pt-creations.eu\/pl\/wp-json\/wp\/v2\/pages\/1704","targetHints":{"allow":["GET"]}}],"collection":[{"href":"https:\/\/pt-creations.eu\/pl\/wp-json\/wp\/v2\/pages"}],"about":[{"href":"https:\/\/pt-creations.eu\/pl\/wp-json\/wp\/v2\/types\/page"}],"author":[{"embeddable":true,"href":"https:\/\/pt-creations.eu\/pl\/wp-json\/wp\/v2\/users\/5"}],"replies":[{"embeddable":true,"href":"https:\/\/pt-creations.eu\/pl\/wp-json\/wp\/v2\/comments?post=1704"}],"version-history":[{"count":3,"href":"https:\/\/pt-creations.eu\/pl\/wp-json\/wp\/v2\/pages\/1704\/revisions"}],"predecessor-version":[{"id":1913,"href":"https:\/\/pt-creations.eu\/pl\/wp-json\/wp\/v2\/pages\/1704\/revisions\/1913"}],"up":[{"embeddable":true,"href":"https:\/\/pt-creations.eu\/pl\/wp-json\/wp\/v2\/pages\/1724"}],"wp:attachment":[{"href":"https:\/\/pt-creations.eu\/pl\/wp-json\/wp\/v2\/media?parent=1704"}],"curies":[{"name":"wp","href":"https:\/\/api.w.org\/{rel}","templated":true}]}}