{"id":1724,"date":"2021-08-16T17:02:18","date_gmt":"2021-08-16T15:02:18","guid":{"rendered":"https:\/\/pt-creations.eu\/uslugi\/"},"modified":"2021-08-18T11:52:27","modified_gmt":"2021-08-18T09:52:27","slug":"uslugi","status":"publish","type":"page","link":"https:\/\/pt-creations.eu\/pl\/uslugi\/","title":{"rendered":"US\u0141UGI"},"content":{"rendered":"\n\n\t\t\t\t\t<h2><\/h2>\n\t\t\t\t\t\t<a href=\"https:\/\/pt-creations.eu\/pl\/uslugi\/pt-nurseries\/\" target=\"_self\" rel=\"noopener\">\n\t\t\t\t\t\t\tpatrze\u0107 na PT-NURSERIES\t\t\t\t\t\t<\/a>\n\t\t\t\t\t<h2><\/h2>\n\t\t\t\t\t\t<a href=\"https:\/\/pt-creations.eu\/pl\/uslugi\/pt-living\/\" target=\"_self\" rel=\"noopener\">\n\t\t\t\t\t\t\tpatrze\u0107 na PT-LIVING\t\t\t\t\t\t<\/a>\n\t\t\t\t\t<h2><\/h2>\n\t\t\t\t\t\t<a href=\"https:\/\/pt-creations.eu\/pl\/uslugi\/pt-warehousing\/\" target=\"_self\" rel=\"noopener\">\n\t\t\t\t\t\t\tpatrze\u0107 na PT-WAREHOUSING\t\t\t\t\t\t<\/a>\n\n","protected":false},"excerpt":{"rendered":"<p>patrze\u0107 na PT-NURSERIES patrze\u0107 na PT-LIVING patrze\u0107 na PT-WAREHOUSING<\/p>\n","protected":false},"author":5,"featured_media":0,"parent":0,"menu_order":0,"comment_status":"closed","ping_status":"closed","template":"","meta":{"_acf_changed":false,"inline_featured_image":false,"footnotes":""},"class_list":["post-1724","page","type-page","status-publish","hentry"],"acf":[],"yoast_head":"<!-- This site is optimized with the Yoast SEO plugin v22.7 - https:\/\/yoast.com\/wordpress\/plugins\/seo\/ -->\n<title>US\u0141UGI - PT Creations<\/title>\n<meta name=\"robots\" content=\"index, follow, max-snippet:-1, max-image-preview:large, max-video-preview:-1\" \/>\n<link rel=\"canonical\" href=\"https:\/\/pt-creations.eu\/pl\/uslugi\/\" \/>\n<meta property=\"og:locale\" content=\"pl_PL\" \/>\n<meta property=\"og:type\" content=\"article\" \/>\n<meta property=\"og:title\" content=\"US\u0141UGI - PT Creations\" \/>\n<meta property=\"og:description\" content=\"patrze\u0107 na PT-NURSERIES patrze\u0107 na PT-LIVING patrze\u0107 na PT-WAREHOUSING\" \/>\n<meta property=\"og:url\" content=\"https:\/\/pt-creations.eu\/pl\/uslugi\/\" \/>\n<meta property=\"og:site_name\" content=\"PT Creations\" \/>\n<meta property=\"article:modified_time\" content=\"2021-08-18T09:52:27+00:00\" \/>\n<meta name=\"twitter:card\" content=\"summary_large_image\" \/>\n<script type=\"application\/ld+json\" class=\"yoast-schema-graph\">{\"@context\":\"https:\/\/schema.org\",\"@graph\":[{\"@type\":\"WebPage\",\"@id\":\"https:\/\/pt-creations.eu\/pl\/uslugi\/\",\"url\":\"https:\/\/pt-creations.eu\/pl\/uslugi\/\",\"name\":\"US\u0141UGI - PT Creations\",\"isPartOf\":{\"@id\":\"https:\/\/pt-creations.eu\/pl\/#website\"},\"datePublished\":\"2021-08-16T15:02:18+00:00\",\"dateModified\":\"2021-08-18T09:52:27+00:00\",\"breadcrumb\":{\"@id\":\"https:\/\/pt-creations.eu\/pl\/uslugi\/#breadcrumb\"},\"inLanguage\":\"pl-PL\",\"potentialAction\":[{\"@type\":\"ReadAction\",\"target\":[\"https:\/\/pt-creations.eu\/pl\/uslugi\/\"]}]},{\"@type\":\"BreadcrumbList\",\"@id\":\"https:\/\/pt-creations.eu\/pl\/uslugi\/#breadcrumb\",\"itemListElement\":[{\"@type\":\"ListItem\",\"position\":1,\"name\":\"Home\",\"item\":\"https:\/\/pt-creations.eu\/pl\/\"},{\"@type\":\"ListItem\",\"position\":2,\"name\":\"US\u0141UGI\"}]},{\"@type\":\"WebSite\",\"@id\":\"https:\/\/pt-creations.eu\/pl\/#website\",\"url\":\"https:\/\/pt-creations.eu\/pl\/\",\"name\":\"PT Creations\",\"description\":\"\",\"potentialAction\":[{\"@type\":\"SearchAction\",\"target\":{\"@type\":\"EntryPoint\",\"urlTemplate\":\"https:\/\/pt-creations.eu\/pl\/?s={search_term_string}\"},\"query-input\":\"required name=search_term_string\"}],\"inLanguage\":\"pl-PL\"}]}<\/script>\n<!-- \/ Yoast SEO plugin. -->","yoast_head_json":{"title":"US\u0141UGI - PT Creations","robots":{"index":"index","follow":"follow","max-snippet":"max-snippet:-1","max-image-preview":"max-image-preview:large","max-video-preview":"max-video-preview:-1"},"canonical":"https:\/\/pt-creations.eu\/pl\/uslugi\/","og_locale":"pl_PL","og_type":"article","og_title":"US\u0141UGI - PT Creations","og_description":"patrze\u0107 na PT-NURSERIES patrze\u0107 na PT-LIVING patrze\u0107 na PT-WAREHOUSING","og_url":"https:\/\/pt-creations.eu\/pl\/uslugi\/","og_site_name":"PT Creations","article_modified_time":"2021-08-18T09:52:27+00:00","twitter_card":"summary_large_image","schema":{"@context":"https:\/\/schema.org","@graph":[{"@type":"WebPage","@id":"https:\/\/pt-creations.eu\/pl\/uslugi\/","url":"https:\/\/pt-creations.eu\/pl\/uslugi\/","name":"US\u0141UGI - PT Creations","isPartOf":{"@id":"https:\/\/pt-creations.eu\/pl\/#website"},"datePublished":"2021-08-16T15:02:18+00:00","dateModified":"2021-08-18T09:52:27+00:00","breadcrumb":{"@id":"https:\/\/pt-creations.eu\/pl\/uslugi\/#breadcrumb"},"inLanguage":"pl-PL","potentialAction":[{"@type":"ReadAction","target":["https:\/\/pt-creations.eu\/pl\/uslugi\/"]}]},{"@type":"BreadcrumbList","@id":"https:\/\/pt-creations.eu\/pl\/uslugi\/#breadcrumb","itemListElement":[{"@type":"ListItem","position":1,"name":"Home","item":"https:\/\/pt-creations.eu\/pl\/"},{"@type":"ListItem","position":2,"name":"US\u0141UGI"}]},{"@type":"WebSite","@id":"https:\/\/pt-creations.eu\/pl\/#website","url":"https:\/\/pt-creations.eu\/pl\/","name":"PT Creations","description":"","potentialAction":[{"@type":"SearchAction","target":{"@type":"EntryPoint","urlTemplate":"https:\/\/pt-creations.eu\/pl\/?s={search_term_string}"},"query-input":"required name=search_term_string"}],"inLanguage":"pl-PL"}]}},"_links":{"self":[{"href":"https:\/\/pt-creations.eu\/pl\/wp-json\/wp\/v2\/pages\/1724","targetHints":{"allow":["GET"]}}],"collection":[{"href":"https:\/\/pt-creations.eu\/pl\/wp-json\/wp\/v2\/pages"}],"about":[{"href":"https:\/\/pt-creations.eu\/pl\/wp-json\/wp\/v2\/types\/page"}],"author":[{"embeddable":true,"href":"https:\/\/pt-creations.eu\/pl\/wp-json\/wp\/v2\/users\/5"}],"replies":[{"embeddable":true,"href":"https:\/\/pt-creations.eu\/pl\/wp-json\/wp\/v2\/comments?post=1724"}],"version-history":[{"count":3,"href":"https:\/\/pt-creations.eu\/pl\/wp-json\/wp\/v2\/pages\/1724\/revisions"}],"predecessor-version":[{"id":1800,"href":"https:\/\/pt-creations.eu\/pl\/wp-json\/wp\/v2\/pages\/1724\/revisions\/1800"}],"wp:attachment":[{"href":"https:\/\/pt-creations.eu\/pl\/wp-json\/wp\/v2\/media?parent=1724"}],"curies":[{"name":"wp","href":"https:\/\/api.w.org\/{rel}","templated":true}]}}