{"id":1750,"date":"2021-08-16T17:05:49","date_gmt":"2021-08-16T15:05:49","guid":{"rendered":"https:\/\/pt-creations.eu\/strona-glowna\/"},"modified":"2023-08-24T13:21:37","modified_gmt":"2023-08-24T11:21:37","slug":"strona-glowna","status":"publish","type":"page","link":"https:\/\/pt-creations.eu\/pl\/","title":{"rendered":"STRONA G\u0141\u00d3WNA"},"content":{"rendered":"\n\n                  <!-- Video -->\n            <video muted playsinline loop id=\"previewVideo\" data-source=\"https:\/\/vz-dde61e0c-331.b-cdn.net\/91ee1dcb-3ee3-4f3a-b56c-164708fc539e\/playlist.m3u8?v=1692437175\"><\/video>\n            <video playsinline controls id=\"fullVideo\" data-source=\"https:\/\/vz-dde61e0c-331.b-cdn.net\/44c7305a-e8ff-4a76-b8d8-8c3052e59c7c\/playlist.m3u8?v=1692803324\" onclick=\"toggleFullVideo(false);\"><\/video>\n            <h2><p>Upgrading Plants<\/p><\/h2>\n              <!-- Button 1 -->\n                              <button type=\"button\" onclick=\"toggleFullVideo(true);\">odtw\u00f3rz wideo<\/button>\n                            <!-- Button 2 -->\n                              <a href=\"http:\/\/www.pt-creations.nl\/webshop.php\" target=\"_blank\" rel=\"noopener\">Sklep internetowy<\/a>\n                  <!-- Image -->\n            <h2><p>WITAMY W RO\u015aLINNYM \u015aWIECIE PT-CREATIONS<\/p><\/h2>\n              <!-- Button 1 -->\n                              <a href=\"\/pl\/kompozycje-kwiatowe\/\" target=\"_self\" rel=\"noopener\">Sprawd\u017a kompozycje<\/a>\n                            <!-- Button 2 -->\n                  <!-- Image -->\n            <h2><p><strong>PT-Nurseries<\/strong><\/p><\/h2>\n              <!-- Button 1 -->\n                              <a href=\"\/pl\/uslugi\/pt-nurseries\/\" target=\"_self\" rel=\"noopener\">patrze\u0107 na PT-NURSERIES<\/a>\n                            <!-- Button 2 -->\n                  <!-- Image -->\n            <h2><p><strong>PT-Living<\/strong><\/p><\/h2>\n              <!-- Button 1 -->\n                              <a href=\"\/pl\/uslugi\/pt-living\/\" target=\"_self\" rel=\"noopener\">patrze\u0107 na PT-LIVING<\/a>\n                            <!-- Button 2 -->\n                  <!-- Image -->\n            <h2><p><strong>PT-Warehousing<\/strong><\/p><\/h2>\n              <!-- Button 1 -->\n                              <a href=\"\/pl\/uslugi\/pt-warehousing\/\" target=\"_self\" rel=\"noopener\">patrze\u0107 na PT-WAREHOUSING<\/a>\n                            <!-- Button 2 -->\n\n","protected":false},"excerpt":{"rendered":"<p>Upgrading Plants odtw\u00f3rz wideo Sklep internetowy WITAMY W RO\u015aLINNYM \u015aWIECIE PT-CREATIONS Sprawd\u017a kompozycje PT-Nurseries patrze\u0107 na PT-NURSERIES PT-Living patrze\u0107 na PT-LIVING PT-Warehousing patrze\u0107 na PT-WAREHOUSING<\/p>\n","protected":false},"author":5,"featured_media":0,"parent":0,"menu_order":0,"comment_status":"closed","ping_status":"closed","template":"","meta":{"_acf_changed":false,"inline_featured_image":false,"footnotes":""},"class_list":["post-1750","page","type-page","status-publish","hentry"],"acf":[],"yoast_head":"<!-- This site is optimized with the Yoast SEO plugin v22.7 - https:\/\/yoast.com\/wordpress\/plugins\/seo\/ -->\n<title>STRONA G\u0141\u00d3WNA - PT Creations<\/title>\n<meta name=\"robots\" content=\"index, follow, max-snippet:-1, max-image-preview:large, max-video-preview:-1\" \/>\n<link rel=\"canonical\" href=\"https:\/\/pt-creations.eu\/pl\/\" \/>\n<meta property=\"og:locale\" content=\"pl_PL\" \/>\n<meta property=\"og:type\" content=\"article\" \/>\n<meta property=\"og:title\" content=\"STRONA G\u0141\u00d3WNA - PT Creations\" \/>\n<meta property=\"og:description\" content=\"Upgrading Plants odtw\u00f3rz wideo Sklep internetowy WITAMY W RO\u015aLINNYM \u015aWIECIE PT-CREATIONS Sprawd\u017a kompozycje PT-Nurseries patrze\u0107 na PT-NURSERIES PT-Living patrze\u0107 na PT-LIVING PT-Warehousing patrze\u0107 na PT-WAREHOUSING\" \/>\n<meta property=\"og:url\" content=\"https:\/\/pt-creations.eu\/pl\/\" \/>\n<meta property=\"og:site_name\" content=\"PT Creations\" \/>\n<meta property=\"article:modified_time\" content=\"2023-08-24T11:21:37+00:00\" \/>\n<meta name=\"twitter:card\" content=\"summary_large_image\" \/>\n<script type=\"application\/ld+json\" class=\"yoast-schema-graph\">{\"@context\":\"https:\/\/schema.org\",\"@graph\":[{\"@type\":\"WebPage\",\"@id\":\"https:\/\/pt-creations.eu\/pl\/\",\"url\":\"https:\/\/pt-creations.eu\/pl\/\",\"name\":\"STRONA G\u0141\u00d3WNA - PT Creations\",\"isPartOf\":{\"@id\":\"https:\/\/pt-creations.eu\/pl\/#website\"},\"datePublished\":\"2021-08-16T15:05:49+00:00\",\"dateModified\":\"2023-08-24T11:21:37+00:00\",\"breadcrumb\":{\"@id\":\"https:\/\/pt-creations.eu\/pl\/#breadcrumb\"},\"inLanguage\":\"pl-PL\",\"potentialAction\":[{\"@type\":\"ReadAction\",\"target\":[\"https:\/\/pt-creations.eu\/pl\/\"]}]},{\"@type\":\"BreadcrumbList\",\"@id\":\"https:\/\/pt-creations.eu\/pl\/#breadcrumb\",\"itemListElement\":[{\"@type\":\"ListItem\",\"position\":1,\"name\":\"Home\",\"item\":\"https:\/\/pt-creations.eu\/pl\/\"},{\"@type\":\"ListItem\",\"position\":2,\"name\":\"STRONA G\u0141\u00d3WNA\"}]},{\"@type\":\"WebSite\",\"@id\":\"https:\/\/pt-creations.eu\/pl\/#website\",\"url\":\"https:\/\/pt-creations.eu\/pl\/\",\"name\":\"PT Creations\",\"description\":\"\",\"potentialAction\":[{\"@type\":\"SearchAction\",\"target\":{\"@type\":\"EntryPoint\",\"urlTemplate\":\"https:\/\/pt-creations.eu\/pl\/?s={search_term_string}\"},\"query-input\":\"required name=search_term_string\"}],\"inLanguage\":\"pl-PL\"}]}<\/script>\n<!-- \/ Yoast SEO plugin. -->","yoast_head_json":{"title":"STRONA G\u0141\u00d3WNA - PT Creations","robots":{"index":"index","follow":"follow","max-snippet":"max-snippet:-1","max-image-preview":"max-image-preview:large","max-video-preview":"max-video-preview:-1"},"canonical":"https:\/\/pt-creations.eu\/pl\/","og_locale":"pl_PL","og_type":"article","og_title":"STRONA G\u0141\u00d3WNA - PT Creations","og_description":"Upgrading Plants odtw\u00f3rz wideo Sklep internetowy WITAMY W RO\u015aLINNYM \u015aWIECIE PT-CREATIONS Sprawd\u017a kompozycje PT-Nurseries patrze\u0107 na PT-NURSERIES PT-Living patrze\u0107 na PT-LIVING PT-Warehousing patrze\u0107 na PT-WAREHOUSING","og_url":"https:\/\/pt-creations.eu\/pl\/","og_site_name":"PT Creations","article_modified_time":"2023-08-24T11:21:37+00:00","twitter_card":"summary_large_image","schema":{"@context":"https:\/\/schema.org","@graph":[{"@type":"WebPage","@id":"https:\/\/pt-creations.eu\/pl\/","url":"https:\/\/pt-creations.eu\/pl\/","name":"STRONA G\u0141\u00d3WNA - PT Creations","isPartOf":{"@id":"https:\/\/pt-creations.eu\/pl\/#website"},"datePublished":"2021-08-16T15:05:49+00:00","dateModified":"2023-08-24T11:21:37+00:00","breadcrumb":{"@id":"https:\/\/pt-creations.eu\/pl\/#breadcrumb"},"inLanguage":"pl-PL","potentialAction":[{"@type":"ReadAction","target":["https:\/\/pt-creations.eu\/pl\/"]}]},{"@type":"BreadcrumbList","@id":"https:\/\/pt-creations.eu\/pl\/#breadcrumb","itemListElement":[{"@type":"ListItem","position":1,"name":"Home","item":"https:\/\/pt-creations.eu\/pl\/"},{"@type":"ListItem","position":2,"name":"STRONA G\u0141\u00d3WNA"}]},{"@type":"WebSite","@id":"https:\/\/pt-creations.eu\/pl\/#website","url":"https:\/\/pt-creations.eu\/pl\/","name":"PT Creations","description":"","potentialAction":[{"@type":"SearchAction","target":{"@type":"EntryPoint","urlTemplate":"https:\/\/pt-creations.eu\/pl\/?s={search_term_string}"},"query-input":"required name=search_term_string"}],"inLanguage":"pl-PL"}]}},"_links":{"self":[{"href":"https:\/\/pt-creations.eu\/pl\/wp-json\/wp\/v2\/pages\/1750","targetHints":{"allow":["GET"]}}],"collection":[{"href":"https:\/\/pt-creations.eu\/pl\/wp-json\/wp\/v2\/pages"}],"about":[{"href":"https:\/\/pt-creations.eu\/pl\/wp-json\/wp\/v2\/types\/page"}],"author":[{"embeddable":true,"href":"https:\/\/pt-creations.eu\/pl\/wp-json\/wp\/v2\/users\/5"}],"replies":[{"embeddable":true,"href":"https:\/\/pt-creations.eu\/pl\/wp-json\/wp\/v2\/comments?post=1750"}],"version-history":[{"count":8,"href":"https:\/\/pt-creations.eu\/pl\/wp-json\/wp\/v2\/pages\/1750\/revisions"}],"predecessor-version":[{"id":3953,"href":"https:\/\/pt-creations.eu\/pl\/wp-json\/wp\/v2\/pages\/1750\/revisions\/3953"}],"wp:attachment":[{"href":"https:\/\/pt-creations.eu\/pl\/wp-json\/wp\/v2\/media?parent=1750"}],"curies":[{"name":"wp","href":"https:\/\/api.w.org\/{rel}","templated":true}]}}