{"id":1848,"date":"2021-08-18T12:27:35","date_gmt":"2021-08-18T10:27:35","guid":{"rendered":"https:\/\/pt-creations.eu\/o-nas\/ekorozwoj\/"},"modified":"2021-08-18T13:02:28","modified_gmt":"2021-08-18T11:02:28","slug":"ekorozwoj","status":"publish","type":"page","link":"https:\/\/pt-creations.eu\/pl\/o-nas\/ekorozwoj\/","title":{"rendered":"EKOROZW\u00d3J"},"content":{"rendered":"\n\n    <img decoding=\"async\" src=\"https:\/\/pt-creations.eu\/wp-content\/uploads\/2021\/07\/duurzaamheid.jpg\"\/>\n\t\t<h1>Ekorozw\u00f3j<\/h1>\n\t<h2>Ekorozw\u00f3j<\/h2>\n<p>&nbsp;<\/p>\n<p>Aby zapewni\u0107 nast\u0119pnym pokoleniom zdrowy i czysty \u015bwiat, musimy dba\u0107 o Ziemi\u0119.<\/p>\n<p>Poniewa\u017c mamy tego \u015bwiadomo\u015b\u0107, ci\u0105gle pracujemy nad sposobem produkcji kt\u00f3ry w jak najmniejszym stopniu obci\u0105\u017ca \u015brodowisko naturalne.<\/p>\n<p>D\u0105\u017cymy do zredukowania naszego w\u0142asnego zu\u017cycia energii do zera przy pomocy:<\/p>\n<ul>\n<li>Kogeneracji<\/li>\n<li>Paneli s\u0142onecznych<\/li>\n<li>O\u015bwietlenia LED<\/li>\n<\/ul>\n<p>Poprzez segregacj\u0119 na 7 strumieni odpad\u00f3w, staramy si\u0119 w jak najwi\u0119kszym stopniu poddawa\u0107 odpady recyklingowi i przygotowywa\u0107 materia\u0142y do ponownego wykorzystania.<\/p>\n<p>Dzi\u0119ki temu polityka \u015brodowiskowa PT-Creations uzyska\u0142a\u00a0<strong><u>Certyfikat MPS-Gap<\/u><\/strong>, z czego jeste\u015bmy zas\u0142u\u017cenie dumni.<\/p>\n\n","protected":false},"excerpt":{"rendered":"<p>Ekorozw\u00f3j Ekorozw\u00f3j &nbsp; Aby zapewni\u0107 nast\u0119pnym pokoleniom zdrowy i czysty \u015bwiat, musimy dba\u0107 o Ziemi\u0119. Poniewa\u017c mamy tego \u015bwiadomo\u015b\u0107, ci\u0105gle pracujemy nad sposobem produkcji kt\u00f3ry w jak najmniejszym stopniu obci\u0105\u017ca \u015brodowisko naturalne. D\u0105\u017cymy do zredukowania naszego w\u0142asnego zu\u017cycia energii do zera przy pomocy: Kogeneracji Paneli s\u0142onecznych O\u015bwietlenia LED Poprzez segregacj\u0119 na 7 strumieni odpad\u00f3w, staramy [&hellip;]<\/p>\n","protected":false},"author":5,"featured_media":0,"parent":1448,"menu_order":0,"comment_status":"closed","ping_status":"closed","template":"","meta":{"_acf_changed":false,"inline_featured_image":false,"footnotes":""},"class_list":["post-1848","page","type-page","status-publish","hentry"],"acf":[],"yoast_head":"<!-- This site is optimized with the Yoast SEO plugin v22.7 - https:\/\/yoast.com\/wordpress\/plugins\/seo\/ -->\n<title>EKOROZW\u00d3J - PT Creations<\/title>\n<meta name=\"robots\" content=\"index, follow, max-snippet:-1, max-image-preview:large, max-video-preview:-1\" \/>\n<link rel=\"canonical\" href=\"https:\/\/pt-creations.eu\/pl\/o-nas\/ekorozwoj\/\" \/>\n<meta property=\"og:locale\" content=\"pl_PL\" \/>\n<meta property=\"og:type\" content=\"article\" \/>\n<meta property=\"og:title\" content=\"EKOROZW\u00d3J - PT Creations\" \/>\n<meta property=\"og:description\" content=\"Ekorozw\u00f3j Ekorozw\u00f3j &nbsp; Aby zapewni\u0107 nast\u0119pnym pokoleniom zdrowy i czysty \u015bwiat, musimy dba\u0107 o Ziemi\u0119. Poniewa\u017c mamy tego \u015bwiadomo\u015b\u0107, ci\u0105gle pracujemy nad sposobem produkcji kt\u00f3ry w jak najmniejszym stopniu obci\u0105\u017ca \u015brodowisko naturalne. D\u0105\u017cymy do zredukowania naszego w\u0142asnego zu\u017cycia energii do zera przy pomocy: Kogeneracji Paneli s\u0142onecznych O\u015bwietlenia LED Poprzez segregacj\u0119 na 7 strumieni odpad\u00f3w, staramy [&hellip;]\" \/>\n<meta property=\"og:url\" content=\"https:\/\/pt-creations.eu\/pl\/o-nas\/ekorozwoj\/\" \/>\n<meta property=\"og:site_name\" content=\"PT Creations\" \/>\n<meta property=\"article:modified_time\" content=\"2021-08-18T11:02:28+00:00\" \/>\n<meta property=\"og:image\" content=\"https:\/\/pt-creations.eu\/wp-content\/uploads\/2021\/07\/duurzaamheid.jpg\" \/>\n<meta name=\"twitter:card\" content=\"summary_large_image\" \/>\n<meta name=\"twitter:label1\" content=\"Szacowany czas czytania\" \/>\n\t<meta name=\"twitter:data1\" content=\"1 minuta\" \/>\n<script type=\"application\/ld+json\" class=\"yoast-schema-graph\">{\"@context\":\"https:\/\/schema.org\",\"@graph\":[{\"@type\":\"WebPage\",\"@id\":\"https:\/\/pt-creations.eu\/pl\/o-nas\/ekorozwoj\/\",\"url\":\"https:\/\/pt-creations.eu\/pl\/o-nas\/ekorozwoj\/\",\"name\":\"EKOROZW\u00d3J - PT Creations\",\"isPartOf\":{\"@id\":\"https:\/\/pt-creations.eu\/pl\/#website\"},\"primaryImageOfPage\":{\"@id\":\"https:\/\/pt-creations.eu\/pl\/o-nas\/ekorozwoj\/#primaryimage\"},\"image\":{\"@id\":\"https:\/\/pt-creations.eu\/pl\/o-nas\/ekorozwoj\/#primaryimage\"},\"thumbnailUrl\":\"https:\/\/pt-creations.eu\/wp-content\/uploads\/2021\/07\/duurzaamheid.jpg\",\"datePublished\":\"2021-08-18T10:27:35+00:00\",\"dateModified\":\"2021-08-18T11:02:28+00:00\",\"breadcrumb\":{\"@id\":\"https:\/\/pt-creations.eu\/pl\/o-nas\/ekorozwoj\/#breadcrumb\"},\"inLanguage\":\"pl-PL\",\"potentialAction\":[{\"@type\":\"ReadAction\",\"target\":[\"https:\/\/pt-creations.eu\/pl\/o-nas\/ekorozwoj\/\"]}]},{\"@type\":\"ImageObject\",\"inLanguage\":\"pl-PL\",\"@id\":\"https:\/\/pt-creations.eu\/pl\/o-nas\/ekorozwoj\/#primaryimage\",\"url\":\"https:\/\/pt-creations.eu\/wp-content\/uploads\/2021\/07\/duurzaamheid.jpg\",\"contentUrl\":\"https:\/\/pt-creations.eu\/wp-content\/uploads\/2021\/07\/duurzaamheid.jpg\"},{\"@type\":\"BreadcrumbList\",\"@id\":\"https:\/\/pt-creations.eu\/pl\/o-nas\/ekorozwoj\/#breadcrumb\",\"itemListElement\":[{\"@type\":\"ListItem\",\"position\":1,\"name\":\"Home\",\"item\":\"https:\/\/pt-creations.eu\/pl\/\"},{\"@type\":\"ListItem\",\"position\":2,\"name\":\"O NAS\",\"item\":\"https:\/\/pt-creations.eu\/pl\/o-nas\/\"},{\"@type\":\"ListItem\",\"position\":3,\"name\":\"EKOROZW\u00d3J\"}]},{\"@type\":\"WebSite\",\"@id\":\"https:\/\/pt-creations.eu\/pl\/#website\",\"url\":\"https:\/\/pt-creations.eu\/pl\/\",\"name\":\"PT Creations\",\"description\":\"\",\"potentialAction\":[{\"@type\":\"SearchAction\",\"target\":{\"@type\":\"EntryPoint\",\"urlTemplate\":\"https:\/\/pt-creations.eu\/pl\/?s={search_term_string}\"},\"query-input\":\"required name=search_term_string\"}],\"inLanguage\":\"pl-PL\"}]}<\/script>\n<!-- \/ Yoast SEO plugin. -->","yoast_head_json":{"title":"EKOROZW\u00d3J - PT Creations","robots":{"index":"index","follow":"follow","max-snippet":"max-snippet:-1","max-image-preview":"max-image-preview:large","max-video-preview":"max-video-preview:-1"},"canonical":"https:\/\/pt-creations.eu\/pl\/o-nas\/ekorozwoj\/","og_locale":"pl_PL","og_type":"article","og_title":"EKOROZW\u00d3J - PT Creations","og_description":"Ekorozw\u00f3j Ekorozw\u00f3j &nbsp; Aby zapewni\u0107 nast\u0119pnym pokoleniom zdrowy i czysty \u015bwiat, musimy dba\u0107 o Ziemi\u0119. Poniewa\u017c mamy tego \u015bwiadomo\u015b\u0107, ci\u0105gle pracujemy nad sposobem produkcji kt\u00f3ry w jak najmniejszym stopniu obci\u0105\u017ca \u015brodowisko naturalne. D\u0105\u017cymy do zredukowania naszego w\u0142asnego zu\u017cycia energii do zera przy pomocy: Kogeneracji Paneli s\u0142onecznych O\u015bwietlenia LED Poprzez segregacj\u0119 na 7 strumieni odpad\u00f3w, staramy [&hellip;]","og_url":"https:\/\/pt-creations.eu\/pl\/o-nas\/ekorozwoj\/","og_site_name":"PT Creations","article_modified_time":"2021-08-18T11:02:28+00:00","og_image":[{"url":"https:\/\/pt-creations.eu\/wp-content\/uploads\/2021\/07\/duurzaamheid.jpg"}],"twitter_card":"summary_large_image","twitter_misc":{"Szacowany czas czytania":"1 minuta"},"schema":{"@context":"https:\/\/schema.org","@graph":[{"@type":"WebPage","@id":"https:\/\/pt-creations.eu\/pl\/o-nas\/ekorozwoj\/","url":"https:\/\/pt-creations.eu\/pl\/o-nas\/ekorozwoj\/","name":"EKOROZW\u00d3J - PT Creations","isPartOf":{"@id":"https:\/\/pt-creations.eu\/pl\/#website"},"primaryImageOfPage":{"@id":"https:\/\/pt-creations.eu\/pl\/o-nas\/ekorozwoj\/#primaryimage"},"image":{"@id":"https:\/\/pt-creations.eu\/pl\/o-nas\/ekorozwoj\/#primaryimage"},"thumbnailUrl":"https:\/\/pt-creations.eu\/wp-content\/uploads\/2021\/07\/duurzaamheid.jpg","datePublished":"2021-08-18T10:27:35+00:00","dateModified":"2021-08-18T11:02:28+00:00","breadcrumb":{"@id":"https:\/\/pt-creations.eu\/pl\/o-nas\/ekorozwoj\/#breadcrumb"},"inLanguage":"pl-PL","potentialAction":[{"@type":"ReadAction","target":["https:\/\/pt-creations.eu\/pl\/o-nas\/ekorozwoj\/"]}]},{"@type":"ImageObject","inLanguage":"pl-PL","@id":"https:\/\/pt-creations.eu\/pl\/o-nas\/ekorozwoj\/#primaryimage","url":"https:\/\/pt-creations.eu\/wp-content\/uploads\/2021\/07\/duurzaamheid.jpg","contentUrl":"https:\/\/pt-creations.eu\/wp-content\/uploads\/2021\/07\/duurzaamheid.jpg"},{"@type":"BreadcrumbList","@id":"https:\/\/pt-creations.eu\/pl\/o-nas\/ekorozwoj\/#breadcrumb","itemListElement":[{"@type":"ListItem","position":1,"name":"Home","item":"https:\/\/pt-creations.eu\/pl\/"},{"@type":"ListItem","position":2,"name":"O NAS","item":"https:\/\/pt-creations.eu\/pl\/o-nas\/"},{"@type":"ListItem","position":3,"name":"EKOROZW\u00d3J"}]},{"@type":"WebSite","@id":"https:\/\/pt-creations.eu\/pl\/#website","url":"https:\/\/pt-creations.eu\/pl\/","name":"PT Creations","description":"","potentialAction":[{"@type":"SearchAction","target":{"@type":"EntryPoint","urlTemplate":"https:\/\/pt-creations.eu\/pl\/?s={search_term_string}"},"query-input":"required name=search_term_string"}],"inLanguage":"pl-PL"}]}},"_links":{"self":[{"href":"https:\/\/pt-creations.eu\/pl\/wp-json\/wp\/v2\/pages\/1848","targetHints":{"allow":["GET"]}}],"collection":[{"href":"https:\/\/pt-creations.eu\/pl\/wp-json\/wp\/v2\/pages"}],"about":[{"href":"https:\/\/pt-creations.eu\/pl\/wp-json\/wp\/v2\/types\/page"}],"author":[{"embeddable":true,"href":"https:\/\/pt-creations.eu\/pl\/wp-json\/wp\/v2\/users\/5"}],"replies":[{"embeddable":true,"href":"https:\/\/pt-creations.eu\/pl\/wp-json\/wp\/v2\/comments?post=1848"}],"version-history":[{"count":1,"href":"https:\/\/pt-creations.eu\/pl\/wp-json\/wp\/v2\/pages\/1848\/revisions"}],"predecessor-version":[{"id":1869,"href":"https:\/\/pt-creations.eu\/pl\/wp-json\/wp\/v2\/pages\/1848\/revisions\/1869"}],"up":[{"embeddable":true,"href":"https:\/\/pt-creations.eu\/pl\/wp-json\/wp\/v2\/pages\/1448"}],"wp:attachment":[{"href":"https:\/\/pt-creations.eu\/pl\/wp-json\/wp\/v2\/media?parent=1848"}],"curies":[{"name":"wp","href":"https:\/\/api.w.org\/{rel}","templated":true}]}}